
{"id":136,"date":"2013-04-10T21:05:09","date_gmt":"2013-04-10T21:05:09","guid":{"rendered":"http:\/\/pages.charlotte.edu\/john-reeves\/?page_id=136"},"modified":"2013-09-14T15:53:43","modified_gmt":"2013-09-14T19:53:43","slug":"trajectories-in-near-eastern-apocalyptic","status":"publish","type":"page","link":"http:\/\/pages.charlotte.edu\/john-reeves\/research-projects\/trajectories-in-near-eastern-apocalyptic\/","title":{"rendered":"Trajectories in Near Eastern Apocalyptic"},"content":{"rendered":"<h4>Synopsis and Description<\/h4>\n<p>Modern study of the apocalyptic literature produced by Jewish and Christian religious communities during the Hellenistic and early Roman periods of eastern Mediterranean history oftentimes has spawned the erroneous impression that the heyday of apocalypticism was roughly 200 BCE to 200 CE. Once Judaism and Christianity achieved their respective \u2018classical\u2019 forms, interest in and production of literary apocalypses gradually declined and eventually disappeared. This common perception is in fact gravely wrong\u2014apocalyptic \u2018books\u2019 retained their appeal and enjoyed a considerable vogue, not only among certain circles within Judaism and Christianity but also among a number of distinct biblically based Near Eastern religious traditions, throughout late antiquity and well into the medieval period. Somewhat surprisingly, these later apocalyptic works have been largely ignored both in studies of apocalypticism as a religious phenomenon and in scholarly presentations of the ideological history of apocalyptic literature.<\/p>\n<p>The present project aspires to remedy this unfortunate situation. It has at least three primary foci: (1) the convenient assemblage at a single web-based locale of a representative selection of Jewish, Christian (Syriac), Muslim, and gnostic (non-Coptic) apocalyptic texts emanating from the Near East during late antiquity and the early medieval period; (2) the preparation of textual resources and new English translations, accompanied by brief introductions, scholarly annotation, and commentary; and (3) the synoptic study of these texts both <b>within<\/b> and <b>across<\/b> traditional religious boundaries in order to reconstruct plausible affinities and lines of developmental influence. Of paramount significance at this stage of the investigation will be an exploration of the interreligious history of the interpretation of seminal biblical passages which lie at the root of the apocalyptic enterprise among the various scriptural communities.<\/p>\n<p>The first fruits of the project took the form of a monograph entitled <i>Trajectories in Near Eastern Apocalyptic: A Postrabbinic Jewish Apocalypse Reader<\/i> which appeared in 2005 under the joint imprint of the Society of Biblical Literature and E. J. Brill.\u00a0Future volumes will explore the rich Christian and Muslim apocalyptic traditions in tandem with the Jewish texts.<\/p>\n<h4>A Note on the Translations<\/h4>\n<p>The translations posted on this web site are for the use of students in my Judaica and Bible classes. They are based upon standard accessible print and\/or manuscript resources (these are always indicated); they do not pretend to supply or suggest a \u2018critical edition\u2019 for the text in question. Given the pluriform nature of the manuscript and printed evidence, I am not even sure whether the attainment of a \u2018critical edition\u2019 for most of these texts is even possible. Annotations are copiously supplied in my printed editions of these texts, but they are deliberately suppressed in these web versions in order to maximize the texts\u2019 pedagogical utility.<\/p>\n<p><a href=\"http:\/\/pages.charlotte.edu\/john-reeves\/wp-content\/uploads\/sites\/521\/2013\/04\/preliminary-bibliography-for-near-eastern-apocalyptic1.pdf\">Preliminary Bibliography<\/a><\/p>\n<h4>Jewish Texts<\/h4>\n<p><a href=\"http:\/\/pages.charlotte.edu\/john-reeves\/research-projects\/trajectories-in-near-eastern-apocalyptic\/aggadat-ha-masiah\/\">Aggadat ha-Ma\u0161iah<\/a><br \/>\n<a href=\"http:\/\/pages.charlotte.edu\/john-reeves\/research-projects\/trajectories-in-near-eastern-apocalyptic\/aggadat-r-ishmael\/\">Aggadat R. Ishmael<\/a><br \/>\n<a title=\"Eldad ha-Dani beney Mosheh texts\" href=\"http:\/\/pages.charlotte.edu\/john-reeves\/research-projects\/trajectories-in-near-eastern-apocalyptic\/eldad-ha-dani-beney-mosheh-texts\/\">Eldad ha-Dani <em>beney Mosheh<\/em> texts<\/a><br \/>\n<a href=\"http:\/\/pages.charlotte.edu\/john-reeves\/research-projects\/trajectories-in-near-eastern-apocalyptic\/midrash-wa-yosha-end\/\">Midrash Wa-yosha` (end)<\/a><br \/>\n<a title=\"Nistarot (Secrets of) R. Shimon b. Yohai\" href=\"http:\/\/pages.charlotte.edu\/john-reeves\/research-projects\/trajectories-in-near-eastern-apocalyptic\/nistarot-secrets-of-r-shimon-b-yohai-2\/\">Nistarot (Secrets of) R. Shimon b. Yohai<\/a><br \/>\n<a href=\"http:\/\/pages.charlotte.edu\/john-reeves\/research-projects\/trajectories-in-near-eastern-apocalyptic\/otot-ha-masiah\/\">\u2019Otot ha-Ma\u0161iah<\/a><br \/>\n<a title=\"\u2019Otot of R. Shimon b. Yohai\" href=\"http:\/\/pages.charlotte.edu\/john-reeves\/research-projects\/trajectories-in-near-eastern-apocalyptic\/otot-of-r-shimon-b-yohai\/\">\u2019Otot of R. Shimon b. Yohai<\/a><br \/>\n<a title=\"Pirqe de-R. Eliezer \u00a730 (end)\" href=\"http:\/\/pages.charlotte.edu\/john-reeves\/research-projects\/trajectories-in-near-eastern-apocalyptic\/pirqe-de-r-eliezer-%c2%a730-end\/\">Pirqe de-R. Eliezer \u00a730 (end)<\/a><br \/>\n<a title=\"Pirqe Ma\u0161iah\" href=\"http:\/\/pages.charlotte.edu\/john-reeves\/research-projects\/trajectories-in-near-eastern-apocalyptic\/pirqe-masiah\/\">Pirqe Ma\u0161iah<\/a><br \/>\n<a title=\"Responsum of Hai Gaon on Redemption\" href=\"http:\/\/pages.charlotte.edu\/john-reeves\/research-projects\/trajectories-in-near-eastern-apocalyptic\/responsum-of-hai-gaon-on-redemption\/\">Responsum of Hai Gaon on redemption<\/a><br \/>\nSaadia, <em>Kit\u0101b al-Am\u0101n\u0101t wa&#8217;l-I&#8217;tiq\u0101d\u0101t<\/em> 8.5-6<br \/>\n<a title=\"Sefer Elijah\" href=\"http:\/\/pages.charlotte.edu\/john-reeves\/research-projects\/trajectories-in-near-eastern-apocalyptic\/sefer-elijah\/\">Sefer Elijah<\/a><br \/>\n<a title=\"Sefer Zerubbabel\" href=\"http:\/\/pages.charlotte.edu\/john-reeves\/research-projects\/trajectories-in-near-eastern-apocalyptic\/sefer-zerubbabel\/\">Sefer Zerubbabel<\/a><br \/>\n<a title=\"Tefillat (Prayer of) R. Shimon b. Yohai\" href=\"http:\/\/pages.charlotte.edu\/john-reeves\/research-projects\/trajectories-in-near-eastern-apocalyptic\/tefillat-prayer-of-r-shimon-b-yohai\/\">Tefillat (Prayer of) R. Shimon b. Yohai<\/a><br \/>\n<a title=\"Ten Signs\" href=\"http:\/\/pages.charlotte.edu\/john-reeves\/research-projects\/trajectories-in-near-eastern-apocalyptic\/ten-signs\/\">Ten Signs<\/a><br \/>\n<a title=\"Ten Further Things About the Messianic Days\" href=\"http:\/\/pages.charlotte.edu\/john-reeves\/research-projects\/trajectories-in-near-eastern-apocalyptic\/ten-further-things-about-the-messianic-days\/\">Ten Further Things About the Messianic Days<\/a><br \/>\nVision of Daniel<\/p>\n<h4>Christian Texts (Syriac and Arabic)<\/h4>\n<p>Alexander Legend<br \/>\nApocalypse of Daniel<br \/>\nBahira Legend<br \/>\nEdessene Apocalypse<br \/>\nGospel of the Twelve Apostles<br \/>\nJohn of Fenek, <em>R\u012b\u0161 Mell\u0113<\/em> book XV<br \/>\n<a title=\"Pseudo-Ephrem (Syriac)\" href=\"http:\/\/pages.charlotte.edu\/john-reeves\/research-projects\/trajectories-in-near-eastern-apocalyptic\/pseudo-ephrem-syriac\/\">Pseudo-Ephrem (Syriac)<\/a><br \/>\nPseudo-Methodius<br \/>\nQuestions of Ezra the Scribe<br \/>\n<a title=\"Testament of Adam\" href=\"http:\/\/pages.charlotte.edu\/john-reeves\/research-projects\/trajectories-in-near-eastern-apocalyptic\/testament-of-adam\/\">Testament of Adam<\/a><\/p>\n<h4>Muslim Texts<\/h4>\n<p>Some early traditions about Y\u0101j\u016bj wa-M\u0101j\u016bj<br \/>\nSome early traditions about the Dajj\u0101l<br \/>\nApocalypse of J\u0101bir from <em>Umm al-Kit\u0101b<\/em><br \/>\n<em>Kit\u0101b al-haft wa&#8217;l-&#8216;azilla<\/em> (selections)<\/p>\n<h4>\u2018Gnostic\u2019 Texts<\/h4>\n<p>Mandaean <em>Right Ginz\u0101<\/em> Book 18<br \/>\n<a title=\"Prophecy of Zardusht\" href=\"http:\/\/pages.charlotte.edu\/john-reeves\/research-projects\/trajectories-in-near-eastern-apocalyptic\/prophecy-of-zardusht\/\">Prophecy of Zardusht<\/a><br \/>\nMani&#8217;s <em>Sh\u0101buhrag\u0101n<\/em><\/p>\n","protected":false},"excerpt":{"rendered":"<p>Synopsis and Description Modern study of the apocalyptic literature produced by Jewish and Christian religious communities during the Hellenistic and early Roman periods of eastern Mediterranean history oftentimes has spawned the erroneous impression that the heyday of apocalypticism was roughly 200 BCE to 200 CE. Once Judaism and Christianity achieved their respective \u2018classical\u2019 forms, interest [&hellip;]<\/p>\n","protected":false},"author":454,"featured_media":0,"parent":120,"menu_order":0,"comment_status":"closed","ping_status":"open","template":"","meta":{"jetpack_post_was_ever_published":false,"footnotes":""},"class_list":["post-136","page","type-page","status-publish","hentry"],"jetpack_shortlink":"https:\/\/wp.me\/P3kl1F-2c","jetpack_sharing_enabled":true,"_links":{"self":[{"href":"http:\/\/pages.charlotte.edu\/john-reeves\/wp-json\/wp\/v2\/pages\/136","targetHints":{"allow":["GET"]}}],"collection":[{"href":"http:\/\/pages.charlotte.edu\/john-reeves\/wp-json\/wp\/v2\/pages"}],"about":[{"href":"http:\/\/pages.charlotte.edu\/john-reeves\/wp-json\/wp\/v2\/types\/page"}],"author":[{"embeddable":true,"href":"http:\/\/pages.charlotte.edu\/john-reeves\/wp-json\/wp\/v2\/users\/454"}],"replies":[{"embeddable":true,"href":"http:\/\/pages.charlotte.edu\/john-reeves\/wp-json\/wp\/v2\/comments?post=136"}],"version-history":[{"count":19,"href":"http:\/\/pages.charlotte.edu\/john-reeves\/wp-json\/wp\/v2\/pages\/136\/revisions"}],"predecessor-version":[{"id":1225,"href":"http:\/\/pages.charlotte.edu\/john-reeves\/wp-json\/wp\/v2\/pages\/136\/revisions\/1225"}],"up":[{"embeddable":true,"href":"http:\/\/pages.charlotte.edu\/john-reeves\/wp-json\/wp\/v2\/pages\/120"}],"wp:attachment":[{"href":"http:\/\/pages.charlotte.edu\/john-reeves\/wp-json\/wp\/v2\/media?parent=136"}],"curies":[{"name":"wp","href":"https:\/\/api.w.org\/{rel}","templated":true}]}}