
{"id":9408,"date":"2023-01-08T17:07:51","date_gmt":"2023-01-08T22:07:51","guid":{"rendered":"https:\/\/pages.charlotte.edu\/aaron-toscano\/?page_id=9408"},"modified":"2025-09-12T15:22:19","modified_gmt":"2025-09-12T19:22:19","slug":"engl2116-014spring2023","status":"publish","type":"page","link":"https:\/\/pages.charlotte.edu\/aaron-toscano\/engl2116-014spring2023\/","title":{"rendered":"ENGL 2116-014: Introduction to Technical Communication"},"content":{"rendered":"\n<h2 class=\"wp-block-heading has-text-align-center\"><a href=\"http:\/\/pages.charlotte.edu\/aaron-toscano\/wp-content\/uploads\/sites\/121\/2025\/09\/ENGL2116-014_Spring2023sylONLINE.pdf\" target=\"_blank\" rel=\"noreferrer noopener\"><strong>ENGL 2116 sec. 014 Syllabus<\/strong> (Spring 2023)<\/a><br><strong><a href=\"https:\/\/pages.charlotte.edu\/aaron-toscano\/engl2116-014spring2023\/engl2116spring2023assignments\/\">Assignments<\/a><\/strong><br><strong><a href=\"http:\/\/canvas.charlotte.edu\/\" target=\"_blank\" rel=\"noreferrer noopener\">Canvas\u00a0Access<\/a><\/strong><\/h2>\n\n\n\n<p>January 9th:&nbsp;<strong><a href=\"https:\/\/pages.charlotte.edu\/aaron-toscano\/engl2116-014spring2023\/engl2116january09\/\">Introduction to the Class<\/a><\/strong><br>January 11th:&nbsp;<strong><a href=\"https:\/\/pages.charlotte.edu\/aaron-toscano\/engl2116-014spring2023\/engl2116january11\/\">More introduction to the Class<\/a><\/strong><br>                      Read Isaac Asimov&#8217;s &#8220;Cult of Ignorance&#8221; on <strong><a href=\"https:\/\/canvas.charlotte.edu\/\" target=\"_blank\" rel=\"noreferrer noopener\">Canvas<\/a><\/strong><\/p>\n\n\n\n<p>January 16th: <strong>Martin Luther King, Jr. Day&#8211;No assignments or readings<\/strong><br>January 18th: <strong><a href=\"https:\/\/pages.charlotte.edu\/aaron-toscano\/engl2116-014spring2023\/engl2116january18\/\">Audience &amp; Purpose<\/a><\/strong><\/p>\n\n\n\n<p>January 23rd: <a href=\"https:\/\/pages.charlotte.edu\/aaron-toscano\/engl2116-014spring2023\/engl2116january23\/\"><strong>R\u00e9sum\u00e9s and Cover Letters<\/strong><\/a><br>January 25th: <strong><a href=\"https:\/\/pages.charlotte.edu\/aaron-toscano\/engl2116-014spring2023\/engl2116january25\/\">More on R\u00e9sum\u00e9s and Cover Letters<\/a><\/strong><\/p>\n\n\n\n<p>January 30th: <strong><a href=\"https:\/\/pages.charlotte.edu\/aaron-toscano\/engl2116-014spring2023\/engl2116january30\/\">Achieving a Readable Style<\/a><\/strong><br>February 1st: <strong><a href=\"https:\/\/pages.charlotte.edu\/aaron-toscano\/engl2116-014spring2023\/engl2116february01\/\">Reflection on Workplace Messages<\/a><\/strong><br><strong>R\u00e9sum\u00e9s and Cover Letters DUE<\/strong><\/p>\n\n\n\n<p>February 6th: <strong><a href=\"https:\/\/pages.charlotte.edu\/aaron-toscano\/engl2116-014spring2023\/engl2116february06\/\">Plain Language<\/a><\/strong><br>February 8th: More Lessons on Plain Language <strong>(No new page&#8211;same as 2\/6)<\/strong><\/p>\n\n\n\n<p>February 13th: <strong><a href=\"https:\/\/pages.charlotte.edu\/aaron-toscano\/engl2116-014spring2023\/engl2116february13\/\">Introduction to User Design<\/a><\/strong><br>February 15th: <a href=\"https:\/\/pages.charlotte.edu\/aaron-toscano\/engl2116-014spring2023\/engl2116february15\/\"><strong>Instructions for Users<\/strong><\/a><br><strong>Prose Revision Assignment DUE<\/strong><\/p>\n\n\n\n<p>February 20th: <a href=\"https:\/\/pages.charlotte.edu\/aaron-toscano\/engl2116-014spring2023\/engl2116february20\/\"><strong>The Rhetoric of Technology<\/strong><\/a><br>February 22nd: <strong><a href=\"https:\/\/pages.charlotte.edu\/aaron-toscano\/engl2116-014spring2023\/engl2116february22\/\">Social Constructions of Technology<\/a><\/strong><br><strong>Set of Instructions DUE<\/strong><\/p>\n\n\n\n<p><strong>Feb 27<sup>th <\/sup>\u2014March 5<sup>th<\/sup>: Spring Break<\/strong><\/p>\n\n\n\n<p>March 6th: <strong>Midterm Exam&#8211;On Canvas<\/strong><br>March 8th: <strong>Midterm Exam&#8211;On Canvas<\/strong> <strong><span style=\"color: #ff0000\">***DUE 03\/08 at 11:00pm***<\/span><\/strong><\/p>\n\n\n\n<p>March 13th: <strong><a href=\"https:\/\/pages.charlotte.edu\/aaron-toscano\/engl2116-014spring2023\/engl2116march13\/\">Introduction to Information Design<\/a><\/strong><br>March 15th: <strong><a href=\"https:\/\/pages.charlotte.edu\/aaron-toscano\/engl2116-014spring2023\/engl2116march15\/\">More on Information Design<\/a><\/strong><\/p>\n\n\n\n<p>March 20th: <a href=\"https:\/\/pages.charlotte.edu\/aaron-toscano\/engl2116-014spring2023\/engl2116march20\/\"><strong>Reporting Technical Information<\/strong><\/a><br>March 22nd: <strong>Read <em>I, Robot<\/em> for next week<\/strong> (no new page)<\/p>\n\n\n\n<p>March 27th: <strong><a href=\"https:\/\/pages.charlotte.edu\/aaron-toscano\/engl2116-014spring2023\/engl2116march27\/\">The Great <em>I, Robot<\/em> Analysis<\/a><\/strong><br>March 29th: <strong>More on <em>I, Robot<\/em><\/strong> (same as March 27th&#8217;s page)<br>                    <strong><em>I, Robot<\/em> Essays <span style=\"color: #ff0000\">DUE on Canvas (3\/31)<\/span><\/strong><\/p>\n\n\n\n<p>April 3rd: <a href=\"https:\/\/pages.charlotte.edu\/aaron-toscano\/engl2116-014spring2023\/engl2116april03\/\"><strong>Research Fun<\/strong><\/a><br>April 5th: <strong><a href=\"https:\/\/pages.charlotte.edu\/aaron-toscano\/engl2116-014spring2023\/engl2116april05\/\">More Research Fun<\/a><\/strong><\/p>\n\n\n\n<p>April 10th: <strong><a href=\"https:\/\/pages.charlotte.edu\/aaron-toscano\/engl2116-014spring2023\/engl2116april10\/\" target=\"_blank\" rel=\"noreferrer noopener\">Analyzing Ethics<\/a><\/strong><br>April 12th: <strong><a href=\"https:\/\/pages.charlotte.edu\/aaron-toscano\/engl2116-014spring2023\/engl2116april12\/\" target=\"_blank\" rel=\"noreferrer noopener\">Writing Ethically<\/a><\/strong><\/p>\n\n\n\n<p>April 17th: <strong><a href=\"https:\/\/pages.charlotte.edu\/aaron-toscano\/engl2116-014spring2023\/engl2116april17\/\">Ethics Continued<\/a><\/strong><br>                  Read Darrel Huff&#8217;s &#8220;How to Lie with Statistics&#8221; on <a rel=\"noreferrer noopener\" href=\"http:\/\/canvas.charlotte.edu\/\" target=\"_blank\"><strong>Canvas<\/strong><\/a><br>April 19th: <strong><a href=\"https:\/\/pages.charlotte.edu\/aaron-toscano\/engl2116-014spring2023\/engl2116april19\/\">More on ethics in writing and professional contexts<\/a><\/strong><br>                  <strong><span style=\"background-color:yellow\">Ethical Dilemmas DUE on <a rel=\"noreferrer noopener\" href=\"http:\/\/canvas.charlotte.edu\/\" target=\"_blank\">Canvas<\/a> by Friday, 4\/21<\/span><\/strong>&#8211;new due date<\/p>\n\n\n\n<p>April 24th: <strong><a href=\"https:\/\/pages.charlotte.edu\/aaron-toscano\/engl2116-014spring2023\/engl2116april24\/\">Mastering Oral Presentations<\/a><\/strong><br>April 26th: <strong>Proposal, Visual, and Annotated Bibliography DUE<\/strong><\/p>\n\n\n\n<p>May 1st: <strong><a href=\"https:\/\/pages.charlotte.edu\/aaron-toscano\/engl2116-014spring2023\/engl2116may01\/\">Final Portfolios Due on Canvas<\/a><\/strong>&#8211;last webpage of the semester<br>May 3rd: <strong>Final Presentations Due on Canvas<\/strong><\/p>\n\n\n\n<p>May 11th: <strong>Final Exam on <a href=\"http:\/\/canvas.charlotte.edu\/\" target=\"_blank\" rel=\"noreferrer noopener\">Canvas<\/a><\/strong><\/p>\n","protected":false},"excerpt":{"rendered":"<p>ENGL 2116 sec. 014 Syllabus (Spring 2023)AssignmentsCanvas\u00a0Access January 9th:&nbsp;Introduction to the ClassJanuary 11th:&nbsp;More introduction to the Class Read Isaac Asimov&#8217;s &#8220;Cult of Ignorance&#8221; on Canvas January 16th: Martin Luther King, Jr. Day&#8211;No assignments or readingsJanuary 18th: Audience &amp; Purpose January 23rd: R\u00e9sum\u00e9s and Cover LettersJanuary 25th: More on R\u00e9sum\u00e9s and Cover Letters January 30th: Achieving [&hellip;]<\/p>\n","protected":false},"author":598,"featured_media":0,"parent":0,"menu_order":0,"comment_status":"closed","ping_status":"closed","template":"","meta":{"jetpack_post_was_ever_published":false,"footnotes":""},"class_list":["post-9408","page","type-page","status-publish","hentry"],"jetpack_shortlink":"https:\/\/wp.me\/P2HAOx-2rK","jetpack_sharing_enabled":true,"_links":{"self":[{"href":"https:\/\/pages.charlotte.edu\/aaron-toscano\/wp-json\/wp\/v2\/pages\/9408","targetHints":{"allow":["GET"]}}],"collection":[{"href":"https:\/\/pages.charlotte.edu\/aaron-toscano\/wp-json\/wp\/v2\/pages"}],"about":[{"href":"https:\/\/pages.charlotte.edu\/aaron-toscano\/wp-json\/wp\/v2\/types\/page"}],"author":[{"embeddable":true,"href":"https:\/\/pages.charlotte.edu\/aaron-toscano\/wp-json\/wp\/v2\/users\/598"}],"replies":[{"embeddable":true,"href":"https:\/\/pages.charlotte.edu\/aaron-toscano\/wp-json\/wp\/v2\/comments?post=9408"}],"version-history":[{"count":33,"href":"https:\/\/pages.charlotte.edu\/aaron-toscano\/wp-json\/wp\/v2\/pages\/9408\/revisions"}],"predecessor-version":[{"id":11984,"href":"https:\/\/pages.charlotte.edu\/aaron-toscano\/wp-json\/wp\/v2\/pages\/9408\/revisions\/11984"}],"wp:attachment":[{"href":"https:\/\/pages.charlotte.edu\/aaron-toscano\/wp-json\/wp\/v2\/media?parent=9408"}],"curies":[{"name":"wp","href":"https:\/\/api.w.org\/{rel}","templated":true}]}}