
{"id":9496,"date":"2023-01-22T13:07:47","date_gmt":"2023-01-22T18:07:47","guid":{"rendered":"https:\/\/pages.charlotte.edu\/aaron-toscano\/?page_id=9496"},"modified":"2023-01-22T13:24:40","modified_gmt":"2023-01-22T18:24:40","slug":"engl2116january23","status":"publish","type":"page","link":"https:\/\/pages.charlotte.edu\/aaron-toscano\/engl2116-014spring2023\/engl2116january23\/","title":{"rendered":"January 23rd: R\u00e9sum\u00e9s and Cover Letters"},"content":{"rendered":"\n<h3 class=\"wp-block-heading\">Cover Letter and R\u00e9sum\u00e9 Requirements (DUE February 1st)<\/h3>\n\n\n\n<p><strong>Disclaimer<\/strong>: You will have a r\u00e9sum\u00e9 and cover letter to do. Many of you are thinking, &#8220;no problem, I did this in another class&#8221;; or you might be thinking, &#8220;I already have a r\u00e9sum\u00e9 that got me a job.&#8221; Please don&#8217;t ignore the discussion  and guidelines I have for r\u00e9sum\u00e9s and cover letters. I&#8217;ll be commenting on these not as the hiring manager but as an English professor who wants to read that you have consider the appropriate attributes about yourself to describe to a potential employer.<\/p>\n\n\n\n<p>Create cover letters and r\u00e9sum\u00e9s that reflect a job you want or aspire towards. The most useful cover letters and r\u00e9sum\u00e9s are not directed just towards the <em>ideal<\/em> audience, but with the <em>ideal<\/em> purpose&#8211;showing you&#8217;re the <em>ideal<\/em> candidate.<\/p>\n\n\n\n<p>Convince the audience that you&#8217;re the <em>ideal<\/em> candidate for the position by making an argument for your being hired that&#8217;s backed up with your experience.<\/p>\n\n\n\n<p>Please look at the following r\u00e9sum\u00e9 examples and critique them based on your readings for today:<\/p>\n\n\n\n<h4 class=\"wp-block-heading\">R\u00e9sum\u00e9 Examples<\/h4>\n\n\n\n<p>Review the following examples. The <strong><em>Better<\/em><\/strong> and <strong><em>Alternative<\/em><\/strong> ones have colored text and highlighting to draw your attention. Consider the relevance and appropriateness of these additions.<\/p>\n\n\n\n<ul class=\"wp-block-list\">\n<li><strong><a href=\"http:\/\/webpages.uncc.edu\/atoscano\/resumes\/jenkins.htm\">Bad<\/a><\/strong><\/li>\n\n\n\n<li><strong><a href=\"http:\/\/webpages.uncc.edu\/atoscano\/resumes\/betterjenkinsresume.htm\">Better<\/a><\/strong><\/li>\n\n\n\n<li><strong><a href=\"http:\/\/webpages.uncc.edu\/atoscano\/resumes\/alternativejenkinsresume.htm\">Alternative<\/a><\/strong> (remember, the <em>alternative<\/em> is useful if you need more space)<\/li>\n<\/ul>\n\n\n\n<p>Here\u2019s a link to<a href=\"https:\/\/pages.charlotte.edu\/aaron-toscano\/engl2116-014spring2023\/engl2116january23\/peterprofitcoverletter\/\"> <strong>Peter Profit\u2019s cover letter<\/strong><\/a>.<\/p>\n\n\n\n<p><strong>Some Questions<\/strong><\/p>\n\n\n\n<ul class=\"wp-block-list\">\n<li>What&#8217;s the purpose of a cover letter?<\/li>\n\n\n\n<li>What&#8217;s the purpose of a r\u00e9sum\u00e9?<\/li>\n\n\n\n<li>How does one show they are the ideal candidate?<\/li>\n<\/ul>\n\n\n\n<p>Remember, you should aim to <strong>show<\/strong> and <strong>not tell<\/strong> in your cover letters and, where possible, in your r\u00e9sum\u00e9s. The above questions, especially the third one, are for you to ask yourself before you describe yourself as the ideal candidate for a position. What makes you qualified? How can you distinguish yourself? After all, if you&#8217;re applying for a job in network security and claim you have an IT-related degree and took classes on network security, that might not be enough to distinguish yourself from the many others who are also applying.<\/p>\n\n\n\n<p><strong><a href=\"https:\/\/pages.charlotte.edu\/aaron-toscano\/engl2116-014spring2023\/engl2116january23\/duties\/\">Let&#8217;s focus on r\u00e9sum\u00e9 duties<\/a><\/strong> and proper cover letter format. Use the cover letter example from our textbook as you model for your cover letter (See p. 340 in Tebeaux &amp; Dragga: <strong>Figure 12-1 Complete Letter of Application<\/strong>). The proper way to convey a duty is with a simple verb:<\/p>\n\n\n\n<ul class=\"wp-block-list\">\n<li><strong>Preferred:<\/strong> Edited manuscripts as an Assistant Editor<\/li>\n\n\n\n<li><strong>Preferred:<\/strong> Analyzed various data sets to determine the most appropriate plan<\/li>\n\n\n\n<li><strong>Not Appropriate:<\/strong> I review other&#8217;s work, and I ensure it complies with branding expectations.<\/li>\n<\/ul>\n\n\n\n<h3 class=\"wp-block-heading\"><strong>A Brief Story<\/strong><\/h3>\n\n\n\n<p>Long ago in the last century I was working in litigation support as a document analyst. I got upgraded to a CD burner for the first month of the second summer I worked at this job because I knew how to burn CDs. While my buddies were getting carpel tunnel entering data (a rather tedious job), I was surfing the net while creating CDs that would go to the client, the prosecution, and us. A friend of mine at the job remarked, &#8220;a monkey could do your job.&#8221;<\/p>\n\n\n\n<p>Well, anyway, I got promoted again, so they needed someone to take over. We hired a monkey, and I wrote up a manual and then trained him&#8230;this was the beginning of my career as a teacher.<\/p>\n\n\n\n<p>I put together a webpage that lists jobs and job descriptions in technical writing. Most are in IT companies, but some are in other areas. This selection was just a google search (done many years ago), so I have no statistical basis for claiming that it is representative of the total population of technical writing jobs. However, based on my observations over the last decade, I think two jobs stand out as exemplary Tech Writing jobs:<\/p>\n\n\n\n<p>Consider opening these in different tabs, so you can more easily compare them.<\/p>\n\n\n\n<ul class=\"wp-block-list\">\n<li><strong><a href=\"http:\/\/pages.uncc.edu\/aaron-toscano\/home\/techwriterculture\/#BAEsystems\" target=\"_blank\" rel=\"noreferrer noopener\">The tech writer in a consulting firm<\/a><\/strong><\/li>\n\n\n\n<li><strong><a href=\"http:\/\/pages.uncc.edu\/aaron-toscano\/home\/techwriterculture\/#Intuit\" target=\"_blank\" rel=\"noreferrer noopener\">The tech writer in an IT firm<\/a><\/strong><\/li>\n<\/ul>\n\n\n\n<p>The <strong><a href=\"http:\/\/webpages.uncc.edu\/atoscano\/TechnicalWritingJobPosts.html\" target=\"_blank\" rel=\"noreferrer noopener\">entire list is here<\/a><\/strong>, and I have <strong><a href=\"http:\/\/webpages.uncc.edu\/atoscano\/SampleTechWritingJobs.html\" target=\"_blank\" rel=\"noreferrer noopener\">another shorter page here<\/a><\/strong>. I keep meaning to add to these, but I don&#8217;t get many job lists coming my way&#8230;I hope that&#8217;s not a sign of the times. I&#8217;ll try to add to these in the future.<\/p>\n\n\n\n<p>Notice the contractual\/temporary vs salaried\/permanent positions. Also, notice the skills required for the positions. The list is for reference and class discussion, so don&#8217;t worry about job details showing up on an exam or quiz.<\/p>\n\n\n\n<h3 class=\"wp-block-heading\"><strong>Keeping Up<\/strong><\/h3>\n\n\n\n<p>Keep up with the reading. Your <strong>Weekly Discussion Post<\/strong> is due Thursday, 1\/26, 11:00 pm.<\/p>\n\n\n\n<p class=\"has-text-align-center\"><strong>Your Cover Letters and R\u00e9sum\u00e9s, which are portfolio assignments, are<br>due on Wednesday (2\/01).<\/strong><\/p>\n","protected":false},"excerpt":{"rendered":"<p>Cover Letter and R\u00e9sum\u00e9 Requirements (DUE February 1st) Disclaimer: You will have a r\u00e9sum\u00e9 and cover letter to do. Many of you are thinking, &#8220;no problem, I did this in another class&#8221;; or you might be thinking, &#8220;I already have a r\u00e9sum\u00e9 that got me a job.&#8221; Please don&#8217;t ignore the discussion and guidelines I [&hellip;]<\/p>\n","protected":false},"author":598,"featured_media":0,"parent":9408,"menu_order":0,"comment_status":"closed","ping_status":"closed","template":"","meta":{"jetpack_post_was_ever_published":false,"footnotes":""},"class_list":["post-9496","page","type-page","status-publish","hentry"],"jetpack_shortlink":"https:\/\/wp.me\/P2HAOx-2ta","jetpack_sharing_enabled":true,"_links":{"self":[{"href":"https:\/\/pages.charlotte.edu\/aaron-toscano\/wp-json\/wp\/v2\/pages\/9496","targetHints":{"allow":["GET"]}}],"collection":[{"href":"https:\/\/pages.charlotte.edu\/aaron-toscano\/wp-json\/wp\/v2\/pages"}],"about":[{"href":"https:\/\/pages.charlotte.edu\/aaron-toscano\/wp-json\/wp\/v2\/types\/page"}],"author":[{"embeddable":true,"href":"https:\/\/pages.charlotte.edu\/aaron-toscano\/wp-json\/wp\/v2\/users\/598"}],"replies":[{"embeddable":true,"href":"https:\/\/pages.charlotte.edu\/aaron-toscano\/wp-json\/wp\/v2\/comments?post=9496"}],"version-history":[{"count":4,"href":"https:\/\/pages.charlotte.edu\/aaron-toscano\/wp-json\/wp\/v2\/pages\/9496\/revisions"}],"predecessor-version":[{"id":9505,"href":"https:\/\/pages.charlotte.edu\/aaron-toscano\/wp-json\/wp\/v2\/pages\/9496\/revisions\/9505"}],"up":[{"embeddable":true,"href":"https:\/\/pages.charlotte.edu\/aaron-toscano\/wp-json\/wp\/v2\/pages\/9408"}],"wp:attachment":[{"href":"https:\/\/pages.charlotte.edu\/aaron-toscano\/wp-json\/wp\/v2\/media?parent=9496"}],"curies":[{"name":"wp","href":"https:\/\/api.w.org\/{rel}","templated":true}]}}