
{"id":41,"date":"2013-03-08T15:55:21","date_gmt":"2013-03-08T15:55:21","guid":{"rendered":"http:\/\/pages.charlotte.edu\/allison-stedman\/?page_id=41"},"modified":"2024-10-17T15:24:40","modified_gmt":"2024-10-17T15:24:40","slug":"publications","status":"publish","type":"page","link":"https:\/\/pages.charlotte.edu\/allison-stedman\/publications\/","title":{"rendered":"Publications"},"content":{"rendered":"<h3><b>BOOKS<\/b><\/h3>\n<h4><b><i>In Progress<\/i><\/b><\/h4>\n<p>6.<b><b><span style=\"text-decoration: underline\">Imagining and Forgetting: The Mind-Body Connection in Early Modern France (1530-1750)<\/span>\u00a0<\/b><\/b>Project funded by a grant from the American Philosophical Society and by a full-year faculty fellowship from the National Endowment for the Humanities<\/p>\n<h4><b><i>In Print<\/i><\/b><\/h4>\n<p>5. <span style=\"text-decoration: underline\"><strong>H<\/strong><strong>enriette-Julie d<\/strong><b>e Castelnau comtesse de Murat. Les Lutins du Kernosy<\/b><b>.<\/b><\/span><span style=\"font-weight: 400\"> Critical Edition by Allison Stedman and Perry Gethner. \u00a0Paris: \u00a0Classiques Garnier, 2024.<\/span><\/p>\n<p>4. <span style=\"text-decoration: underline\"><strong>Henriette-Julie<\/strong><b> de Castelnau comtesse de Murat. The Sprites of Kernosy Castle<\/b><b>.<\/b><\/span><span style=\"font-weight: 400\"> Edited and Translated by Allison Stedman and Perry Gethner. \u00a0Toronto: \u00a0Iter Press, 2024. (Distributed by University of Chicago Press)<\/span><\/p>\n<p>3.\u00a0 <span style=\"text-decoration: underline\"><strong>Henriette-Julie<\/strong><b> de Castelnau comtesse de Murat. Voyage de campagne<\/b><b>.<\/b><\/span><span style=\"font-weight: 400\"> Critical Edition by Allison Stedman. \u00a0Rennes: \u00a0Presses Universitaires de Rennes, 2014.<\/span><\/p>\n<p>2.\u00a0 <span style=\"text-decoration: underline\"><strong>Rococo<\/strong><b> Fiction in France, 1600-1715: Seditious Frivolity<\/b><b>.<\/b><\/span><span style=\"font-weight: 400\"> Lewisburg, PA: Bucknell UP, hardcover 2013, paperback 2014. <\/span><b><i>Winner \u201cOutstanding Academic Title 2013\u201d by Choice Book Awards. \u00a0\u00a0<\/i><\/b><b><i><\/i><\/b><\/p>\n<p>1.\u00a0 <span style=\"text-decoration: underline\"><strong>A Trip to the Country: by Henriette-Julie de Castelnau, Comtesse de Murat<\/strong><\/span><span style=\"font-weight: 400\">. Intro. Allison Stedman, Ed. and Trans. Perry Gethner and Allison Stedman. \u00a0Detroit MI: \u00a0Wayne State University Press, 2011.<\/span><\/p>\n<h3><b>ARTICLES AND BOOK CHAPTERS<\/b><\/h3>\n<h4><b><i>Forthcoming<\/i><\/b><\/h4>\n<ol start=\"21\">\n<li><span style=\"font-weight: 400\"> Book Chapter: <\/span><\/li>\n<\/ol>\n<p><b>\u201cStigmata and the Mind-Body Connection in Seventeenth-Century France,\u201d<\/b><span style=\"font-weight: 400\"> in <\/span><i><span style=\"font-weight: 400\">Body Marking in the Early Modern Period<\/span><\/i><span style=\"font-weight: 400\">, Eds. Katherine Dauge-Roth and Peter Erikson. \u00a0London: Palgrave Macmillan,\u00a0 2018.\u00a0\u00a0<\/span><\/p>\n<ol start=\"20\">\n<li><span style=\"font-weight: 400\"> \u00a0Journal Article: <\/span><\/li>\n<\/ol>\n<p><b>\u201cL\u2019oeuvre collective et la transformation de la sph\u00e8re publique en France pendant la deuxi\u00e8me moiti\u00e9 du 17\u00e8me si\u00e8cle.\u201d<\/b> <i><span style=\"font-weight: 400\">Cornucopia<\/span><\/i><span style=\"font-weight: 400\">, publication expected 2017-18.<\/span><\/p>\n<ol start=\"19\">\n<li><span style=\"font-weight: 400\"> Reference Article: <\/span><\/li>\n<\/ol>\n<p><b>\u201c<\/b><b><i>The Amours of Bonne Sforza, Queen of Polonia<\/i><\/b><b>.\u201d<\/b><span style=\"font-weight: 400\"> Co-authored with Eileen Jakeway. In <\/span><span style=\"font-weight: 400\"><span style=\"text-decoration: underline\">The Cambridge Guide to the Eighteenth-Century Novel,<\/span> 1660-1820.<\/span><span style=\"font-weight: 400\"> Ed. April London. \u00a0Cambridge, UK: Cambridge University Press, publication expected 2017-18.\u00a0\u00a0<\/span><\/p>\n<ol start=\"18\">\n<li><span style=\"font-weight: 400\"> Reference Article: <\/span><\/li>\n<\/ol>\n<p><b>\u201cJean de Pr\u00e9chac\u2019s <\/b><b><i>The Chaste Seraglian; or, Yolanda of Sicily<\/i><\/b><b>.\u201d<\/b><span style=\"font-weight: 400\"> Co-authored with Eileen Jakeway. In <\/span><span style=\"font-weight: 400\"><span style=\"text-decoration: underline\">The Cambridge Guide to the Eighteenth-Century Novel<\/span>, 1660-1820.<\/span><span style=\"font-weight: 400\"> Ed. April London. \u00a0Cambridge, <\/span> <span style=\"font-weight: 400\">UK: Cambridge University Press, publication expected 2017-18.\u00a0\u00a0<\/span><\/p>\n<ol start=\"17\">\n<li><span style=\"font-weight: 400\"> Reference Article: <\/span><\/li>\n<\/ol>\n<p><b>\u201cJean de Pr\u00e9chac\u2019s <\/b><b><i>The English Princess<\/i><\/b><b>.\u201d<\/b><span style=\"font-weight: 400\"> Co-authored with Eileen Jakeway. In <\/span><span style=\"font-weight: 400\"><span style=\"text-decoration: underline\">The Cambridge Guide to the Eighteenth-Century Novel<\/span>, 1660-1820.<\/span><span style=\"font-weight: 400\"> Ed. April London. \u00a0Cambridge, UK: Cambridge University Press, publication expected 2017-18.\u00a0\u00a0<\/span><\/p>\n<ol start=\"16\">\n<li><span style=\"font-weight: 400\"> Book Chapter: <\/span><\/li>\n<\/ol>\n<p><b>\u201cPerspectives on the Civilizing Process: Teaching French and Italian Fairy Tales in Translation.\u201d<\/b><span style=\"font-weight: 400\"> In <\/span><span style=\"text-decoration: underline\"><span style=\"font-weight: 400\">Teaching Fairy Tales.<\/span><\/span><span style=\"font-weight: 400\"> Ed. Nancy L. Canepa. Detroit, MI: \u00a0Wayne State University Press, forthcoming <\/span> <span style=\"font-weight: 400\">2017. \u00a0<\/span><\/p>\n<h4><b><i>In Print<\/i><\/b><\/h4>\n<ol start=\"15\">\n<li><span style=\"font-weight: 400\"> Journal Article: \u00a0<\/span><\/li>\n<\/ol>\n<p><b>\u201cProspettive sul processo di civilizzazione.\u201d<\/b><span style=\"font-weight: 400\">\u00a0<\/span><i><span style=\"font-weight: 400\">Line@editoriale<\/span><\/i><span style=\"font-weight: 400\">\u00a0[En ligne], N\u00b0 008 &#8211; 2016, Varia, mis \u00e0 jour le : 16\/09\/2017, URL : http:\/\/revues.univ-tlse2.fr\/pum\/lineaeditoriale\/index.php?id=844.<\/span><\/p>\n<ol start=\"14\">\n<li><span style=\"font-weight: 400\"> Book Chapter: <\/span><\/li>\n<\/ol>\n<p><b>\u201cSecret History in Pre-Revolutionary France.\u201d<\/b><span style=\"font-weight: 400\"> In <\/span><span style=\"text-decoration: underline\"><span style=\"font-weight: 400\">Secret History in the Long Eighteenth Century<\/span><\/span><span style=\"font-weight: 400\">. \u00a0<\/span> <span style=\"font-weight: 400\">Ed. Rachel Carnell and Rebecca Bullard (Cambridge, UK: \u00a0Cambridge University Press, 2017) 205-15.\u00a0\u00a0<\/span><\/p>\n<ol start=\"13\">\n<li><span style=\"font-weight: 400\"> Reference Article: <\/span><\/li>\n<\/ol>\n<p><b>\u201cCharles Perrault\u2019s <\/b><b><i>Histoires et contes du temps pass\u00e9 [Stories and Tales from Times Past]<\/i><\/b><b>.\u201d<\/b> <span style=\"font-weight: 400\"><span style=\"text-decoration: underline\">The Literary Encyclopedia<\/span>.<\/span><span style=\"font-weight: 400\"> \u00a0Ed. Robert Clark and Cristina Sandru. WEB, 2015. \u00a0<\/span> <span style=\"font-weight: 400\"><a href=\"http:\/\/www.litencyc.com\/php\/sworks.php?rec=true&amp;UID=4739\">http:\/\/www.litencyc.com\/php\/sworks.php?rec=true&amp;UID=4739<\/a><\/span><\/p>\n<ol start=\"12\">\n<li><span style=\"font-weight: 400\"> Reference Article:<\/span><\/li>\n<\/ol>\n<p><b>\u201cMarie-Catherine le Jumel de Barneville, comtesse d\u2019Aulnoy.\u201d<\/b> <span style=\"text-decoration: underline\"><span style=\"font-weight: 400\">The Literary Encyclopedia<\/span><\/span><span style=\"font-weight: 400\">. <\/span><i><span style=\"font-weight: 400\">\u00a0<\/span><\/i><span style=\"font-weight: 400\">Ed. Robert Clark and Cristina Sandru. WEB, 2015. \u00a0<\/span> <a href=\"http:\/\/www.litencyc.com\/php\/speople.php?rec=true&amp;UID=12711\"><span style=\"font-weight: 400\">http:\/\/www.litencyc.com\/php\/speople.php?rec=true&amp;UID=12711<\/span><\/a><span style=\"font-weight: 400\">.\u00a0\u00a0<\/span><\/p>\n<ol start=\"11\">\n<li><span style=\"font-weight: 400\"> Journal article: \u00a0<\/span><\/li>\n<\/ol>\n<p><b>\u201cLafayette Rewrites History, Murat Rewrites Lafayette: the Novel and the Transfiguration of the Social Sphere in Old-Regime France.\u201d <\/b><span style=\"text-decoration: underline\"><span style=\"font-weight: 400\">Cahiers du dix-septi\u00e8me: An Interdisciplinary Journal<\/span><\/span><span style=\"font-weight: 400\"> XIV (2012) 1-21.<\/span><\/p>\n<ol start=\"10\">\n<li><span style=\"font-weight: 400\"> Book Chapter:<\/span><b> \u00a0<\/b><\/li>\n<\/ol>\n<p><b>\u201c \u2018The Savage\u2019 by Henriette-Julie de Castelnau, comtesse de Murat,\u201d <\/b><span style=\"font-weight: 400\">trans. Allison Stedman, in <\/span><span style=\"text-decoration: underline\"><span style=\"font-weight: 400\">Marvelous Transformations: \u00a0An Anthology of Tales and New Critical Perspectives<\/span><\/span><span style=\"font-weight: 400\">, Ed. Christine Jones and Jennifer Shacker (Ontario: Broadview, 2012) 201-18.<\/span><\/p>\n<ol start=\"9\">\n<li><span style=\"font-weight: 400\"> \u00a0Book Chapter: \u00a0<\/span><\/li>\n<\/ol>\n<p><b> \u201cJean Racine, Marie-Jeanne Lh\u00e9ritier de Villandon, and Charles Perrault: \u00a0A Revised Triumvirate,\u201d <\/b><span style=\"font-weight: 400\">in <\/span><span style=\"text-decoration: underline\"><span style=\"font-weight: 400\">Options for Teaching 17<\/span><span style=\"font-weight: 400\">th<\/span><span style=\"font-weight: 400\"> and 18<\/span><span style=\"font-weight: 400\">th<\/span><span style=\"font-weight: 400\">-Century French Women Writers<\/span><\/span><span style=\"font-weight: 400\">. \u00a0(New York: Modern Languages Association of America, 2011) 101-8.\u00a0\u00a0<\/span><\/p>\n<ol start=\"8\">\n<li><span style=\"font-weight: 400\"> \u00a0Journal Article: \u00a0<\/span><\/li>\n<\/ol>\n<p><b>\u201cProlepic Subversion: Longing for the Middle Ages in the Fin-de-si\u00e8cle French Fairy Tale.\u201d<\/b> <span style=\"text-decoration: underline\"><span style=\"font-weight: 400\">The Romanic Review<\/span><\/span><span style=\"font-weight: 400\"> 99:2 (2008) 369-86<\/span><span style=\"font-weight: 400\">.\u00a0\u00a0<\/span><\/p>\n<ol start=\"7\">\n<li><span style=\"font-weight: 400\"> \u00a0Journal Article: <\/span><\/li>\n<\/ol>\n<p><b>\u201cTeaching the Interdisciplinary Seventeenth-Century to Undergraduates: A Literary Historian\u2019s Perspective,\u201d<\/b> <span style=\"text-decoration: underline\"><span style=\"font-weight: 400\">Cahiers du dix-septi\u00e8me: An Interdisciplinary Journal<\/span><\/span><span style=\"font-weight: 400\"> XI: 1 (2006) 103-122<\/span><span style=\"font-weight: 400\">.<\/span><\/p>\n<ol start=\"6\">\n<li><span style=\"font-weight: 400\"> \u00a0Reference Article<\/span><b>: \u00a0<\/b><\/li>\n<\/ol>\n<p><b>\u201cMarie-Jeanne Lh\u00e9ritier de <\/b><b>Villandon,\u201d<\/b><span style=\"text-decoration: underline\"><span style=\"font-weight: 400\"> Dictionnaire des femmes de l\u2019Ancienne France \u00a0(Paris: \u00a0SIEFAR, 2006) <\/span><\/span><a href=\"http:\/\/www.siefar.org\/DicoAc.html\"><span style=\"font-weight: 400\">http:\/\/www.siefar.org\/DicoAc.html<\/span><\/a><span style=\"font-weight: 400\">. <\/span><b><i>Translated into French by S\u00e9verine Geneieys-Kirk and republished in the same Encyclopedia in 2008.<\/i><\/b><\/p>\n<ol start=\"5\">\n<li><span style=\"font-weight: 400\"> \u00a0Journal Article: <\/span><\/li>\n<\/ol>\n<p><b>\u201cD\u2019Aulnoy\u2019s Histoire d\u2019Hypolite, comte de Duglas (1690): \u00a0a Fairy-Tale Manifesto,\u201d<\/b> <span style=\"text-decoration: underline\"><span style=\"font-weight: 400\">Marvels &amp; Tales: \u00a0Journal of Fairy-Tale Studies<\/span><\/span><span style=\"font-weight: 400\"> 19:1 (2005) 32-53<\/span><span style=\"font-weight: 400\">.<\/span><\/p>\n<ol start=\"4\">\n<li><span style=\"font-weight: 400\"> \u00a0Book Chapter: \u00a0<\/span><\/li>\n<\/ol>\n<p><b>\u201cSacred Writings, Secular Identities: \u00a0D\u2019Aulnoy\u2019s Manipulation of the Psalm-Paraphrase Tradition,\u201d<\/b><span style=\"font-weight: 400\"><span style=\"text-decoration: underline\">Intersections<\/span>.<\/span><span style=\"font-weight: 400\"> Ed. Faith E. Beasley and Kathleen Wine (Tubingen: \u00a0Gunter Narr, 2005) 347-356. \u00a0<\/span><b><i>Reprinted online in <\/i><\/b><b><i>Literature Criticism from 1400-1800<\/i><\/b><b><i> (Detroit: Thompson Gale, 2014).\u00a0 \u00a0<\/i><\/b><\/p>\n<ol start=\"3\">\n<li><span style=\"font-weight: 400\"> \u00a0Journal Article: \u00a0<\/span><\/li>\n<\/ol>\n<p><b>\u201cCharmed Eloquence: L\u2019h\u00e9ritier\u2019s Representation of Female Literary Creativity In Late Seventeenth-Century France,\u201d<\/b> <span style=\"text-decoration: underline\"><span style=\"font-weight: 400\">Cahiers du dix-septi\u00e8me: An Interdisciplinary Journal<\/span><\/span><span style=\"font-weight: 400\"> IX:2 (2004) 107-115.<\/span><\/p>\n<ol start=\"2\">\n<li><span style=\"font-weight: 400\"> \u00a0Reference Article: \u00a0<\/span><\/li>\n<\/ol>\n<p><b>\u201cMarie-Catherine Le Jumel de Barneville, Comtesse d&#8217;Aulnoy,\u201d<\/b> <span style=\"text-decoration: underline\"><span style=\"font-weight: 400\">Dictionary of Literary Biography: \u00a0Seventeenth-Century French Literature<\/span><\/span><i><span style=\"font-weight: 400\">,<\/span><\/i><span style=\"font-weight: 400\"> \u00a0Ed. Fran\u00e7oise Jao\u00fcen. \u00a0(Detroit: Thompson Gale, 2003).\u00a0\u00a0<\/span><\/p>\n<ol>\n<li><span style=\"font-weight: 400\"> \u00a0Journal Article: <\/span><b><\/b><\/li>\n<\/ol>\n<p><b>\u201cA Gallery of Authors: \u00a0The Politics of Innovation and Subversion in Montpensier&#8217;s <\/b><b><span style=\"text-decoration: underline\">Divers Portraits<\/span> <\/b><b>(1659).\u201d<\/b><span style=\"font-weight: 400\"> \u00a0<\/span><span style=\"font-weight: 400\">Genre <\/span><span style=\"font-weight: 400\">\u00a033 (Summer, 2000) 129-49<\/span><span style=\"font-weight: 400\">. <\/span><\/p>\n<h3><b>BOOK REVIEWS<\/b><\/h3>\n<h4><b><i>In Print <\/i><\/b><\/h4>\n<p><span style=\"font-weight: 400\">\u00a09.\u00a0 <span style=\"text-decoration: underline\">Review of <\/span><\/span><span style=\"font-weight: 400\"><span style=\"text-decoration: underline\">T\u00e9moigner des miracles au si\u00e8cle des Lumi\u00e8res:<\/span> <span style=\"text-decoration: underline\">R\u00e9cits et discours de Saint-M\u00e9dard<\/span><\/span><span style=\"font-weight: 400\"> by Mich\u00e8le Bokobza Kahan. \u00a0Paris: \u00a0Classiques Garnier, 2015. \u00a0<\/span><span style=\"text-decoration: underline\"><span style=\"font-weight: 400\">H-France Review<\/span><\/span><span style=\"font-weight: 400\"> 16:265 (November 2016) 1-3.<br \/>\n<\/span><span style=\"font-weight: 400\"><br \/>\n<\/span><span style=\"font-weight: 400\">\u00a08.\u00a0 Review of <\/span><span style=\"text-decoration: underline\"><span style=\"font-weight: 400\">Method and Variation: \u00a0Narrative in Early Modern French Thought<\/span><\/span><span style=\"font-weight: 400\">. \u00a0Ed. Emma Gilby and Paul White. Oxford: Legenda, 2013. <\/span><span style=\"text-decoration: underline\"><span style=\"font-weight: 400\">French Studies<\/span><\/span><span style=\"font-weight: 400\"> 68:4 (October 2014) 542-543.<br \/>\n<\/span><\/p>\n<p><span style=\"font-weight: 400\">\u00a07.\u00a0 Review of <\/span><span style=\"font-weight: 400\"><span style=\"text-decoration: underline\">Licensing Loyalty. \u00a0Printers, Patrons and the State in Early Modern France<\/span> <\/span><span style=\"font-weight: 400\">by Jane McLeod (University Park, PA: \u00a0Penn State UP, 2010) <\/span><span style=\"font-weight: 400\"><span style=\"text-decoration: underline\">The French Review<\/span> <\/span><span style=\"font-weight: 400\">85:6 (May 2012) 1183. \u00a0<\/span><\/p>\n<p><span style=\"font-weight: 400\">\u00a06.\u00a0 Review of <span style=\"text-decoration: underline\">State and Society in Eighteenth-Century France: \u00a0A Study of Political Power and Social Revolution in Languedoc<\/span>, by Stephen Miller (Washington D.C.: \u00a0The Catholic University of America Press, 2008). <span style=\"text-decoration: underline\">The French Review<\/span>. 83.4 (March 2010) 889-90.\u00a0\u00a0<\/span><\/p>\n<p>5.\u00a0 Review of <span style=\"text-decoration: underline\">Vaux and Versailles: \u00a0The Appropriations, Erasures and Accidents that Made Modern France<\/span>, by Claire Goldstein (Philadelphia: \u00a0U of Pennsylvania Press, 2008). <span style=\"text-decoration: underline\">The French Review<\/span> 82.4 (March 2009) 898-9.<\/p>\n<p>4.\u00a0 Review of <span style=\"text-decoration: underline\">\u00a0Dramaturgie de la trag\u00e9die en musique<\/span> (1673-1764), by Laura Naudeix (Paris: \u00a0Honor\u00e9 Champion, 2004). \u00a0<span style=\"text-decoration: underline\">The French Review<\/span> 80.6 (October 2007) 24-5.<\/p>\n<p>3.\u00a0 Review of <span style=\"text-decoration: underline\">Salonni\u00e8res, Furies and Fairies: \u00a0The Politics of Gender and Cultural Change in Absolutist France,<\/span> by Anne E. Duggan (Newark, DE: University of Delaware Press, 2005). <span style=\"text-decoration: underline\">Marvels &amp; Tales: Journal of Fairy-Tale Studies<\/span> \u00a020:2 (2006) 270-2.<\/p>\n<p>2.\u00a0 Review of <span style=\"text-decoration: underline\">Nobility Reimagined. The Patriotic Nation in Eighteenth-Century France<\/span>, by Jay M. Smith (Ithaca: \u00a0Cornell UP, 2005) <span style=\"text-decoration: underline\">The French Review<\/span> 79:6 (May 2006) 87-8.<\/p>\n<p><span style=\"font-weight: 400\">\u00a01.\u00a0 Review of <\/span><span style=\"text-decoration: underline\"><span style=\"font-weight: 400\">Po\u00e9sie, musique et sociabilit\u00e9 au XVII\u00e8 si\u00e8cle: \u00a0Les livres d\u2019airs de diff\u00e9rents auteurs publi\u00e9s chez Ballard de 1658 \u00e0 1694<\/span><\/span><span style=\"font-weight: 400\">, by Anne-Madeleine Goulet (Paris: \u00a0Champion, 2004). <\/span><span style=\"text-decoration: underline\"><span style=\"font-weight: 400\">The French Review<\/span><\/span><span style=\"font-weight: 400\"> 79:1 (October 2005) 182-3.<\/span><\/p>\n","protected":false},"excerpt":{"rendered":"<p>BOOKS In Progress 6.Imagining and Forgetting: The Mind-Body Connection in Early Modern France (1530-1750)\u00a0Project funded by a grant from the American Philosophical Society and by a full-year faculty fellowship from the National Endowment for the Humanities In Print 5. Henriette-Julie de Castelnau comtesse de Murat. Les Lutins du Kernosy. Critical Edition by Allison Stedman and [&hellip;]<\/p>\n","protected":false},"author":170,"featured_media":0,"parent":0,"menu_order":0,"comment_status":"closed","ping_status":"open","template":"","meta":{"footnotes":""},"class_list":["post-41","page","type-page","status-publish","hentry"],"jetpack_sharing_enabled":true,"_links":{"self":[{"href":"https:\/\/pages.charlotte.edu\/allison-stedman\/wp-json\/wp\/v2\/pages\/41","targetHints":{"allow":["GET"]}}],"collection":[{"href":"https:\/\/pages.charlotte.edu\/allison-stedman\/wp-json\/wp\/v2\/pages"}],"about":[{"href":"https:\/\/pages.charlotte.edu\/allison-stedman\/wp-json\/wp\/v2\/types\/page"}],"author":[{"embeddable":true,"href":"https:\/\/pages.charlotte.edu\/allison-stedman\/wp-json\/wp\/v2\/users\/170"}],"replies":[{"embeddable":true,"href":"https:\/\/pages.charlotte.edu\/allison-stedman\/wp-json\/wp\/v2\/comments?post=41"}],"version-history":[{"count":10,"href":"https:\/\/pages.charlotte.edu\/allison-stedman\/wp-json\/wp\/v2\/pages\/41\/revisions"}],"predecessor-version":[{"id":113,"href":"https:\/\/pages.charlotte.edu\/allison-stedman\/wp-json\/wp\/v2\/pages\/41\/revisions\/113"}],"wp:attachment":[{"href":"https:\/\/pages.charlotte.edu\/allison-stedman\/wp-json\/wp\/v2\/media?parent=41"}],"curies":[{"name":"wp","href":"https:\/\/api.w.org\/{rel}","templated":true}]}}