
{"id":104,"date":"2023-07-14T13:51:30","date_gmt":"2023-07-14T17:51:30","guid":{"rendered":"https:\/\/pages.charlotte.edu\/augustolab\/?page_id=104"},"modified":"2025-07-08T17:00:43","modified_gmt":"2025-07-08T21:00:43","slug":"lab-members","status":"publish","type":"page","link":"https:\/\/pages.charlotte.edu\/augustolab\/lab-members\/","title":{"rendered":"Lab Members"},"content":{"rendered":"\n<div class=\"wp-block-group\"><div class=\"wp-block-group__inner-container is-layout-constrained wp-block-group-is-layout-constrained\">\n<div class=\"wp-block-media-text alignwide is-stacked-on-mobile is-vertically-aligned-top\" style=\"grid-template-columns:22% auto\"><figure class=\"wp-block-media-text__media\"><img loading=\"lazy\" decoding=\"async\" width=\"220\" height=\"214\" src=\"https:\/\/pages.charlotte.edu\/augustolab\/wp-content\/uploads\/sites\/1311\/2023\/07\/picture.jpeg\" alt=\"\" class=\"wp-image-159 size-full\" \/><\/figure><div class=\"wp-block-media-text__content\">\n<p><strong>Dr. Danillo Augusto, Principal Investigator<\/strong><\/p>\n\n\n\n<p>Email: danillo.augusto@charlotte.edu<\/p>\n<\/div><\/div>\n<\/div><\/div>\n\n\n\n<div style=\"height:1px\" aria-hidden=\"true\" class=\"wp-block-spacer\"><\/div>\n\n\n\n<div class=\"wp-block-group\"><div class=\"wp-block-group__inner-container is-layout-constrained wp-block-group-is-layout-constrained\">\n<div class=\"wp-block-media-text is-stacked-on-mobile is-vertically-aligned-top\" style=\"grid-template-columns:22% auto\"><figure class=\"wp-block-media-text__media\"><img loading=\"lazy\" decoding=\"async\" width=\"815\" height=\"1024\" src=\"http:\/\/pages.charlotte.edu\/augustolab\/wp-content\/uploads\/sites\/1311\/2023\/07\/Veronica1-1-815x1024.jpg\" alt=\"\" class=\"wp-image-229 size-full\" srcset=\"https:\/\/pages.charlotte.edu\/augustolab\/wp-content\/uploads\/sites\/1311\/2023\/07\/Veronica1-1-815x1024.jpg 815w, https:\/\/pages.charlotte.edu\/augustolab\/wp-content\/uploads\/sites\/1311\/2023\/07\/Veronica1-1-239x300.jpg 239w, https:\/\/pages.charlotte.edu\/augustolab\/wp-content\/uploads\/sites\/1311\/2023\/07\/Veronica1-1-768x965.jpg 768w, https:\/\/pages.charlotte.edu\/augustolab\/wp-content\/uploads\/sites\/1311\/2023\/07\/Veronica1-1-1222x1536.jpg 1222w, https:\/\/pages.charlotte.edu\/augustolab\/wp-content\/uploads\/sites\/1311\/2023\/07\/Veronica1-1-1630x2048.jpg 1630w, https:\/\/pages.charlotte.edu\/augustolab\/wp-content\/uploads\/sites\/1311\/2023\/07\/Veronica1-1.jpg 1652w\" sizes=\"auto, (max-width: 815px) 100vw, 815px\" \/><\/figure><div class=\"wp-block-media-text__content\">\n<p><strong>Dr. Ver\u00f3nica Calonga Sol\u00eds, Post-Doctoral Researcher<\/strong><\/p>\n\n\n\n<p>Ver\u00f3nica Calonga Sol\u00eds obtained her bachelor\u2019s degree in Genetics at the National University of Misiones in Argentina. She finished her master&#8217;s and doctoral studies in Genetics at the Federal University of Paran\u00e1 in Brazil; and afterwards, she held a postdoctoral position at the University of L\u00fcbeck in Germany.<\/p>\n\n\n\n<p>Throughout her career she investigated the genetic diversity of human populations, and the genetic causes underlying multifactorial and monogenic diseases. At Augusto Lab, she is continuing her research on the molecular bases of complex diseases and phenotypes, and on human population genetics. She has experience in Immunogenetics, Population Genetics, Molecular Genetics and Bioinformatics.<\/p>\n\n\n\n<p>Email: vcalonga@charlotte.edu <\/p>\n<\/div><\/div>\n\n\n\n<div style=\"height:50px\" aria-hidden=\"true\" class=\"wp-block-spacer\"><\/div>\n\n\n\n<div class=\"wp-block-media-text alignwide is-stacked-on-mobile is-vertically-aligned-top\" style=\"grid-template-columns:22% auto\"><figure class=\"wp-block-media-text__media\"><img loading=\"lazy\" decoding=\"async\" width=\"821\" height=\"1024\" src=\"https:\/\/pages.charlotte.edu\/augustolab\/wp-content\/uploads\/sites\/1311\/2023\/09\/Tici-lab-photo-821x1024.jpg\" alt=\"\" class=\"wp-image-278 size-full\" srcset=\"https:\/\/pages.charlotte.edu\/augustolab\/wp-content\/uploads\/sites\/1311\/2023\/09\/Tici-lab-photo-821x1024.jpg 821w, https:\/\/pages.charlotte.edu\/augustolab\/wp-content\/uploads\/sites\/1311\/2023\/09\/Tici-lab-photo-241x300.jpg 241w, https:\/\/pages.charlotte.edu\/augustolab\/wp-content\/uploads\/sites\/1311\/2023\/09\/Tici-lab-photo-768x958.jpg 768w, https:\/\/pages.charlotte.edu\/augustolab\/wp-content\/uploads\/sites\/1311\/2023\/09\/Tici-lab-photo-1232x1536.jpg 1232w, https:\/\/pages.charlotte.edu\/augustolab\/wp-content\/uploads\/sites\/1311\/2023\/09\/Tici-lab-photo.jpg 1610w\" sizes=\"auto, (max-width: 821px) 100vw, 821px\" \/><\/figure><div class=\"wp-block-media-text__content\">\n<p><strong>Dr. Ticiana Farias, Post-Doctoral Researcher<\/strong><\/p>\n\n\n\n<p>Ticiana obtained her bachelor\u2019s degree in Biology Sciences and Master\u2019s degree in Cell and Developmental Biology at the Universidade Federal de Santa Catarina (Florian\u00f3polis, Brazil). She obtained her PhD in Genetics at the Universidade do Paran\u00e1 (Curitiba, Brazil), with an internship at Universit\u00e4t zu L\u00fcbeck, Germany. Previously, she was a post-doctoral fellow at the Fiocruz Parana Institute, and the University of Colorado (Aurora, USA).<\/p>\n\n\n\n<p>She has focused on researching polymorphisms and differential expression levels of leukocyte receptors complex (LRC) region and HLA genes in human populations and complex diseases susceptibility, such as autoimmunity, cancer, and infectious diseases. In addition, she has developed research with focus on variability of non-RNA coding (miRNA, lncRNA) genes in complex diseases.<\/p>\n\n\n\n<p>Email: Ticiana.farias@charlotte.edu<\/p>\n<\/div><\/div>\n\n\n\n<div style=\"height:50px\" aria-hidden=\"true\" class=\"wp-block-spacer\"><\/div>\n\n\n\n<div class=\"wp-block-media-text alignwide is-stacked-on-mobile is-vertically-aligned-top\" style=\"grid-template-columns:22% auto\"><figure class=\"wp-block-media-text__media\"><img loading=\"lazy\" decoding=\"async\" width=\"822\" height=\"1024\" src=\"https:\/\/pages.charlotte.edu\/augustolab\/wp-content\/uploads\/sites\/1311\/2023\/07\/20230114_1618461-822x1024.jpg\" alt=\"\" class=\"wp-image-211 size-full\" srcset=\"https:\/\/pages.charlotte.edu\/augustolab\/wp-content\/uploads\/sites\/1311\/2023\/07\/20230114_1618461-822x1024.jpg 822w, https:\/\/pages.charlotte.edu\/augustolab\/wp-content\/uploads\/sites\/1311\/2023\/07\/20230114_1618461-241x300.jpg 241w, https:\/\/pages.charlotte.edu\/augustolab\/wp-content\/uploads\/sites\/1311\/2023\/07\/20230114_1618461-768x956.jpg 768w, https:\/\/pages.charlotte.edu\/augustolab\/wp-content\/uploads\/sites\/1311\/2023\/07\/20230114_1618461-1234x1536.jpg 1234w, https:\/\/pages.charlotte.edu\/augustolab\/wp-content\/uploads\/sites\/1311\/2023\/07\/20230114_1618461.jpg 1518w\" sizes=\"auto, (max-width: 822px) 100vw, 822px\" \/><\/figure><div class=\"wp-block-media-text__content\">\n<p><strong>Dr. Ivan Rodrigo Wolf, Post-Doctoral Researcher<\/strong><\/p>\n\n\n\n<p>Ivan is a Bioinformatician with a Bachelor&#8217;s degree in Biology and PhD in Biotechnology at State University of S\u00e3o Paulo, Brazil. He has experience in the use and development of bioinformatics tools to better understands biological systems and complex phenotypes. His research interests include Genomics, RNA-Seq, and Pattern Recognition using Machine learning. <\/p>\n\n\n\n<p>Email: iwolf@charlotte.edu<\/p>\n<\/div><\/div>\n\n\n\n<div style=\"height:50px\" aria-hidden=\"true\" class=\"wp-block-spacer\"><\/div>\n\n\n\n<div class=\"wp-block-media-text is-stacked-on-mobile is-vertically-aligned-top\" style=\"grid-template-columns:22% auto\"><figure class=\"wp-block-media-text__media\"><img loading=\"lazy\" decoding=\"async\" width=\"402\" height=\"498\" src=\"https:\/\/pages.charlotte.edu\/augustolab\/wp-content\/uploads\/sites\/1311\/2023\/07\/unnamed1.jpg\" alt=\"\" class=\"wp-image-165 size-full\" srcset=\"https:\/\/pages.charlotte.edu\/augustolab\/wp-content\/uploads\/sites\/1311\/2023\/07\/unnamed1.jpg 402w, https:\/\/pages.charlotte.edu\/augustolab\/wp-content\/uploads\/sites\/1311\/2023\/07\/unnamed1-242x300.jpg 242w\" sizes=\"auto, (max-width: 402px) 100vw, 402px\" \/><\/figure><div class=\"wp-block-media-text__content\">\n<p><strong>Jonathan Beaumont, Ph.D. Student<\/strong><\/p>\n\n\n\n<p>Jonathan received his Bachelor&#8217;s Degree in Biology from Charlotte in 2023 and started his Ph.D. shortly thereafter. He has experience in both molecular biology and bioinformatics and seeks to integrate both in his research. His interests center on bioinformatics, genomics, and immunology, with a focus on the NKC and HLA regions of the genome. In his free time, he enjoys spending time outside, reading, cars, and trying new restaurants and food.<\/p>\n\n\n\n<p>Email: jbeaumo1@charlotte.edu<\/p>\n<\/div><\/div>\n\n\n\n<div style=\"height:50px\" aria-hidden=\"true\" class=\"wp-block-spacer\"><\/div>\n<\/div><\/div>\n\n\n\n<div class=\"wp-block-group\"><div class=\"wp-block-group__inner-container is-layout-constrained wp-block-group-is-layout-constrained\">\n<div class=\"wp-block-media-text alignwide is-stacked-on-mobile is-vertically-aligned-top\" style=\"grid-template-columns:22% auto\"><figure class=\"wp-block-media-text__media\"><img loading=\"lazy\" decoding=\"async\" width=\"812\" height=\"1024\" src=\"https:\/\/pages.charlotte.edu\/augustolab\/wp-content\/uploads\/sites\/1311\/2023\/07\/IMG_45281-812x1024.jpg\" alt=\"\" class=\"wp-image-134 size-full\" srcset=\"https:\/\/pages.charlotte.edu\/augustolab\/wp-content\/uploads\/sites\/1311\/2023\/07\/IMG_45281-812x1024.jpg 812w, https:\/\/pages.charlotte.edu\/augustolab\/wp-content\/uploads\/sites\/1311\/2023\/07\/IMG_45281-238x300.jpg 238w, https:\/\/pages.charlotte.edu\/augustolab\/wp-content\/uploads\/sites\/1311\/2023\/07\/IMG_45281-768x969.jpg 768w, https:\/\/pages.charlotte.edu\/augustolab\/wp-content\/uploads\/sites\/1311\/2023\/07\/IMG_45281-1218x1536.jpg 1218w, https:\/\/pages.charlotte.edu\/augustolab\/wp-content\/uploads\/sites\/1311\/2023\/07\/IMG_45281-1623x2048.jpg 1623w, https:\/\/pages.charlotte.edu\/augustolab\/wp-content\/uploads\/sites\/1311\/2023\/07\/IMG_45281.jpg 1839w\" sizes=\"auto, (max-width: 812px) 100vw, 812px\" \/><\/figure><div class=\"wp-block-media-text__content\">\n<p><strong>Javier Avalos N\u00fa\u00f1ez, Ph.D. Student<\/strong><\/p>\n\n\n\n<p>Javier received his Bachelor\u2019s Degree in biology with a minor in biotechnology, and a concentration in microbiology from Charlotte. He began his PhD journey in Dr. Augusto\u2019s lab in 2023 due to his interests in genomics, immunology, and molecular biology. He\u2019s particularly interested in NK cell biology, and how these cells are activated and regulated through their receptome, especially in the context of complex autoimmune diseases like Pemphigus foliaceus. Javier\u2019s research project involves the sequencing of genomic regions encoding NK cell receptors, and the application of cellular and molecular biology techniques to functionally validate novel associations between variants and interesting aspects of disease mechanism and NK cell biology. In his free time, he enjoys reading, playing video games, and watching TV.<\/p>\n\n\n\n<p>Email: javalosn@charlotte.edu<\/p>\n<\/div><\/div>\n<\/div><\/div>\n\n\n\n<div class=\"wp-block-group\"><div class=\"wp-block-group__inner-container is-layout-constrained wp-block-group-is-layout-constrained\">\n<div style=\"height:50px\" aria-hidden=\"true\" class=\"wp-block-spacer\"><\/div>\n<\/div><\/div>\n\n\n\n<div class=\"wp-block-media-text is-stacked-on-mobile is-vertically-aligned-top\" style=\"grid-template-columns:22% auto\"><figure class=\"wp-block-media-text__media\"><img loading=\"lazy\" decoding=\"async\" width=\"826\" height=\"1024\" src=\"https:\/\/pages.charlotte.edu\/augustolab\/wp-content\/uploads\/sites\/1311\/2023\/07\/IMG_71901-826x1024.jpg\" alt=\"\" class=\"wp-image-161 size-full\" srcset=\"https:\/\/pages.charlotte.edu\/augustolab\/wp-content\/uploads\/sites\/1311\/2023\/07\/IMG_71901-826x1024.jpg 826w, https:\/\/pages.charlotte.edu\/augustolab\/wp-content\/uploads\/sites\/1311\/2023\/07\/IMG_71901-242x300.jpg 242w, https:\/\/pages.charlotte.edu\/augustolab\/wp-content\/uploads\/sites\/1311\/2023\/07\/IMG_71901-768x952.jpg 768w, https:\/\/pages.charlotte.edu\/augustolab\/wp-content\/uploads\/sites\/1311\/2023\/07\/IMG_71901-1239x1536.jpg 1239w, https:\/\/pages.charlotte.edu\/augustolab\/wp-content\/uploads\/sites\/1311\/2023\/07\/IMG_71901-1652x2048.jpg 1652w, https:\/\/pages.charlotte.edu\/augustolab\/wp-content\/uploads\/sites\/1311\/2023\/07\/IMG_71901.jpg 1993w\" sizes=\"auto, (max-width: 826px) 100vw, 826px\" \/><\/figure><div class=\"wp-block-media-text__content\">\n<p><strong>Savannah Poston, Masters Student<\/strong><\/p>\n\n\n\n<p>Savannah is a majored in Biology and Chemistry for her Bacherlors degree and now is pursuing a Masters degree in Biology. She is specialized in Genetics and Molecular Biology. <\/p>\n\n\n\n<p>Email: sposton5@charlotte.edu<\/p>\n<\/div><\/div>\n\n\n\n<div style=\"height:50px\" aria-hidden=\"true\" class=\"wp-block-spacer\"><\/div>\n\n\n\n<div class=\"wp-block-media-text is-stacked-on-mobile is-vertically-aligned-top\" style=\"grid-template-columns:22% auto\"><figure class=\"wp-block-media-text__media\"><img loading=\"lazy\" decoding=\"async\" width=\"768\" height=\"1024\" src=\"https:\/\/pages.charlotte.edu\/augustolab\/wp-content\/uploads\/sites\/1311\/2025\/07\/1000046869-768x1024.jpg\" alt=\"\" class=\"wp-image-314 size-full\" srcset=\"https:\/\/pages.charlotte.edu\/augustolab\/wp-content\/uploads\/sites\/1311\/2025\/07\/1000046869-768x1024.jpg 768w, https:\/\/pages.charlotte.edu\/augustolab\/wp-content\/uploads\/sites\/1311\/2025\/07\/1000046869-225x300.jpg 225w, https:\/\/pages.charlotte.edu\/augustolab\/wp-content\/uploads\/sites\/1311\/2025\/07\/1000046869-1152x1536.jpg 1152w, https:\/\/pages.charlotte.edu\/augustolab\/wp-content\/uploads\/sites\/1311\/2025\/07\/1000046869-1536x2048.jpg 1536w, https:\/\/pages.charlotte.edu\/augustolab\/wp-content\/uploads\/sites\/1311\/2025\/07\/1000046869-scaled.jpg 1920w\" sizes=\"auto, (max-width: 768px) 100vw, 768px\" \/><\/figure><div class=\"wp-block-media-text__content\">\n<p><strong>Sarah Jafrin, PhD Student<\/strong><\/p>\n\n\n\n<p>Sarah received her Bachelor\u2019s degree in Pharmacy and Master\u2019s Degree in Clinical Pharmacy and Pharmacology from NSTU, Bangladesh. She joined Dr. Augusto\u2019s lab as a PhD student in 2024 due to her research interests in human genomics and molecular biology. She has research experience on pharmacogenomics, polymorphism studies and meta-analysis. At Augusto\u2019s lab she is studying the molecular bases of rare autoimmune disease and population genetics. In her free time, she likes to travel, reading story books, playing games and watching movies.<\/p>\n\n\n\n<p>Email: sjafrin@charlotte.edu<\/p>\n<\/div><\/div>\n\n\n\n<p><\/p>\n","protected":false},"excerpt":{"rendered":"<p>Dr. Danillo Augusto, Principal Investigator Email: danillo.augusto@charlotte.edu Dr. Ver\u00f3nica Calonga Sol\u00eds, Post-Doctoral Researcher Ver\u00f3nica Calonga Sol\u00eds obtained her bachelor\u2019s degree in Genetics at the National University of Misiones in Argentina. She finished her master&#8217;s and doctoral studies in Genetics at the Federal University of Paran\u00e1 in Brazil; and afterwards, she held a postdoctoral position at [&hellip;]<\/p>\n","protected":false},"author":4297,"featured_media":0,"parent":0,"menu_order":0,"comment_status":"closed","ping_status":"closed","template":"","meta":{"footnotes":""},"class_list":["post-104","page","type-page","status-publish","hentry"],"_links":{"self":[{"href":"https:\/\/pages.charlotte.edu\/augustolab\/wp-json\/wp\/v2\/pages\/104","targetHints":{"allow":["GET"]}}],"collection":[{"href":"https:\/\/pages.charlotte.edu\/augustolab\/wp-json\/wp\/v2\/pages"}],"about":[{"href":"https:\/\/pages.charlotte.edu\/augustolab\/wp-json\/wp\/v2\/types\/page"}],"author":[{"embeddable":true,"href":"https:\/\/pages.charlotte.edu\/augustolab\/wp-json\/wp\/v2\/users\/4297"}],"replies":[{"embeddable":true,"href":"https:\/\/pages.charlotte.edu\/augustolab\/wp-json\/wp\/v2\/comments?post=104"}],"version-history":[{"count":79,"href":"https:\/\/pages.charlotte.edu\/augustolab\/wp-json\/wp\/v2\/pages\/104\/revisions"}],"predecessor-version":[{"id":315,"href":"https:\/\/pages.charlotte.edu\/augustolab\/wp-json\/wp\/v2\/pages\/104\/revisions\/315"}],"wp:attachment":[{"href":"https:\/\/pages.charlotte.edu\/augustolab\/wp-json\/wp\/v2\/media?parent=104"}],"curies":[{"name":"wp","href":"https:\/\/api.w.org\/{rel}","templated":true}]}}