
{"id":46,"date":"2023-01-24T21:21:37","date_gmt":"2023-01-24T21:21:37","guid":{"rendered":"https:\/\/pages.charlotte.edu\/blast2023\/?page_id=46"},"modified":"2023-05-23T21:32:30","modified_gmt":"2023-05-23T21:32:30","slug":"participants","status":"publish","type":"page","link":"https:\/\/pages.charlotte.edu\/blast2023\/participants\/","title":{"rendered":"Participants"},"content":{"rendered":"\n<ul class=\"wp-block-list\">\n<li>Marco Abbadini, University of Salerno<\/li>\n\n\n\n<li>Richard Ball, University of Denver<\/li>\n\n\n\n<li>Hector Barriga, University of North Carolina Charlotte<\/li>\n\n\n\n<li>Dana Barto\u0161ov\u00e1, University of Florida<\/li>\n\n\n\n<li>Will Brian, University of North Carolina Charlotte<\/li>\n\n\n\n<li>William Chan, University of North Texas<\/li>\n\n\n\n<li>Fred Dashiell, CECAT Chapman University<\/li>\n\n\n\n<li>Alan Dow, University of North Carolina Charlotte<\/li>\n\n\n\n<li>Isis Gallardo, University of Denver<\/li>\n\n\n\n<li>Jos\u00e9 Gil-F\u00e9rez, Chapman University<\/li>\n\n\n\n<li>Daniel Herden, Baylor University<\/li>\n\n\n\n<li>Rodrigo Hern\u00e1ndez-Guti\u00e9rrez, Universidad Aut\u00f3noma Metropolitana<\/li>\n\n\n\n<li>Stanislav Ignatiev<\/li>\n\n\n\n<li>Trevor Jack, Illinois Wesleyan University<\/li>\n\n\n\n<li>Peter Jipsen, Chapman University<\/li>\n\n\n\n<li>Keith Kearnes, University of Colorado Boulder<\/li>\n\n\n\n<li>Andre Kornell, Dalhousie University<\/li>\n\n\n\n<li>Albert Madinya, Florida Atlantic University<\/li>\n\n\n\n<li>Peter Mayr, University of Colorado Boulder<\/li>\n\n\n\n<li>Chase Meadors, University of Colorado Boulder<\/li>\n\n\n\n<li>Sebastian Melzer, New Mexico State University<\/li>\n\n\n\n<li>Connor Meredith, University of Colorado Boulder<\/li>\n\n\n\n<li>Mateo Muro, University of Colorado Boulder<\/li>\n\n\n\n<li>Miguel Peinado, New Mexico State University<\/li>\n\n\n\n<li>Ranjitha Raviprakash, New Mexico State University<\/li>\n\n\n\n<li>Ja\u0161 \u0160emrl, University College London<\/li>\n\n\n\n<li>Salma Shaheen, University of Waterloo<\/li>\n\n\n\n<li>M. Hossein Shahzamanian C., Centro Matem\u00e1tica Universidade Do Porto<\/li>\n\n\n\n<li>David Stanovsk\u00fd, Charles University<\/li>\n\n\n\n<li>Agnes Szendrei, University of Colorado Boulder<\/li>\n\n\n\n<li>Amanda Tran, University of Massachusetts Boston<\/li>\n\n\n\n<li>Edith Vargas-Garc\u00eda, ITAM<\/li>\n\n\n\n<li>Ross Willard, University of Waterloo<\/li>\n\n\n\n<li>Patrick Wynne, University of Colorado Boulder<\/li>\n\n\n\n<li>Xiao Zhuang, University of Denver<\/li>\n\n\n\n<li>Andy Zucker, University of Waterloo<\/li>\n<\/ul>\n","protected":false},"excerpt":{"rendered":"","protected":false},"author":2990,"featured_media":0,"parent":0,"menu_order":0,"comment_status":"closed","ping_status":"closed","template":"","meta":{"footnotes":""},"coauthors":[5],"class_list":["post-46","page","type-page","status-publish","hentry"],"_links":{"self":[{"href":"https:\/\/pages.charlotte.edu\/blast2023\/wp-json\/wp\/v2\/pages\/46","targetHints":{"allow":["GET"]}}],"collection":[{"href":"https:\/\/pages.charlotte.edu\/blast2023\/wp-json\/wp\/v2\/pages"}],"about":[{"href":"https:\/\/pages.charlotte.edu\/blast2023\/wp-json\/wp\/v2\/types\/page"}],"author":[{"embeddable":true,"href":"https:\/\/pages.charlotte.edu\/blast2023\/wp-json\/wp\/v2\/users\/2990"}],"replies":[{"embeddable":true,"href":"https:\/\/pages.charlotte.edu\/blast2023\/wp-json\/wp\/v2\/comments?post=46"}],"version-history":[{"count":9,"href":"https:\/\/pages.charlotte.edu\/blast2023\/wp-json\/wp\/v2\/pages\/46\/revisions"}],"predecessor-version":[{"id":356,"href":"https:\/\/pages.charlotte.edu\/blast2023\/wp-json\/wp\/v2\/pages\/46\/revisions\/356"}],"wp:attachment":[{"href":"https:\/\/pages.charlotte.edu\/blast2023\/wp-json\/wp\/v2\/media?parent=46"}],"wp:term":[{"taxonomy":"author","embeddable":true,"href":"https:\/\/pages.charlotte.edu\/blast2023\/wp-json\/wp\/v2\/coauthors?post=46"}],"curies":[{"name":"wp","href":"https:\/\/api.w.org\/{rel}","templated":true}]}}