
{"id":106,"date":"2013-04-10T20:48:35","date_gmt":"2013-04-10T20:48:35","guid":{"rendered":"http:\/\/pages.charlotte.edu\/john-reeves\/?page_id=106"},"modified":"2025-04-13T09:36:05","modified_gmt":"2025-04-13T13:36:05","slug":"unpublished-lectures-and-fragmenta","status":"publish","type":"page","link":"https:\/\/pages.charlotte.edu\/john-reeves\/publications\/unpublished-lectures-and-fragmenta\/","title":{"rendered":"Unpublished Lectures and Fragmenta"},"content":{"rendered":"<p><a href=\"http:\/\/pages.charlotte.edu\/john-reeves\/wp-content\/uploads\/sites\/521\/2013\/04\/adams-demonic-family.pdf\">Adam&#8217;s Demon Bride<\/a><\/p>\n<p><a href=\"http:\/\/pages.charlotte.edu\/john-reeves\/research-projects\/assorted-near-eastern-apocalypses\/\">Assorted Near Eastern Apocalypses<\/a><\/p>\n<p>Bardesanite Cosmology, A Manichaean Mythologoumenon, and Gaonic Jewish Esotericism: Reflections on Some Common Motifs<\/p>\n<p><a href=\"http:\/\/pages.charlotte.edu\/john-reeves\/wp-content\/uploads\/sites\/521\/2013\/04\/biruni-on-the-sabians.pdf\">B\u012br\u016bn\u012b on the Sabians<\/a><\/p>\n<p><a title=\"The Chronicles of Moses Our Teacher\" href=\"http:\/\/pages.charlotte.edu\/john-reeves\/research-projects\/medieval-jewish-pseudepigrapha\/the-chronicles-of-moses-our-teacher\/\"><em>Chronicles of Moses<\/em><\/a>\u00a0(ed. Jellinek)<\/p>\n<p><a href=\"http:\/\/pages.charlotte.edu\/john-reeves\/wp-content\/uploads\/sites\/521\/2013\/04\/deuteronomy-rabbah-11-end.pdf\"><em>Deuteronomy Rabbah<\/em>\u00a0on the death of Moses<\/a><\/p>\n<p>Life of Ephrem Syrus<\/p>\n<p><a href=\"http:\/\/pages.charlotte.edu\/john-reeves\/wp-content\/uploads\/sites\/521\/2013\/04\/mekhilta-on-prophecy1.pdf\"><em>Mekhilta de R. Ishmael<\/em>\u00a0on prophecy<\/a><\/p>\n<p><a title=\"Shahrast\u0101n\u012b on Mani and Manichaeism\" href=\"http:\/\/pages.charlotte.edu\/john-reeves\/publications\/unpublished-lectures-and-fragmenta\/shahrastani-on-mani-and-manichaeism\/\">Shahrast\u0101n\u012b on Mani and Manichaeism<\/a><\/p>\n<p><a title=\"Some Adam\/Satan\/Ibl\u012bs materials\" href=\"http:\/\/pages.charlotte.edu\/john-reeves\/course-materials\/rels-3000\/angels-demons-in-biblical-folklore\/some-adamsataniblis-materials\/\">Some Adam\/Satan\/Ibl\u012bs materials<\/a><\/p>\n<p>Some Remarks on the Convergence of Art and Magic<\/p>\n<p>Star of the Magi Traditions in Syriac Sources<\/p>\n<p><a title=\"Theodore bar Konai on Mani and Manichaeism\" href=\"http:\/\/pages.charlotte.edu\/john-reeves\/publications\/unpublished-lectures-and-fragmenta\/theodore-bar-konai-on-mani-and-manichaeism\/\">Theodore bar Konai on Mani and Manichaeism<\/a><\/p>\n<p><a title=\"Various Zechariah Legends\" href=\"http:\/\/pages.charlotte.edu\/john-reeves\/publications\/unpublished-lectures-and-fragmenta\/various-zechariah-legends\/\">Various Zechariah Legends<\/a><\/p>\n<p>Vita Rabbula<\/p>\n<p><a href=\"http:\/\/pages.charlotte.edu\/john-reeves\/course-materials\/rels-4107\/who-wrote-the-dead-sea-scrolls\/\">Who Wrote the Dead Sea Scrolls?<\/a><\/p>\n<p><a title=\"Ya&#096;q\u016bb\u012b,\u00a0Ta\u2019r\u012bkh\" href=\"http:\/\/pages.charlotte.edu\/john-reeves\/publications\/unpublished-lectures-and-fragmenta\/yaqubi-tarikh\/\">Ya`q\u016bb\u012b,\u00a0<em>Ta&#8217;r\u012bkh<\/em><\/a>\u00a0(from Adam through Noah)<\/p>\n","protected":false},"excerpt":{"rendered":"<p>Adam&#8217;s Demon Bride Assorted Near Eastern Apocalypses Bardesanite Cosmology, A Manichaean Mythologoumenon, and Gaonic Jewish Esotericism: Reflections on Some Common Motifs B\u012br\u016bn\u012b on the Sabians Chronicles of Moses\u00a0(ed. Jellinek) Deuteronomy Rabbah\u00a0on the death of Moses Life of Ephrem Syrus Mekhilta de R. Ishmael\u00a0on prophecy Shahrast\u0101n\u012b on Mani and Manichaeism Some Adam\/Satan\/Ibl\u012bs materials Some Remarks on [&hellip;]<\/p>\n","protected":false},"author":454,"featured_media":0,"parent":99,"menu_order":1,"comment_status":"closed","ping_status":"open","template":"","meta":{"jetpack_post_was_ever_published":false,"footnotes":""},"class_list":["post-106","page","type-page","status-publish","hentry"],"jetpack_shortlink":"https:\/\/wp.me\/P3kl1F-1I","jetpack_sharing_enabled":true,"_links":{"self":[{"href":"https:\/\/pages.charlotte.edu\/john-reeves\/wp-json\/wp\/v2\/pages\/106","targetHints":{"allow":["GET"]}}],"collection":[{"href":"https:\/\/pages.charlotte.edu\/john-reeves\/wp-json\/wp\/v2\/pages"}],"about":[{"href":"https:\/\/pages.charlotte.edu\/john-reeves\/wp-json\/wp\/v2\/types\/page"}],"author":[{"embeddable":true,"href":"https:\/\/pages.charlotte.edu\/john-reeves\/wp-json\/wp\/v2\/users\/454"}],"replies":[{"embeddable":true,"href":"https:\/\/pages.charlotte.edu\/john-reeves\/wp-json\/wp\/v2\/comments?post=106"}],"version-history":[{"count":21,"href":"https:\/\/pages.charlotte.edu\/john-reeves\/wp-json\/wp\/v2\/pages\/106\/revisions"}],"predecessor-version":[{"id":2045,"href":"https:\/\/pages.charlotte.edu\/john-reeves\/wp-json\/wp\/v2\/pages\/106\/revisions\/2045"}],"up":[{"embeddable":true,"href":"https:\/\/pages.charlotte.edu\/john-reeves\/wp-json\/wp\/v2\/pages\/99"}],"wp:attachment":[{"href":"https:\/\/pages.charlotte.edu\/john-reeves\/wp-json\/wp\/v2\/media?parent=106"}],"curies":[{"name":"wp","href":"https:\/\/api.w.org\/{rel}","templated":true}]}}