
{"id":108,"date":"2013-04-10T20:49:02","date_gmt":"2013-04-10T20:49:02","guid":{"rendered":"http:\/\/pages.charlotte.edu\/john-reeves\/?page_id=108"},"modified":"2025-12-05T15:40:42","modified_gmt":"2025-12-05T20:40:42","slug":"links","status":"publish","type":"page","link":"https:\/\/pages.charlotte.edu\/john-reeves\/links\/","title":{"rendered":"Links"},"content":{"rendered":"<h3>Professional Associations and Institutes<\/h3>\n<p><a href=\"http:\/\/www.aarweb.org\/\">American Academy of Religion<\/a><br \/>\n<a href=\"https:\/\/www.aspa1842.org\/content.aspx?page_id=0&amp;club_id=510948\">American Society for Premodern Asia<\/a> (formerly American Oriental Society)<br \/>\n<a href=\"http:\/\/www.papyrology.org\/\">American Society of Papyrologists<\/a><br \/>\n<a href=\"http:\/\/www.aramsociety.org\/\">ARAM Society for Syro-Mesopotamian Studies<\/a><br \/>\n<a href=\"https:\/\/www.associationforjewishstudies.org\/about-ajs\">Association for Jewish Studies<\/a><br \/>\n<a href=\"https:\/\/www.esswe.org\/\">European Society for the Study of Western Esotericism<\/a><br \/>\n<a href=\"https:\/\/katz.sas.upenn.edu\/\">Herbert D. Katz Center for Advanced Jewish Studies<\/a><br \/>\n<a href=\"http:\/\/www.ias.edu\/\">Institute for Advanced Studies, Princeton University<\/a><br \/>\n<a href=\"http:\/\/www.iahr.dk\/\">International Association for the History of Religions<\/a><br \/>\n<a href=\"http:\/\/manichaeism.de\">International Association of Manichaean Studies<\/a><br \/>\n<a href=\"http:\/\/iqsaweb.wordpress.com\/\">International Qur&#8217;anic Studies Association<\/a><br \/>\n<a href=\"https:\/\/www.middleeastmedievalists.com\/\">Middle East Medievalists<\/a><br \/>\n<a href=\"http:\/\/nasscal.com\">North American Society for the Study of Christian Apocryphal Literature<\/a><br \/>\n<a href=\"http:\/\/oi.uchicago.edu\/\">Oriental Institute, University of Chicago<\/a><br \/>\n<a href=\"http:\/\/www.ochjs.ac.uk\/home\">Oxford Centre for Hebrew and Jewish Studies<\/a><br \/>\n<a href=\"http:\/\/www.ocla.ox.ac.uk\/\">Oxford Centre for Late Antiquity<\/a><br \/>\n<a href=\"https:\/\/www.judeo-arabic-culture.org\/en\/about-the-company\">Society for Judaeo-Arabic Studies<\/a><br \/>\n<a href=\"http:\/\/www.sbl-site.org\/\">Society of Biblical Literature<\/a><\/p>\n<h3>Textual and Material Resources<\/h3>\n<p><a href=\"http:\/\/papyri.info\/docs\/apis\">Advanced Papyrological Information System (APIS)<\/a><br \/>\n<a href=\"https:\/\/www.bibleodyssey.org\/\">Bible Odyssey<\/a><br \/>\n<a href=\"https:\/\/www.die-bibel.de\/\">Bibles<\/a>\u00a0(online editions of BHS, Rahlfs\/Hanhart LXX, Weber\/Gryson Vulgata, and Nestle-Aland 27. Aufl.)<br \/>\n<a href=\"https:\/\/biblia-arabica.com\/\">Biblia Arabica<\/a><br \/>\n<a href=\"http:\/\/www2.szepmuveszeti.hu\/talismans\/bibliography\/30\">Campbell Bonner Magical Gems Database<\/a><br \/>\nCircle of Ancient Iranian Studies<br \/>\n<a href=\"http:\/\/www.codexsinaiticus.org\/en\">Codex Sinaiticus<\/a><br \/>\n<a href=\"http:\/\/www.uni-koeln.de\/phil-fak\/ifa\/NRWakademie\/papyrologie\/Manikodex\/bildermani.html\">Cologne Mani Codex<\/a><br \/>\n<a href=\"http:\/\/cal.huc.edu\/\">Comprehensive Aramaic Lexicon<\/a><br \/>\n<a href=\"https:\/\/csc.huji.ac.il\/comprehensive-bibliography-syriac-christianity\">Comprehensive Bibliography on Syriac Christianity<\/a><br \/>\n<a href=\"https:\/\/corpuscoranicum.de\/en\">Corpus Coranicum<\/a><br \/>\n<a href=\"https:\/\/cdli.earth\/\">Cuneiform Digital Library Initiative<\/a><br \/>\n<a href=\"http:\/\/www.deadseascrolls.org.il\/home\">Dead Sea Scrolls Digital Library<\/a><br \/>\n<a href=\"http:\/\/dss.collections.imj.org.il\/\">Digital Dead Sea Scrolls, Israel Museum<\/a><br \/>\n<a href=\"https:\/\/dlmenetwork.org\/library\">Digital Library of the Middle East<\/a><br \/>\n<a href=\"https:\/\/syriaccorpus.org\/index.html\">Digital Syriac Corpus<\/a><br \/>\n<a href=\"https:\/\/www.ebl.lmu.de\/\">Electronic Babylonian Library<\/a> (eBL)<br \/>\n<a href=\"http:\/\/www.iranicaonline.org\/\">Encyclopaedia Iranica<\/a><br \/>\n<a href=\"http:\/\/www.etana.org\/\">Etana (Electronic Tools and Ancient Near Eastern Archives)<\/a><br \/>\n<a href=\"https:\/\/gedsh.bethmardutho.org\/index.html\">Gorgias Encyclopedic Dictionary of the Syriac Heritage<\/a> (e-GEDSH)<br \/>\nHieroi Logoi &#8212; Digital Resources for Religion in Late Antiquity<br \/>\n<a href=\"http:\/\/www.hmml.org\/\">Hill Museum &amp; Manuscript Library<\/a><br \/>\n<a href=\"http:\/\/egora.uni-muenster.de\/intf\/\">Institut f\u00fcr neutestamentliche Textforschung, Universit\u00e4t M\u00fcnster<\/a><br \/>\nInstitute of Microfilmed Hebrew Manuscripts, Jerusalem<br \/>\n<a href=\"http:\/\/idp.bl.uk\/\">International Dunhuang Project<\/a><br \/>\n<a href=\"http:\/\/www.nlm.nih.gov\/hmd\/arabic\/arabichome.html\">Islamic Manuscripts at the National Institute of Health<\/a><br \/>\nJewish National and University Library Digitized Book Repository<br \/>\n<a href=\"http:\/\/web.nli.org.il\/sites\/NLIS\/en\/ManuScript\/\">Ktiv: The International Collection of Digitized Hebrew Manuscripts<\/a><br \/>\n<a href=\"http:\/\/kodesh.snunit.k12.il\/\">Ma&#8217;agar Sifrut ha-Qodesh<\/a>\u00a0(Tanakh, Mishnah, Tosefta, Bavli, Yerushalmi, Midrash Tanhuma, Rambam&#8217;s\u00a0Mishneh Torah)<br \/>\n<a href=\"https:\/\/ancientesotericism.com\/\">Network for the Study of Esotericism in Antiquity<\/a><br \/>\nOnline Critical Pseudepigrapha<br \/>\nOnline Treasury of Talmudic Manuscripts<br \/>\n<a href=\"http:\/\/oracc.museum.upenn.edu\/index.html\">Open Richly Annotated Cuneiform Corpus<\/a><br \/>\n<a href=\"http:\/\/orion.mscc.huji.ac.il\/\">Orion Center for the Study of the Dead Sea Scrolls<\/a><br \/>\n<a href=\"http:\/\/www.papyrology.ox.ac.uk\/\">Oxyrhynchus Papyri Project<\/a><br \/>\n<a href=\"http:\/\/www.tertullian.org\/fathers\/patrologia_orientalis_toc.htm\">Patrologia Syriaca and Patrologia Orientalis<\/a><br \/>\n<a href=\"https:\/\/colenda.library.upenn.edu\/?_=1681413416112&amp;q=cairo+genizah&amp;search_field=all_fields&amp;sort=system_modified_dtsi+desc\">Penn\/Cambridge Genizah Fragment Project<\/a><br \/>\n<a href=\"https:\/\/pentateuch.digital\/\">Pentateuch.Digital<\/a> (an open-access version of Pentateuchal sources overseen by Seth L. Sanders)<br \/>\nPirqe de-Rabbi Eliezer Electronic Text Project<br \/>\n<a href=\"http:\/\/bav.bodleian.ox.ac.uk\/\">Polonsky Foundation Digitization Project <\/a>(mss &amp;\u00a0incunabula from the Bodleian &amp; Vatican Libraries)<br \/>\n<a href=\"https:\/\/geniza.princeton.edu\/en\/\">Princeton Geniza Project<\/a><br \/>\n<a href=\"http:\/\/islam.org\/Mosque\/ArabicScript\/sindex.htm\">Qur&#8217;an (Arabic text, oral recitation, English translation)<\/a><br \/>\n<a href=\"http:\/\/www.rabbinics.org\/\">Rabbinics Resources Online<\/a><br \/>\n<a href=\"http:\/\/www.schoyencollection.com\/\">Sch\u00f8yen Collection<\/a><br \/>\n<a href=\"http:\/\/www.scrinium.ru\/about\">Scrinium<\/a><br \/>\n<a href=\"https:\/\/www.sefaria.org\/texts\">Sefaria<\/a><br \/>\nSeforim Online\u00a0(digital versions of rare Hebrew manuscripts and printed works)<br \/>\nSyriac Books\u00a0(a digital repository of some important editions and manuscript catalogues)<br \/>\nSyriac Electronic Corpus<br \/>\n<a href=\"http:\/\/www.bethmardutho.org\/\">The Syriac Institute<\/a><br \/>\n<a href=\"http:\/\/www.lib.byu.edu\/dlib\/cua\">Syriac Studies Reference Library<\/a><br \/>\n<a href=\"http:\/\/halakhah.com\/\">Talmud Bavli (Soncino translation)<\/a><a href=\"http:\/\/www.bethmardutho.org\/\"><br \/>\n<\/a><a href=\"http:\/\/www.mechon-mamre.org\/i\/t\/t0.htm\">Tanakh (Aleppo Codex)<\/a><br \/>\n<a href=\"https:\/\/www.lib.cam.ac.uk\/collections\/departments\/taylor-schechter-genizah-research-unit\">Taylor-Schechter Genizah Research Unit<\/a><br \/>\n<a href=\"http:\/\/titus.uni-frankfurt.de\/indexe.htm\">Thesaurus Indogermanischer Text- und Sprachmaterialien<\/a><br \/>\n<a href=\"http:\/\/www.trismegistos.org\/index.html\">Trismegistos<\/a><br \/>\n<a href=\"https:\/\/www.bbaw.de\/forschung\/turfanforschung\">Turfanforschung, Berlin-Brandenburgische Akademie der Wissenschaften<\/a><br \/>\nUnion Catalogue of Oriental Manuscripts in German Collections<br \/>\nVirtual Magic Bowl Archive<br \/>\n<a href=\"https:\/\/dornsife.usc.edu\/wsrp\/\">West Semitic Research Project<\/a><br \/>\n<a href=\"http:\/\/www.sup.org\/zohar\">The Zohar: Pritzker Edition<\/a><br \/>\n<a href=\"http:\/\/www.avesta.org\/avesta.html\">Zoroastrian Archives<\/a><\/p>\n<h3>Miscellaneous Sites of Interest<\/h3>\n<p>Dinur Center for Research in Jewish History<br \/>\nDisinformation<br \/>\n<a href=\"http:\/\/www.nascar.com\/\">NASCAR Online<\/a><\/p>\n","protected":false},"excerpt":{"rendered":"<p>Professional Associations and Institutes American Academy of Religion American Society for Premodern Asia (formerly American Oriental Society) American Society of Papyrologists ARAM Society for Syro-Mesopotamian Studies Association for Jewish Studies European Society for the Study of Western Esotericism Herbert D. Katz Center for Advanced Jewish Studies Institute for Advanced Studies, Princeton University International Association for [&hellip;]<\/p>\n","protected":false},"author":454,"featured_media":0,"parent":0,"menu_order":30,"comment_status":"closed","ping_status":"closed","template":"","meta":{"jetpack_post_was_ever_published":false,"footnotes":""},"class_list":["post-108","page","type-page","status-publish","hentry"],"jetpack_shortlink":"https:\/\/wp.me\/P3kl1F-1K","jetpack_sharing_enabled":true,"_links":{"self":[{"href":"https:\/\/pages.charlotte.edu\/john-reeves\/wp-json\/wp\/v2\/pages\/108","targetHints":{"allow":["GET"]}}],"collection":[{"href":"https:\/\/pages.charlotte.edu\/john-reeves\/wp-json\/wp\/v2\/pages"}],"about":[{"href":"https:\/\/pages.charlotte.edu\/john-reeves\/wp-json\/wp\/v2\/types\/page"}],"author":[{"embeddable":true,"href":"https:\/\/pages.charlotte.edu\/john-reeves\/wp-json\/wp\/v2\/users\/454"}],"replies":[{"embeddable":true,"href":"https:\/\/pages.charlotte.edu\/john-reeves\/wp-json\/wp\/v2\/comments?post=108"}],"version-history":[{"count":75,"href":"https:\/\/pages.charlotte.edu\/john-reeves\/wp-json\/wp\/v2\/pages\/108\/revisions"}],"predecessor-version":[{"id":2064,"href":"https:\/\/pages.charlotte.edu\/john-reeves\/wp-json\/wp\/v2\/pages\/108\/revisions\/2064"}],"wp:attachment":[{"href":"https:\/\/pages.charlotte.edu\/john-reeves\/wp-json\/wp\/v2\/media?parent=108"}],"curies":[{"name":"wp","href":"https:\/\/api.w.org\/{rel}","templated":true}]}}