
{"id":1422,"date":"2017-01-05T14:59:05","date_gmt":"2017-01-05T19:59:05","guid":{"rendered":"http:\/\/pages.charlotte.edu\/john-reeves\/?page_id=1422"},"modified":"2022-01-07T09:33:15","modified_gmt":"2022-01-07T14:33:15","slug":"lbst-2212-literature-and-culture-spring-2017","status":"publish","type":"page","link":"https:\/\/pages.charlotte.edu\/john-reeves\/course-materials\/lbst-2212-literature-and-culture-spring-2017\/","title":{"rendered":"LBST 2212 Literature and Culture"},"content":{"rendered":"<div id=\"attachment_1438\" style=\"width: 261px\" class=\"wp-caption alignleft\"><a href=\"https:\/\/i0.wp.com\/pages.charlotte.edu\/john-reeves\/wp-content\/uploads\/sites\/521\/2017\/01\/blake-fallen-angels.jpg?ssl=1\"><img data-recalc-dims=\"1\" loading=\"lazy\" decoding=\"async\" aria-describedby=\"caption-attachment-1438\" class=\"size-medium wp-image-1438\" src=\"https:\/\/i0.wp.com\/pages.charlotte.edu\/john-reeves\/wp-content\/uploads\/sites\/521\/2017\/01\/blake-fallen-angels-251x300.jpg?resize=251%2C300&#038;ssl=1\" alt=\"drawing by william blake\" width=\"251\" height=\"300\" srcset=\"https:\/\/i0.wp.com\/pages.charlotte.edu\/john-reeves\/wp-content\/uploads\/sites\/521\/2017\/01\/blake-fallen-angels.jpg?resize=251%2C300&amp;ssl=1 251w, https:\/\/i0.wp.com\/pages.charlotte.edu\/john-reeves\/wp-content\/uploads\/sites\/521\/2017\/01\/blake-fallen-angels.jpg?resize=768%2C917&amp;ssl=1 768w, https:\/\/i0.wp.com\/pages.charlotte.edu\/john-reeves\/wp-content\/uploads\/sites\/521\/2017\/01\/blake-fallen-angels.jpg?resize=857%2C1024&amp;ssl=1 857w, https:\/\/i0.wp.com\/pages.charlotte.edu\/john-reeves\/wp-content\/uploads\/sites\/521\/2017\/01\/blake-fallen-angels.jpg?w=2000 2000w\" sizes=\"auto, (max-width: 251px) 100vw, 251px\" \/><\/a><p id=\"caption-attachment-1438\" class=\"wp-caption-text\">William Blake, &#8220;The descent of the angels to a daughter of man&#8221;<\/p><\/div>\n<p><a href=\"http:\/\/pages.charlotte.edu\/john-reeves\/course-materials\/lbst-2212-literature-and-culture-spring-2017\/course-syllabus\/\">Course syllabus<\/a> (Fall 2021)<\/p>\n<p><a href=\"http:\/\/quod.lib.umich.edu\/k\/kjv\/\"><span style=\"color: #000000\">Searchable KJV Bible<\/span><\/a><\/p>\n<p><a href=\"http:\/\/quod.lib.umich.edu\/r\/rsv\/\"><span style=\"color: #000000\">Searchable RSV Bible<\/span><\/a><\/p>\n<p><a href=\"https:\/\/ebible.org\/eng-Brenton\/\"><span style=\"color: #000000\">Septuagint in English<\/span><\/a><\/p>\n<p><a href=\"http:\/\/www.pseudepigrapha.com\/\"><span style=\"color: #000000\">Apocrypha &amp; Pseudepigrapha in English<\/span><\/a><\/p>\n<p><a href=\"http:\/\/pages.charlotte.edu\/john-reeves\/course-materials\/rels-2104-hebrew-scripturesold-testament\/translation-of-1q-genesis-apocryphon\/\">Genesis Apocryphon<\/a> (1QapGen)<\/p>\n<p><a href=\"http:\/\/quran.al-islam.org\/\"><span style=\"color: #000000\">Qur\u2019\u0101n in Arabic &amp; English<\/span><\/a><\/p>\n<p><a href=\"http:\/\/gnosis.org\/library.html\">The Gnostic Society Library<\/a><\/p>\n<p><a title=\"Ya&#096;q\u016bb\u012b,\u00a0Ta\u2019r\u012bkh\" href=\"https:\/\/pages.charlotte.edu\/john-reeves\/publications\/unpublished-lectures-and-fragmenta\/yaqubi-tarikh\/\">Ya`q\u00fbb\u00ee,\u00a0<\/a><em><a title=\"Ya&#096;q\u016bb\u012b,\u00a0Ta\u2019r\u012bkh\" href=\"https:\/\/pages.charlotte.edu\/john-reeves\/publications\/unpublished-lectures-and-fragmenta\/yaqubi-tarikh\/\">Ta\u00b4r\u00eekh<\/a>\u00a0<\/em>(from Adam through Noah)<\/p>\n","protected":false},"excerpt":{"rendered":"<p>Course syllabus (Fall 2021) Searchable KJV Bible Searchable RSV Bible Septuagint in English Apocrypha &amp; Pseudepigrapha in English Genesis Apocryphon (1QapGen) Qur\u2019\u0101n in Arabic &amp; English The Gnostic Society Library Ya`q\u00fbb\u00ee,\u00a0Ta\u00b4r\u00eekh\u00a0(from Adam through Noah)<\/p>\n","protected":false},"author":454,"featured_media":0,"parent":31,"menu_order":0,"comment_status":"closed","ping_status":"closed","template":"","meta":{"jetpack_post_was_ever_published":false,"footnotes":""},"class_list":["post-1422","page","type-page","status-publish","hentry"],"jetpack_shortlink":"https:\/\/wp.me\/P3kl1F-mW","jetpack_sharing_enabled":true,"_links":{"self":[{"href":"https:\/\/pages.charlotte.edu\/john-reeves\/wp-json\/wp\/v2\/pages\/1422","targetHints":{"allow":["GET"]}}],"collection":[{"href":"https:\/\/pages.charlotte.edu\/john-reeves\/wp-json\/wp\/v2\/pages"}],"about":[{"href":"https:\/\/pages.charlotte.edu\/john-reeves\/wp-json\/wp\/v2\/types\/page"}],"author":[{"embeddable":true,"href":"https:\/\/pages.charlotte.edu\/john-reeves\/wp-json\/wp\/v2\/users\/454"}],"replies":[{"embeddable":true,"href":"https:\/\/pages.charlotte.edu\/john-reeves\/wp-json\/wp\/v2\/comments?post=1422"}],"version-history":[{"count":20,"href":"https:\/\/pages.charlotte.edu\/john-reeves\/wp-json\/wp\/v2\/pages\/1422\/revisions"}],"predecessor-version":[{"id":1953,"href":"https:\/\/pages.charlotte.edu\/john-reeves\/wp-json\/wp\/v2\/pages\/1422\/revisions\/1953"}],"up":[{"embeddable":true,"href":"https:\/\/pages.charlotte.edu\/john-reeves\/wp-json\/wp\/v2\/pages\/31"}],"wp:attachment":[{"href":"https:\/\/pages.charlotte.edu\/john-reeves\/wp-json\/wp\/v2\/media?parent=1422"}],"curies":[{"name":"wp","href":"https:\/\/api.w.org\/{rel}","templated":true}]}}