
{"id":1680,"date":"2020-08-18T16:34:45","date_gmt":"2020-08-18T20:34:45","guid":{"rendered":"http:\/\/pages.charlotte.edu\/john-reeves\/?page_id=1680"},"modified":"2020-08-24T14:38:25","modified_gmt":"2020-08-24T18:38:25","slug":"course-syllabus-for-jewish-aramaic","status":"publish","type":"page","link":"https:\/\/pages.charlotte.edu\/john-reeves\/course-materials\/rels-6000-readings-in-jewish-aramaic\/course-syllabus-for-jewish-aramaic\/","title":{"rendered":"Course syllabus for Jewish Aramaic"},"content":{"rendered":"<p>RELS 6000<br \/>\nReadings in Jewish Aramaic<br \/>\nR 2:30-5:15<br \/>\nDr. John C. Reeves<br \/>\nMacy 204B<br \/>\nOffice hours: by appointment only<br \/>\n<a href=\"mailto:jcreeves@uncc.edu\">jcreeves@uncc.edu<\/a><\/p>\n<p><strong>Course description<\/strong>: This course provides an introduction to the Aramaic language for those graduate students who are already reasonably conversant with the linguistic structures of biblical Hebrew.<a href=\"#_ftn1\" name=\"_ftnref1\">[1]<\/a>\u00a0 We will learn the basic principles of Aramaic grammar, vocabulary, and syntax while simultaneously reading and translating Aramaic texts drawn from the Bible, the Dead Sea Scrolls, Jewish epigraphic inscriptions, and rabbinic literature.<\/p>\n<p><strong>Required textbooks<\/strong>:<\/p>\n<p>Frederick E. Greenspahn, <em>An Introduction to Aramaic<\/em> (2d ed.; Atlanta: Society of Biblical Literature, 2003).<\/p>\n<p>K. Elliger, et al., eds., <em>Biblia Hebraica Stuttgartensia<\/em> (Stuttgart: Deutsche Bibelstiftung, 1977).<\/p>\n<p>Marcus Jastrow, <em>A Dictionary of the Targumim, the Talmud Babli and Yerushalmi, and the Midrashic Literature<\/em> (reprinted, New York: Judaica Press, 1980).\u00a0 It is available online <a href=\"http:\/\/www.tyndalearchive.com\/TABS\/Jastrow\/index.htm\">here<\/a>.<\/p>\n<p>Most Aramaic texts will be reproduced and distributed as needed by the instructor from the following works:<\/p>\n<p>Klaus Beyer, <em>Die aram\u00e4ischen Texte vom Toten Meer<\/em> (G\u00f6ttingen: Vandenhoeck &amp; Ruprecht, 1984).<\/p>\n<p>Gustaf Dalman, ed., <em>Aram\u00e4ische Dialektproben<\/em> (Leipzig: J. C. Hinrichs, 1896).<\/p>\n<p>Adalbertus Merx, ed., <em>Chrestomathia Targumica<\/em> (Berlin: H. Reuther, 1888).<\/p>\n<p>Jul. Henr. Petermann, ed., <em>Brevis Linguae Chaldaicae<\/em> (2d ed.; Berlin: G. Eichler, 1872).<\/p>\n<p>Hermann L. Strack, <em>Grammatik des biblisch-aram\u00e4ischen<\/em> (6<sup>th<\/sup> ed.; M\u00fcnchen: C. H. Beck, 1921).<\/p>\n<p><strong>Recommended purchases: (* = not available at UNC Charlotte bookstore)<\/strong><\/p>\n<p>*Franz Rosenthal, <em>A Grammar of Biblical Aramaic<\/em> (Wiesbaden: Otto Harrassowitz, 1961), or later reprints.\u00a0 I can provide you with an electronic copy of this resource.<\/p>\n<p>*Joseph A. Fitzmyer &amp; Daniel J. Harrington, <em>A Manual of Palestinian Aramaic Texts<\/em> (Rome: Biblical Institute Press, 1978).<\/p>\n<p>*Michael Sokoloff, <em>A Dictionary of Jewish Palestinian Aramaic<\/em> (2d ed.; Ramat-Gan: Bar Ilan University Press, 2002).<\/p>\n<p>Supplementary readings and\/or exercises will be assigned or distributed by the instructor as needed.<\/p>\n<p><strong>Course requirements<\/strong>:<\/p>\n<p>a.<em> Diligent attendance<\/em>. <u>Almost perfect attendance is an essential requirement for this course<\/u>. Each class session builds upon the knowledge gained and skills acquired during previous meetings.\u00a0 Moreover, oral recitation and discussion of assigned readings comprises a significant portion of almost every class session; if you are not present to recite or otherwise participate, a value of 0 for this portion of your grade is the inevitable result.\u00a0 The instructor\u2019s assessment of one\u2019s attendance, class preparation, homework exercises,<a href=\"#_ftn2\" name=\"_ftnref2\">[2]<\/a> performance on quizzes (should such be required), and oral recitation will constitute 100% of the final course grade.<\/p>\n<p>b.<em> Critical discussions<\/em>. Almost every week during a portion of the class period students will orally expound and collectively discuss the content of at least one secondary article or essay that has been previously assigned by the instructor. Individual students may be asked to present and guide our discussions. The readings will initially come from the bibliography of articles listed below. The instructor\u2019s evaluation of the student\u2019s contributions to these assignments will be factored into the class preparation component of the final course grade.<\/p>\n<p>c. Each student is responsible for all lectures, class discussions, assignments, and announcements, whether or not he\/she is present when they occur.<\/p>\n<p>d. It is the policy of UNC Charlotte for the Fall 2020 semester that as a condition of on-campus enrollment, all students are required to engage in safe behaviors to avoid the spread of COVID-19 in our community. Such behaviors specifically include the requirement that all students properly wear <a href=\"https:\/\/www.cdc.gov\/coronavirus\/2019-ncov\/prevent-getting-sick\/how-to-wear-cloth-face-coverings.html\">CDC-compliant face coverings <\/a>while in buildings including in this classroom. Students are permitted to remove face coverings in the classroom only when I explicitly grant permission to do so (such as while asking a question, participating in class discussion, or giving a presentation) and while at an appropriate physical distance from others. Failure to comply with this policy in this classroom may result in dismissal from the current class session. If a student refuses to follow this policy, s\/he will be referred to the Office of Student Conduct and Academic Integrity for charges under the\u00a0<a href=\"https:\/\/legal.uncc.edu\/policies\/up-406\">Code of Student Responsibility<\/a>.<\/p>\n<p><strong>Miscellaneous information<\/strong>:<\/p>\n<p>a. The grading scale used in this course is as follows:<\/p>\n<p style=\"padding-left: 40px\">91-100\u00a0\u00a0\u00a0\u00a0\u00a0\u00a0\u00a0\u00a0\u00a0\u00a0\u00a0\u00a0 A<\/p>\n<p style=\"padding-left: 40px\">81-90\u00a0\u00a0\u00a0\u00a0\u00a0\u00a0\u00a0\u00a0\u00a0\u00a0\u00a0\u00a0\u00a0\u00a0 B<\/p>\n<p style=\"padding-left: 40px\">71-80\u00a0\u00a0\u00a0\u00a0\u00a0\u00a0\u00a0\u00a0\u00a0\u00a0\u00a0\u00a0\u00a0\u00a0 C<\/p>\n<p style=\"padding-left: 40px\">\u00a0 0-70\u00a0\u00a0\u00a0\u00a0\u00a0\u00a0\u00a0\u00a0\u00a0\u00a0\u00a0\u00a0\u00a0\u00a0 U<\/p>\n<p>b. One of the requirements of this course is to complete the work of the course on time. Sometimes there are legitimate reasons for late work\u2014an illness or other emergency. \u2018Emergency,\u2019 however, does not include your social involvements, travel plans, job schedule, disk, wi-fi, and\/or printer failures, the state of your love life, your obligations to other courses, or general malaise over the state of the world.\u00a0 The world has been in a mess as long as anyone can remember, and most of the world\u2019s work is done by people whose lives are a mass of futility and discontent.\u00a0 If you haven\u2019t learned yet, you had better learn now to work under the conditions of the world as it is.\u00a0 Therefore:<\/p>\n<p style=\"padding-left: 40px\">1) All assignments are due at their announced dates and times.\u00a0 In other words (and please note well!), there will be NO MAKEUP OPPORTUNITIES scheduled.\u00a0 All missed assignments (these include weekly oral recitations!) will be averaged as a 0 in the computation of the course grade.\u00a0 No exceptions will be considered or granted.<\/p>\n<p style=\"padding-left: 40px\">2) Written homework exercises must be typed, double-spaced, and submitted by email to me in either Microsoft Word or Adobe format prior to the start of the class for which they have been assigned.\u00a0 No physical copies of homework will be accepted or returned.\u00a0 Written homework exercises are assessed according to the following formulae: \u221a+ = A (roughly 5 or fewer errors); \u221a = B (roughly 6-20 errors); \u221a- = U (more than 20 errors and\/or incomplete work).<\/p>\n<p style=\"padding-left: 40px\">3) For accounting purposes, letter grades bear the following values: A=95; B=85; C=75; U=35.<\/p>\n<p style=\"padding-left: 40px\">4) Since your diligent physical participation is critical for the success of this course, attendance at class meetings will be monitored by the instructor.\u00a0 One absence is regrettable; two absences are the limit of tolerability.\u00a0 <u>Three (3) or more absences will result in an automatic U for the course<\/u>.\u00a0 Please note that the instructor does not distinguish \u2018excused\u2019 from \u2018unexcused\u2019 absences.\u00a0 Unsanctioned late arrivals and early departures will be tallied as absences.<\/p>\n<p>c. For absences related to COVID-19, please adhere to the following:<\/p>\n<ul>\n<li><strong>Do not come to class if you are sick<\/strong>.\u00a0 Please\u00a0protect your health and the health of others by staying home. Contact your healthcare provider if you believe you are ill.<\/li>\n<li><strong>If you are sick<\/strong>: If you test positive or are evaluated by a healthcare provider for\u00a0<a href=\"https:\/\/www.cdc.gov\/coronavirus\/2019-ncov\/symptoms-testing\/symptoms.html?CDC_AA_refVal=https%3A%2F%2Fwww.cdc.gov%2Fcoronavirus%2F2019-ncov%2Fabout%2Fsymptoms.html\">symptoms of COVID-19<\/a>,\u00a0<a href=\"https:\/\/forms.gle\/BAH4efQ8xab3ickJ7\">complete this form <\/a>to alert the University. Representatives from Emergency Management and\/or the Student Health Center will follow up with you as necessary, and your instructors will be notified.<\/li>\n<li><strong>If you have been exposed <\/strong>to COVID-19 positive individuals and\/or have been notified to self-quarantine due to exposure,\u00a0<a href=\"https:\/\/forms.gle\/BAH4efQ8xab3ickJ7\">complete this form<\/a>\u00a0to alert the University. Representatives from Emergency Management and\/or the Student Health Center will follow up with you as necessary, and your instructors will be notified.<\/li>\n<\/ul>\n<p>To return to class after being absent due to a COVID-19 diagnosis or due to a period of self-quarantine, students should submit an\u00a0<a href=\"https:\/\/sass.uncc.edu\/services\/absence-verification\">online request form<\/a>\u00a0to Student Assistance and Support Services (SASS). Supporting documentation can be attached directly to the request form and should be from a student&#8217;s health care provider or the Student Health Center, clearly indicating the dates of absences and the date the student is able to return to class. Instructors will be notified of such absences.<\/p>\n<p>If you are absent from class as a result of a COVID-19 diagnosis or quarantine, I will try to help you continue to make progress in the course by providing remote learning resources and\/or assignments. Please bear in mind that the final decision for approval of all absences and missed work in this course is determined by the instructor.<\/p>\n<p>d. Assistance and solicitation of criticism is your right as a member of the class. It is not a privilege to be granted or withheld. Do not hesitate to request it nor wait too late in the course for it to be of help.<\/p>\n<p>e. A very important online resource for all things Aramaic is the <a href=\"http:\/\/cal.huc.edu\/\">Comprehensive Aramaic Lexicon<\/a>.<\/p>\n<p>f. The standards, requirements, and procedures set forth in this syllabus are subject to modification at any time by the course instructor.\u00a0 Notice of such changes will be by announcement in class, or by email, or by changes to this syllabus posted on the course website at <a href=\"https:\/\/pages.charlotte.edu\/john-reeves\/course-materials\/\">https:\/\/pages.charlotte.edu\/john-reeves\/course-materials\/<\/a>.<\/p>\n<p><strong>ARAMAIC LANGUAGE AND CULTURE BIBLIOGRAPHY<\/strong><\/p>\n<p>Philip S. Alexander, \u201cJewish Aramaic Translations of Hebrew Scriptures,\u201d in Martin Jan Mulder, ed.,<em> Mikra: Text, Translation, Reading and Interpretation of the Hebrew Bible in Ancient Judaism and Early Christianity<\/em> (CRINT 2.1; Assen\/Philadelphia: Van Gorcum\/Fortress Press, 1988), 217-53.<\/p>\n<p>______, \u201cThe Rabbinic Lists of Forbidden Targumim,\u201d <em>Journal of Jewish Studies<\/em> 27 (1976): 177-91.<\/p>\n<p>Paul-Alain Beaulieu, \u201cThe Babylonian Background of the Motif of the Fiery Furnace in Daniel 3,\u201d <em>Journal of Biblical Literature<\/em> 128 (2009): 273-90.<\/p>\n<p>Moshe J. Bernstein, \u201cDivine Titles and Epithets and the Sources of the <em>Genesis Apocryphon<\/em>,\u201d <em>Journal of Biblical Literature<\/em> 128 (2009): 291-310.<\/p>\n<p>Yochanan Breuer, \u201cAramaic in Late Antiquity,\u201d in Steven T. Katz, ed.,<em> The Cambridge History of Judaism, Volume IV: The Late Roman-Rabbinic Period<\/em> (Cambridge: Cambridge University Press, 2006), 457-91.<\/p>\n<p>______, \u201cThe Aramaic of the Talmudic Period,\u201d in Shmuel Safrai, et al., eds., <em>The Literature of the Sages, Second Part: Midrash and Targum, Liturgy, Poetry, Mysticism, Contracts, Inscriptions, Ancient Science, and the Languages of Rabbinic Literature<\/em> (CRINT 2.3b; Assen\/Minneapolis: Royal Van Gorcum\/Fortress Press, 2006), 597-625.<\/p>\n<p>Sebastian Brock, \u201cJewish Traditions in Syriac Sources,\u201d <em>Journal of Jewish Studies<\/em> 30 (1979): 212-32.<\/p>\n<p>Raymond A. Brown, \u201cArameans, Aramaic, and the Bible,\u201d <em>Journal of Near Eastern Studies<\/em> 7 (1948): 65-90.<\/p>\n<p>John J. Collins, \u201cJewish Apocalyptic Against its Hellenistic Near Eastern Environment,\u201d <em>Bulletin of the American Schools of Oriental Research<\/em> 220 (1975): 27-36.<\/p>\n<p>Steven D. Fraade, \u201cRabbinic Views on the Practice of Targum, and Multilingualism in the Jewish Galilee of the Third-Sixth Centuries,\u201d in Lee I. Levine, ed.,<em> The Galilee in Late Antiquity<\/em> (New York: Jewish Theological Seminary, 1992), 253-86.<\/p>\n<p>Jonas C. Greenfield, \u201cAramaic and its Dialects,\u201d in Herbert H. Paper, ed.,<em> Jewish Languages: Themes and Variations<\/em> (Cambridge, Mass.: Association for Jewish Studies, 1978), 29-43.<\/p>\n<p>______, \u201cAramaic in the Achaemenian Empire,\u201d in Ilya Gershevitch, ed.,<em> The Cambridge History of Iran, Volume Two: The Median and Achaemenian Periods<\/em> (Cambridge: Cambridge University Press, 1985), 698-713; 918-22.<\/p>\n<p>______, \u201cStandard Literary Aramaic,\u201d in Andr\u00e9 Caquot and David Cohen, eds.,<em> Actes du premier Congr\u00e8s international de linguistique s\u00e9mitique et chamito-s\u00e9mitique, Paris, 16-19 juillet 1969<\/em> (The Hague: Mouton, 1974), 280-89.<\/p>\n<p>J[onas]. C. Greenfield and M[ichael]. Sokoloff, \u201cAstrological and Related Omen Texts in Jewish Palestinian Aramaic,\u201d <em>Journal of Near Eastern Studies<\/em> 48 (1989): 201-214.<\/p>\n<p>Robert Hayward, \u201cThe Date of Targum Pseudo-Jonathan: Some Comments,\u201d <em>Journal of Jewish Studies<\/em> 40 (1989): 7-30.<\/p>\n<p>______, \u201cPirqe de Rabbi Eliezer and Targum Pseudo-Jonathan,\u201d <em>Journal of Jewish Studies<\/em> 42 (1991): 215-46.<\/p>\n<p>Tawny L. Holm, \u201cThe Fiery Furnace in the Book of Daniel and the Ancient Near East,\u201d <em>Journal of the American Oriental Society<\/em> 128 (2008): 85-104.<\/p>\n<p>Paul Kahle, \u201cThe Translations of the Bible,\u201d in idem, <em>The Cairo Geniza<\/em> (2d ed.; Oxford: Blackwell, 1959), 191-208.<\/p>\n<p>Stephen A. Kaufman, \u201cDating the Language of the Palestinian Targums and Their Use in the Study of First Century CE Texts,\u201d in D. R. G. Beattie and M. J. McNamara, eds.,<em> The Aramaic Bible: Targums in Their Historical Context<\/em> (JSOTSupSer 166; Sheffield: Sheffield Academic Press, 1994), 118-41.<\/p>\n<p>Samson H. Levey, \u201cThe Date of Targum Jonathan to the Prophets,\u201d <em>Vetus Testamentum<\/em> 21 (1971): 186-96.<\/p>\n<p>Christa M\u00fcller-Kessler, \u201cThe Earliest Evidence for Targum Onkelos from Babylonia and the Question of its Dialect and Origin,\u201d <em>Journal for the Aramaic Bible<\/em> 3 (2001): 181-98.<\/p>\n<p>Donald C. Polaski, \u201c<em>Mene, Mene, Teqel, Parsin<\/em>: Writing and Resistance in Daniel 5 and 6,\u201d <em>Journal of Biblical Literature<\/em> 123 (2004): 649-69.<\/p>\n<p>John C. Reeves, \u201c<em>Manichaica Aramaica<\/em>? Adam and the Magical Deliverance of Seth,\u201d <em>Journal of the American Oriental Society<\/em> 119 (1999): 432-39.<\/p>\n<p>John C. Reeves and Lu Waggoner, \u201cAn Illustration from the Apocrypha in an Eighteenth Century Passover Haggadah,\u201d <em>Hebrew Union College Annual<\/em> 59 (1988): 253-68.<\/p>\n<p>Zeev Safrai, \u201cThe Targums as Part of Rabbinic Literature,\u201d in Safrai, et al., eds., <em>The Literature of the Sages, Second Part \u2026<\/em>, 243-78.<\/p>\n<p>Emil Sch\u00fcrer, <em>The History of the Jewish People in the Age of Jesus Christ (175 B.C.-A.D. 135): A New English Version<\/em> (3 vols. in 4; rev. &amp; ed. Geza Vermes, Fergus Millar, and Martin Goodman; Edinburgh: T. &amp; T. Clark, 1973-87), 2:20-28.<\/p>\n<p>Avigdor Shinan, \u201cThe \u2018Palestinian\u2019 Targums: Repetitions, Internal Unity, Contradictions,\u201d <em>Journal of Jewish Studies<\/em> 36 (1985): 72-87.<\/p>\n<p>______, \u201cDating Targum Pseudo-Jonathan: Some More Comments,\u201d <em>Journal of Jewish Studies<\/em> 41 (1990): 57-61.<\/p>\n<p>Morton Smith, \u201cAramaic Studies and the Study of the New Testament,\u201d <em>Journal of Bible and Religion<\/em> 26 (1958): 304-13.<\/p>\n<p>Richard C. Steiner, \u201cThe Heading of the \u2018Book of the Words of Noah\u2019 on a Fragment of the Genesis Apocryphon: New Light on a \u2018Lost\u2019 Work,\u201d <em>Dead Sea Discoveries<\/em> 2 (1995): 66-71.<\/p>\n<p>______, \u201cPapyrus Amherst 63: A New Source for the Language, Literature, Religion, and History of the Aramaeans,\u201d in M. J. Geller, et al., eds., <em>Studia Aramaica: New Sources and New Approaches<\/em> (Oxford: Oxford University Press, 1995), 199-207.<\/p>\n<p>Harry Sysling, \u201cThe Use of Dramatic and Erotic Elements as a Literary Technique in Targum Pseudo-Jonathan,\u201d <em>Journal for the Aramaic Bible<\/em> 1 (1999): 147-61.<\/p>\n<p>Abraham Tal, \u201cIs There a Raison d\u2019\u00catre for an Aramaic Targum in a Hebrew-Speaking Society?\u201d <em>Revue des \u00e9tudes juives<\/em> 160 (2001): 357-78.<\/p>\n<p>Ben Zion Wacholder, \u201cThe Ancient Judaeo-Aramaic Literature (500-164 BCE): A Classification of Pre-Qumranic Texts,\u201d in Lawrence H. Schiffman, ed.,<em> Archaeology and History in the Dead Sea Scrolls: The New York University Conference in Memory of Yigael Yadin<\/em> (Sheffield: Sheffield Academic Press, 1990), 257-81.<\/p>\n<p>Joseph Yahalom, \u201cAngels Do Not Understand Aramaic: On the Literary Use of Jewish Palestinian Aramaic in Late Antiquity,\u201d <em>Journal of Jewish Studies<\/em> 47 (1996): 33-44.<\/p>\n<p><a href=\"#_ftnref1\" name=\"_ftn1\">[1]<\/a> Normally this specific course <u>requires<\/u> as its <u>minimum<\/u> prerequisite: (1) the successful completion at UNC Charlotte of LACS 1201 and 1202; i.e., \u2018Introduction to Biblical Hebrew I\u2019 and \u2018II\u2019; or (2) an equivalent sequence of introductory biblical Hebrew courses at another institution of higher learning; i.e., amounting to two semesters, three quarters, or one year; or (3) the verbal permission of the instructor.<\/p>\n<p><a href=\"#_ftnref2\" name=\"_ftn2\">[2]<\/a> Almost every class meeting will conclude with the assignment of readings and homework drawn initially from Greenspahn.\u00a0 Unless stated otherwise, such assignments fall due at the next class meeting.<\/p>\n","protected":false},"excerpt":{"rendered":"<p>RELS 6000 Readings in Jewish Aramaic R 2:30-5:15 Dr. John C. Reeves Macy 204B Office hours: by appointment only jcreeves@uncc.edu Course description: This course provides an introduction to the Aramaic language for those graduate students who are already reasonably conversant with the linguistic structures of biblical Hebrew.[1]\u00a0 We will learn the basic principles of Aramaic [&hellip;]<\/p>\n","protected":false},"author":454,"featured_media":0,"parent":562,"menu_order":0,"comment_status":"closed","ping_status":"closed","template":"","meta":{"jetpack_post_was_ever_published":false,"footnotes":""},"class_list":["post-1680","page","type-page","status-publish","hentry"],"jetpack_shortlink":"https:\/\/wp.me\/P3kl1F-r6","jetpack_sharing_enabled":true,"_links":{"self":[{"href":"https:\/\/pages.charlotte.edu\/john-reeves\/wp-json\/wp\/v2\/pages\/1680","targetHints":{"allow":["GET"]}}],"collection":[{"href":"https:\/\/pages.charlotte.edu\/john-reeves\/wp-json\/wp\/v2\/pages"}],"about":[{"href":"https:\/\/pages.charlotte.edu\/john-reeves\/wp-json\/wp\/v2\/types\/page"}],"author":[{"embeddable":true,"href":"https:\/\/pages.charlotte.edu\/john-reeves\/wp-json\/wp\/v2\/users\/454"}],"replies":[{"embeddable":true,"href":"https:\/\/pages.charlotte.edu\/john-reeves\/wp-json\/wp\/v2\/comments?post=1680"}],"version-history":[{"count":6,"href":"https:\/\/pages.charlotte.edu\/john-reeves\/wp-json\/wp\/v2\/pages\/1680\/revisions"}],"predecessor-version":[{"id":1687,"href":"https:\/\/pages.charlotte.edu\/john-reeves\/wp-json\/wp\/v2\/pages\/1680\/revisions\/1687"}],"up":[{"embeddable":true,"href":"https:\/\/pages.charlotte.edu\/john-reeves\/wp-json\/wp\/v2\/pages\/562"}],"wp:attachment":[{"href":"https:\/\/pages.charlotte.edu\/john-reeves\/wp-json\/wp\/v2\/media?parent=1680"}],"curies":[{"name":"wp","href":"https:\/\/api.w.org\/{rel}","templated":true}]}}