
{"id":324,"date":"2013-04-12T00:10:22","date_gmt":"2013-04-12T00:10:22","guid":{"rendered":"http:\/\/pages.charlotte.edu\/john-reeves\/?page_id=324"},"modified":"2021-05-19T10:07:46","modified_gmt":"2021-05-19T14:07:46","slug":"course-syllabus","status":"publish","type":"page","link":"https:\/\/pages.charlotte.edu\/john-reeves\/course-materials\/rels-3000\/angels-demons-in-biblical-folklore\/course-syllabus\/","title":{"rendered":"Course Syllabus"},"content":{"rendered":"<p>RELS 3000<br \/>\nAngels and Demons in \u2018Biblical\u2019 Folklore<br \/>\nTR 5:00-6:15<br \/>\nDr. John C. Reeves<br \/>\n204B Macy<br \/>\nOffice hours: TR 3:30-4:30; W 5:00-6:00; or by appointment<br \/>\n<a href=\"mailto:jcreeves@uncc.edu\">jcreeves@uncc.edu<\/a><\/p>\n<p>\u2018for You made it (i.e., the human) slightly less than the angels (\u05d0\u05dc\u05d4\u05d9\u05dd), and You garbed it with glory and majesty\u2019 (Ps 8:6)<\/p>\n<p>\u2018The difference between [hu]man and Angel is only one of degree of perfection.\u2019 \u2013 Henry Corbin, \u201cDivine Epiphany and Spiritual Birth in Ismailian Gnosis,\u201d in his <em>Cyclical Time and Ismaili Gnosis<\/em> (trans. Ralph Manheim and James W. Morris; London: Kegan Paul International, 1983), 142 n.209.<\/p>\n<h3>Course Description<\/h3>\n<p>The Abrahamic religions of the Near East are replete with stories and traditions featuring an indeterminate number of supernal entities which do not formally count as \u2018deities,\u2019 but which nevertheless exhibit knowledge and behavior which is unmistakably \u2018deity-like.\u2019 These entities are typically cataloged under the seemingly self-explanatory labels \u2018angel\u2019 and \u2018demon.\u2019 In this course we will engage in the close reading of a large number of narrative and ritual texts which feature such characters in an attempt to gain a better understanding of the variegated roles they play in pre-modern Jewish, Christian, and Islamic religious contexts. Careful attention will also be given to the cultural issues surrounding the generation and promulgation of competing character profiles within the scriptures of these kindred religions.<\/p>\n<p><em><span style=\"text-decoration: underline\">Warning<\/span><\/em>: In this class you will hear or read ideas which may disturb, shock, dismay, or outrage you, and you will be compelled to think using methodological paradigms which you may deem troubling, wrong-headed, blasphemous, or even sacrilegious. If you think you might be uncomfortable in this situation, then this is definitely not the class for you. On the other hand, if you think you can suspend your uncritical attachments to certain notions about scriptures, their meaning, and the circumstances surrounding their production, then you will undoubtedly learn a great deal about the historical and cultural matrices betwixt which Judaism, Christianity, and Islam arose and flourished.<\/p>\n<h3>Texts<\/h3>\n<p>The following textbooks are required for this course:<\/p>\n<ul>\n<li><em>Tanakh, The Holy Scriptures: The New JPS Translation According to the Traditional Hebrew Text<\/em> (Philadelphia &amp; Jerusalem: The Jewish Publication Society, 1985).<\/li>\n<li><em>The Qur\u2019an<\/em> (trans. M. A. S. Abdel Haleem; Oxford: Oxford University Press, 2004).<\/li>\n<li>Louis Ginzberg, <em>Legends of the Bible<\/em> (Philadelphia: The Jewish Publication Society, 1956).<\/li>\n<li>Students will also frequently consult various Christian Bibles, so-called apocrypha and pseudepigrapha (Jewish, Christian, and Muslim), other parascriptural works and collections, rabbinic and patristic literature, and classical\u00a0<em>had\u012bth<\/em> and <em>tafs\u012br<\/em> collections. Much of this material is available via the links on the class website..<\/li>\n<\/ul>\n<p>Often supplementary readings will be assigned and\/or distributed by the instructor as needed.<\/p>\n<h3>Course Requirements<\/h3>\n<p><em>a. Readings<\/em>. The nature of this course entails a significant amount of close reading and reflection. Students are responsible for anticipating and completing the required reading assignments in a timely manner. Ginzberg\u2019s <em>Legends<\/em> must be read in its entirety (averaging roughly 45 pages a week for 15 weeks).<\/p>\n<p><em>b. Take-home written exercises<\/em>. An indeterminate number of written exercises (at least one per week; optimally one per class) will be prepared and submitted for in-class discussion and out-of-class evaluation. These exercises vary in length from less than one (1) to a maximum of three (3) typewritten or electronically printed pages. All of these exercises will be announced and explained by the instructor during the course of or at the conclusion of a class meeting. The instructor\u2019s evaluation of the student\u2019s collective written exercise performance (based on the scale \u221a+ = A-; \u221a = C+; \u221a- = D) will comprise 40% of the course grade.<\/p>\n<p><em>c. Research project<\/em>. One (1) formal research project to be presented in written form (no less than 10 and no more than 15 double-spaced pages, excluding notes and list of sources). The parameters for this paper are outlined later in the syllabus. This paper is due the final day of class (April 29) and accounts for 35% of the course grade.<\/p>\n<p><em>d. Individual involvement<\/em>. Almost perfect attendance (see below) is an essential requirement for this course. Each class meeting builds upon the knowledge gained during previous meetings. Moreover, in-class discussion and analysis comprises a significant portion of every class meeting. Preparation for every class usually involves the completion of a series of assigned readings and\/or written assignment(s). Students are expected to contribute in an informed manner to the public analysis and discussion of any assigned topic, and the instructor reserves the right to administer occasional unannounced \u2018pop-quizzes\u2019 should he deem the situation so warrants (grades for such quizzes are averaged with those of the take-home exercises). The instructor\u2019s assessment of one\u2019s attendance, class preparation, and informed oral contributions will constitute 25% of the final course grade.<\/p>\n<p><em>e. Zakhor<\/em> (Remember!): Mastery of the assigned readings and diligent class attendance are necessary prerequisites for the successful completion of this course. Each student is responsible for all lectures, class discussions, assignments, and announcements, whether or not he\/she is present when they occur.<\/p>\n<h3>Miscellaneous Information<\/h3>\n<p>a. The grading scale used in this course is as follows:<\/p>\n<p style=\"padding-left: 30px\">91-100 \u00a0\u00a0 A \u00a0\u00a0\u00a0 \u00a0= demonstrable mastery of material; can creatively synthesize<br \/>\n81-90 \u00a0\u00a0\u00a0 \u00a0B \u00a0\u00a0\u00a0 \u00a0= some demonstrable proficiency in control of material &amp; analysis<br \/>\n71-80 \u00a0\u00a0\u00a0 \u00a0C \u00a0\u00a0\u00a0 \u00a0= satisfactory performance of assignments; little or no analysis<br \/>\n61-70 \u00a0\u00a0\u00a0 \u00a0D \u00a0\u00a0\u00a0 \u00a0= inadequate and\/or faulty understanding of material<br \/>\n0-60 \u00a0\u00a0\u00a0 \u00a0F \u00a0\u00a0\u00a0 \u00a0= unacceptable work<\/p>\n<p>b. One of the requirements of this course is to complete the work of the course on time. Sometimes there are legitimate reasons for late work\u2014an illness or other emergency. \u2018Emergency,\u2019 however, does not include your social involvements, travel plans, job schedule, disk and\/or printer failures, the state of your love life, your obligations to other courses, or general malaise over the state of the world. The world has been in a mess as long as anyone can remember, and most of the world\u2019s work is done by people whose lives are a mass of futility and discontent. If you haven\u2019t learned yet, you had better learn now to work under the conditions of the world as it is. <strong>Therefore<\/strong>:<\/p>\n<p>1) All missed quizzes, unwritten reports, or neglected homework exercises will be averaged as a 0 in the computation of the course grade. There is no such thing as a \u2018make-up pop quiz.\u2019 No exceptions will be considered or granted.<\/p>\n<p>2) All papers and written exercises are due on the dates scheduled in the syllabus, or on the date announced by the instructor in class (usually the next class meeting). \u2018Late\u2019 submissions of papers (not homework exercises &#8212; see below) bear the following penalties: one day late\/one letter grade; two days late\/two letter grades; three or more days late\/F. Please note: these \u2018days\u2019 are calendar days, not class meeting days. For accounting purposes, letter grades bear the following values: A=95; A-=92; B=85; C+=78; C=75; D=65; F=30. An untyped submission automatically receives the grade F, as do those typed papers which violate the required parameters or which the instructor deems physically unacceptable and\/or grammatically incomprehensible.<\/p>\n<p>3) Homework exercises are due on the date announced by the instructor in class. Since we will normally discuss these exercises together in class on that date, it would clearly be unfair to those who submitted their work on time for me to accept \u2018late\u2019 work from those who were privy to our in-class discussion. Hence I will not accept \u2018late\u2019 homework submissions (even from those physically absent during our discussion); however, \u2018early\u2019 submissions are always welcome and will receive full credit.<\/p>\n<p>4) Attendance at class meetings will be monitored by the instructor. One or two absences are somewhat understandable, three (3) is the limit of tolerability. Each successive absence lowers the Individual Involvement component of your assessment by one letter grade; seven (7) or more earns an automatic F in that component. Please note that the instructor does not distinguish \u2018excused\u2019 from \u2018unexcused\u2019 absences. Unsanctioned late arrivals and early departures will be tallied as absences.<\/p>\n<p>5) Policy regarding Audits: the instructor expects auditors (whether formally enrolled as such or not) to meet the same attendance, preparation, and oral participation standards as those students who are taking the course for credit. The instructor does not expect auditors to prepare and submit any written assignments.<\/p>\n<p>c. Assistance and solicitation of criticism is your right as a member of the class. It is not a privilege to be granted or withheld. Do not hesitate to request it nor wait too late in the course for it to be of help.<\/p>\n<h3>Rough Course Outline<\/h3>\n<p>1. Introduction to Abrahamic scriptures: terminology<\/p>\n<p style=\"padding-left: 30px\">a. applied to Jewish Bibles<\/p>\n<p style=\"padding-left: 30px\">b. applied to Christian Bibles<\/p>\n<p style=\"padding-left: 30px\">c. applied to Qur\u2019\u0101n<\/p>\n<p style=\"padding-left: 30px\">d. the problematic notion of \u2018rewritten Bible\u2019<\/p>\n<p style=\"padding-left: 30px\"><strong>Required<\/strong>:<br \/>\nShalom Spiegel, &#8220;Introduction,&#8221; in Ginzberg, <em>Legends<\/em>, xi-xxxix.<br \/>\nQ 2:30-39; 7:11-27; 15:26-50; 17:61-65; 18:50; 20:116-123; 38:71-85<\/p>\n<p>2. Gauging some contours of the divine realm<\/p>\n<p style=\"padding-left: 30px\">a. celestial<\/p>\n<p style=\"padding-left: 30px\"><strong>Required<\/strong>:<br \/>\nIsa 6:1-8; 1 Kgs 22:19-22; Ps 82:1-7; Job 1:6-12; 2:1-7; Dan 7:9-10; Ezek 1:1-28; <em>1 Enoch<\/em> 14:8-25; <em>Jubilees<\/em> 2:1-3.<br \/>\nQ 2:30; 2:255; 7:54; 10:3; 11:7; 39:75; 40:7; 69:17.<\/p>\n<p style=\"padding-left: 30px\">b. underworld<\/p>\n<p style=\"padding-left: 30px\"><strong>Required<\/strong>:<br \/>\nIsa 5:14; Isa 8:19-22 (cf. 29:4); Job 3:11-19 (cf. Isa 14:9-15); Job 7:9; 1 Sam 28:7-19; Deut 14: 1 (cf. Jer 16:6; 41:5); Deut 26:14.<br \/>\nQ 37:40-74.<\/p>\n<p style=\"padding-left: 30px\">3. Various \u2018angel\u2019 texts<\/p>\n<p style=\"padding-left: 30px\"><strong>Required<\/strong>:<br \/>\nTo be assigned<\/p>\n<p>4. Various \u2018demon\u2019 texts<\/p>\n<p style=\"padding-left: 30px\"><strong>Required<\/strong>:<br \/>\nIsa 13:19-22; 34:5-15 (cf. Bar 4:30-35); Lev 16:1-34; Lev 17:1-7; Deut 32:17 (cf. Bar 4:7); Ps 106:37; Psalm 91; <em>1 Enoch<\/em> 15:1-16:1; <em>Jubilees<\/em> 10:1-14<\/p>\n<p>5. Case study #1<\/p>\n<p style=\"padding-left: 30px\"><strong>Required<\/strong>:<br \/>\nH\u0101r\u016bt wa-M\u0101r\u016bt legends<\/p>\n<p>6. Case study #2<\/p>\n<p style=\"padding-left: 30px\"><strong>Required<\/strong>:<br \/>\nTobit<\/p>\n<p>7. Concluding remarks and reflections<\/p>\n<h3>Research Project Parameters<\/h3>\n<p>Ginzberg\u2019s <em>Legends<\/em> contains a plethora of tales tied to the \u2018scriptural\u2019 stream of discourse which feature angels and\/or demons in the running story or narrative. Choose one of these tales and perform a close comparative reading of the various versions of that tale in Jewish, Christian, and Muslim literary sources. You will need of course to research the relative ages and provenances of these sources in order to comment intelligently about possible influences or borrowings. And remember \u2013 this is a literary, not a theological, investigation. Are the angels (and\/or demons) present in one or more of the \u2018canonical\u2019 forms of the scriptural narrative? If so, how do (or even should) they compare to one another? If not, why do you think they were introduced? Are there textual cues or gaps which might have generated these \u2018extra\u2019 characters? Are they \u2018survivals\u2019 of an earlier stage of narrative integrity? What is gained by the presence (or absence) of such characters in the tale? Papers must combine the student\u2019s analysis of the primary texts with information gathered from credible secondary sources (i.e., recognized academic sources: no Wikipedia or similar flotsam gleaned from self-declared internet <em>magoi<\/em> or the \u2018new age\u2019 or \u2018inspirational\u2019 sections of a local book vendor). <span style=\"text-decoration: underline\">Length<\/span>: no less than ten (10), but no longer than fifteen (15) double-spaced and appropriately marginated typed pages, not counting notes (if you use endnotes) and a list of sources.<\/p>\n<h3>Supplemental Bibliography for\u00a0RELS 3000 Angels &amp; Demons<\/h3>\n<p>In response to student requests for recommendations regarding useful and enlightening discussions of certain topics, themes, and personalities that are presented in class and\/or readings, I offer the following suggestions for further study at the student\u2019s leisure. I confine myself to materials which I myself have used with profit and which are currently available at Atkins Library.<\/p>\n<p>It is often helpful for the student to begin with appropriate articles in the standard Bible dictionaries. The best is <em>The Anchor Bible Dictionary<\/em> (6 vols.; New York: Doubleday, 1992). Also reliable are <em>The Interpreters\u2019 Dictionary of the Bible<\/em> (4 vols.) and its <em>Supplementary Volume<\/em> (ed. George A. Buttrick; Nashville: Abingdon Press, 1962 &amp; 1976), and the <em>Harper\u2019s Bible Dictionary<\/em> (ed. Paul J. Achtemeier; San Francisco: Harper &amp; Row, 1985). A new edition of <em>The Interpreters\u2019 Dictionary<\/em> is currently in preparation. Highly recommended are the relevant articles in the new <em>Encyclopaedia Judaica<\/em> (22 vols.; Detroit: Macmillan Reference USA\/Thomson Gale, 2007); the <em>Encyclopaedia of Islam<\/em> (2d ed.; 12 vols.; Leiden: Brill, 1954-2002); and the truly wonderful <em>Encyclopaedia of the Qur\u2019\u0101n<\/em> (6 vols.; ed. Jane Dammen McAuliffe; Leiden: Brill, 2001-2006).<\/p>\n<p>Almost all English-language so-called \u2018encyclopedias\u2019 or \u2018dictionaries\u2019 of angels (or demons) are worthless. The lone exception is the <em>Dictionary of Deities and Demons in the Bible<\/em> (2d rev. ed.; ed. Karel van der Toorn, Bob Becking, and Pieter van der Horst; Leiden: Brill, 1999), an important tool which Atkins does not own.<\/p>\n","protected":false},"excerpt":{"rendered":"<p>RELS 3000 Angels and Demons in \u2018Biblical\u2019 Folklore TR 5:00-6:15 Dr. John C. Reeves 204B Macy Office hours: TR 3:30-4:30; W 5:00-6:00; or by appointment jcreeves@uncc.edu \u2018for You made it (i.e., the human) slightly less than the angels (\u05d0\u05dc\u05d4\u05d9\u05dd), and You garbed it with glory and majesty\u2019 (Ps 8:6) \u2018The difference between [hu]man and Angel [&hellip;]<\/p>\n","protected":false},"author":454,"featured_media":0,"parent":67,"menu_order":0,"comment_status":"closed","ping_status":"open","template":"","meta":{"jetpack_post_was_ever_published":false,"footnotes":""},"class_list":["post-324","page","type-page","status-publish","hentry"],"jetpack_shortlink":"https:\/\/wp.me\/P3kl1F-5e","jetpack_sharing_enabled":true,"_links":{"self":[{"href":"https:\/\/pages.charlotte.edu\/john-reeves\/wp-json\/wp\/v2\/pages\/324","targetHints":{"allow":["GET"]}}],"collection":[{"href":"https:\/\/pages.charlotte.edu\/john-reeves\/wp-json\/wp\/v2\/pages"}],"about":[{"href":"https:\/\/pages.charlotte.edu\/john-reeves\/wp-json\/wp\/v2\/types\/page"}],"author":[{"embeddable":true,"href":"https:\/\/pages.charlotte.edu\/john-reeves\/wp-json\/wp\/v2\/users\/454"}],"replies":[{"embeddable":true,"href":"https:\/\/pages.charlotte.edu\/john-reeves\/wp-json\/wp\/v2\/comments?post=324"}],"version-history":[{"count":7,"href":"https:\/\/pages.charlotte.edu\/john-reeves\/wp-json\/wp\/v2\/pages\/324\/revisions"}],"predecessor-version":[{"id":1762,"href":"https:\/\/pages.charlotte.edu\/john-reeves\/wp-json\/wp\/v2\/pages\/324\/revisions\/1762"}],"up":[{"embeddable":true,"href":"https:\/\/pages.charlotte.edu\/john-reeves\/wp-json\/wp\/v2\/pages\/67"}],"wp:attachment":[{"href":"https:\/\/pages.charlotte.edu\/john-reeves\/wp-json\/wp\/v2\/media?parent=324"}],"curies":[{"name":"wp","href":"https:\/\/api.w.org\/{rel}","templated":true}]}}