
{"id":418,"date":"2013-04-24T18:49:23","date_gmt":"2013-04-24T18:49:23","guid":{"rendered":"http:\/\/pages.charlotte.edu\/john-reeves\/?page_id=418"},"modified":"2014-01-05T17:57:19","modified_gmt":"2014-01-05T22:57:19","slug":"assorted-near-eastern-apocalypses","status":"publish","type":"page","link":"https:\/\/pages.charlotte.edu\/john-reeves\/publications\/unpublished-lectures-and-fragmenta\/assorted-near-eastern-apocalypses\/","title":{"rendered":"Assorted Near Eastern Apocalypses"},"content":{"rendered":"<p><strong><em>Jewish Texts<\/em><\/strong><\/p>\n<ul>\n<li><a title=\"Aggadat ha-Ma\u0161iah\" href=\"http:\/\/pages.charlotte.edu\/john-reeves\/publications\/unpublished-lectures-and-fragmenta\/assorted-near-eastern-apocalypses\/aggadat-ha-masiah\/\">Aggadat ha-Ma\u0161iah<\/a><\/li>\n<li><a title=\"Aggadat R. Ishmael\" href=\"http:\/\/pages.charlotte.edu\/john-reeves\/research-projects\/trajectories-in-near-eastern-apocalyptic\/aggadat-r-ishmael\/\">Aggadat R. Ishmael<\/a><\/li>\n<li><a title=\"Eldad ha-Dani beney Mosheh texts\" href=\"http:\/\/pages.charlotte.edu\/john-reeves\/research-projects\/trajectories-in-near-eastern-apocalyptic\/eldad-ha-dani-beney-mosheh-texts\/\">Eldad ha-Dani\u00a0<em>beney Mosheh<\/em>\u00a0texts<\/a><\/li>\n<li><a title=\"Midrash Wa-yosha` (end)\" href=\"http:\/\/pages.charlotte.edu\/john-reeves\/research-projects\/trajectories-in-near-eastern-apocalyptic\/midrash-wa-yosha-end\/\">Midrash Wa-yosha` (end)<\/a><\/li>\n<li><a title=\"Nistarot (Secrets of) R. Shimon b. Yohai\" href=\"http:\/\/pages.charlotte.edu\/john-reeves\/research-projects\/trajectories-in-near-eastern-apocalyptic\/nistarot-secrets-of-r-shimon-b-yohai\/\">Nistarot (Secrets of)\u00a0R. Shimon b. Yohai<\/a><\/li>\n<li><a title=\"\u2019Otot ha-Ma\u0161iah\" href=\"http:\/\/pages.charlotte.edu\/john-reeves\/research-projects\/trajectories-in-near-eastern-apocalyptic\/otot-ha-masiah\/\">\u2019Otot ha-Ma\u0161iah<\/a><\/li>\n<li><a title=\"\u2019Otot of R. Shimon b. Yohai\" href=\"http:\/\/pages.charlotte.edu\/john-reeves\/publications\/unpublished-lectures-and-fragmenta\/assorted-near-eastern-apocalypses\/otot-of-r-shimon-b-yohai\/\">\u2019Otot of R. Shimon b. Yohai<\/a><\/li>\n<li><a title=\"Pirqe de-R. Eliezer \u00a730 (end)\" href=\"http:\/\/pages.charlotte.edu\/john-reeves\/publications\/unpublished-lectures-and-fragmenta\/assorted-near-eastern-apocalypses\/pirqe-de-r-eliezer-%c2%a730-end\/\">Pirqe de-R. Eliezer \u00a730 (end)<\/a><\/li>\n<li><a title=\"Pirqe Ma\u0161iah\" href=\"http:\/\/pages.charlotte.edu\/john-reeves\/publications\/unpublished-lectures-and-fragmenta\/assorted-near-eastern-apocalypses\/pirqe-masiah\/\">Pirqe Ma\u0161iah<\/a><\/li>\n<li><a title=\"Responsum of Hai Gaon on redemption\" href=\"http:\/\/pages.charlotte.edu\/john-reeves\/publications\/unpublished-lectures-and-fragmenta\/assorted-near-eastern-apocalypses\/responsum-of-hai-gaon-on-redemption\/\">Responsum of Hai Gaon on redemption<\/a><\/li>\n<li>Saadia,\u00a0<em>Kit<\/em><em>\u0101<\/em><em>b al-Am<\/em><em>\u0101<\/em><em>n<\/em><em>\u0101<\/em><em>t wa&#8217;l-I&#8217;tiq<\/em><em>\u0101<\/em><em>d<\/em><em>\u0101<\/em><em>t<\/em>\u00a08.5-6<\/li>\n<li><a title=\"Sefer Elijah\" href=\"http:\/\/pages.charlotte.edu\/john-reeves\/publications\/unpublished-lectures-and-fragmenta\/assorted-near-eastern-apocalypses\/sefer-elijah\/\">Sefer Elijah<\/a><\/li>\n<li><a title=\"Sefer Zerubbabel\" href=\"http:\/\/pages.charlotte.edu\/john-reeves\/publications\/unpublished-lectures-and-fragmenta\/assorted-near-eastern-apocalypses\/sefer-zerubbabel\/\">Sefer Zerubbabel<\/a><\/li>\n<li><a title=\"Tefillat (Prayer of) R. Shimon b. Yohai\" href=\"http:\/\/pages.charlotte.edu\/john-reeves\/publications\/unpublished-lectures-and-fragmenta\/assorted-near-eastern-apocalypses\/tefillat-prayer-of-r-shimon-b-yohai\/\">Tefillat (Prayer of) R. Shimon b. Yohai\u00a0<\/a><\/li>\n<li><a title=\"Ten Signs\" href=\"http:\/\/pages.charlotte.edu\/john-reeves\/publications\/unpublished-lectures-and-fragmenta\/assorted-near-eastern-apocalypses\/ten-signs\/\">Ten Signs<\/a><\/li>\n<li><a title=\"Ten Further Things About the Messianic Days\" href=\"http:\/\/pages.charlotte.edu\/john-reeves\/publications\/unpublished-lectures-and-fragmenta\/assorted-near-eastern-apocalypses\/ten-further-things-about-the-messianic-days\/\">Ten Further Things About the Messianic Days<\/a><\/li>\n<li>Vision of Daniel<\/li>\n<\/ul>\n<p><strong><em>Muslim Texts<\/em><\/strong><\/p>\n<ul>\n<li>Some early traditions about Y\u0101j\u016bj wa-M\u0101j\u016bj<\/li>\n<li>Some early traditions about the Dajj\u0101l<\/li>\n<li>Apocalypse of J\u0101bir from\u00a0<em>Umm al-Kit<\/em><em>\u0101<\/em><em>b<\/em><\/li>\n<li><em>Kit<\/em><em>\u0101<\/em><em>b al-haft wa&#8217;l-&#8216;azilla<\/em>\u00a0(selections)<\/li>\n<\/ul>\n<p><strong><em>Christian Texts<\/em>\u00a0(Syriac and Arabic)<\/strong><\/p>\n<ul>\n<li>Alexander Legend<\/li>\n<li>Apocalypse of Daniel<\/li>\n<li>Bahira Legend<\/li>\n<li>Edessene Apocalypse<\/li>\n<li>Gospel of the Twelve Apostles<\/li>\n<li>John of Fenek,\u00a0<em>R\u012b\u0161 Mell\u0113<\/em>\u00a0book XV<\/li>\n<li><a title=\"Pseudo-Ephrem (Syriac)\" href=\"http:\/\/pages.charlotte.edu\/john-reeves\/publications\/unpublished-lectures-and-fragmenta\/assorted-near-eastern-apocalypses\/pseudo-ephrem-syriac\/\">Pseudo-Ephrem (Syriac)<\/a><\/li>\n<li>Pseudo-Methodius<\/li>\n<li>Questions of Ezra the Scribe<\/li>\n<li><a title=\"Testament of Adam\" href=\"http:\/\/pages.charlotte.edu\/john-reeves\/publications\/unpublished-lectures-and-fragmenta\/assorted-near-eastern-apocalypses\/testament-of-adam\/\">Testament of Adam<\/a><\/li>\n<\/ul>\n<p><strong><em>\u2018Gnostic\u2019\u00a0Texts<\/em><\/strong><\/p>\n<ul>\n<li>Mandaean\u00a0<em>Right Ginz<\/em><em>\u0101<\/em>\u00a0Book 18<\/li>\n<li><a title=\"Prophecy of Zardusht\" href=\"http:\/\/pages.charlotte.edu\/john-reeves\/publications\/unpublished-lectures-and-fragmenta\/assorted-near-eastern-apocalypses\/prophecy-of-zardusht\/\">Prophecy of Zardusht<\/a><\/li>\n<li>Mani&#8217;s\u00a0<em>Sh<\/em><em>\u0101buhrag\u0101<\/em><em>n<\/em><\/li>\n<\/ul>\n","protected":false},"excerpt":{"rendered":"<p>Jewish Texts Aggadat ha-Ma\u0161iah Aggadat R. Ishmael Eldad ha-Dani\u00a0beney Mosheh\u00a0texts Midrash Wa-yosha` (end) Nistarot (Secrets of)\u00a0R. Shimon b. Yohai \u2019Otot ha-Ma\u0161iah \u2019Otot of R. Shimon b. Yohai Pirqe de-R. Eliezer \u00a730 (end) Pirqe Ma\u0161iah Responsum of Hai Gaon on redemption Saadia,\u00a0Kit\u0101b al-Am\u0101n\u0101t wa&#8217;l-I&#8217;tiq\u0101d\u0101t\u00a08.5-6 Sefer Elijah Sefer Zerubbabel Tefillat (Prayer of) R. Shimon b. Yohai\u00a0 Ten [&hellip;]<\/p>\n","protected":false},"author":454,"featured_media":0,"parent":106,"menu_order":0,"comment_status":"closed","ping_status":"open","template":"","meta":{"jetpack_post_was_ever_published":false,"footnotes":""},"class_list":["post-418","page","type-page","status-publish","hentry"],"jetpack_shortlink":"https:\/\/wp.me\/P3kl1F-6K","jetpack_sharing_enabled":true,"_links":{"self":[{"href":"https:\/\/pages.charlotte.edu\/john-reeves\/wp-json\/wp\/v2\/pages\/418","targetHints":{"allow":["GET"]}}],"collection":[{"href":"https:\/\/pages.charlotte.edu\/john-reeves\/wp-json\/wp\/v2\/pages"}],"about":[{"href":"https:\/\/pages.charlotte.edu\/john-reeves\/wp-json\/wp\/v2\/types\/page"}],"author":[{"embeddable":true,"href":"https:\/\/pages.charlotte.edu\/john-reeves\/wp-json\/wp\/v2\/users\/454"}],"replies":[{"embeddable":true,"href":"https:\/\/pages.charlotte.edu\/john-reeves\/wp-json\/wp\/v2\/comments?post=418"}],"version-history":[{"count":9,"href":"https:\/\/pages.charlotte.edu\/john-reeves\/wp-json\/wp\/v2\/pages\/418\/revisions"}],"predecessor-version":[{"id":1263,"href":"https:\/\/pages.charlotte.edu\/john-reeves\/wp-json\/wp\/v2\/pages\/418\/revisions\/1263"}],"up":[{"embeddable":true,"href":"https:\/\/pages.charlotte.edu\/john-reeves\/wp-json\/wp\/v2\/pages\/106"}],"wp:attachment":[{"href":"https:\/\/pages.charlotte.edu\/john-reeves\/wp-json\/wp\/v2\/media?parent=418"}],"curies":[{"name":"wp","href":"https:\/\/api.w.org\/{rel}","templated":true}]}}