
{"id":504,"date":"2013-04-24T19:45:15","date_gmt":"2013-04-24T19:45:15","guid":{"rendered":"http:\/\/pages.charlotte.edu\/john-reeves\/?page_id=504"},"modified":"2013-06-01T16:48:59","modified_gmt":"2013-06-01T20:48:59","slug":"prophecy-of-zardusht","status":"publish","type":"page","link":"https:\/\/pages.charlotte.edu\/john-reeves\/research-projects\/trajectories-in-near-eastern-apocalyptic\/prophecy-of-zardusht\/","title":{"rendered":"Prophecy of Zardusht"},"content":{"rendered":"<p>Translated from Theodore bar Konai,\u00a0<em>Liber Scholiorum<\/em>\u00a0(CSCO scrip. syri, ser. II, t. 66;<br \/>\ned. A. Scher; Paris: Carolus Poussielgue, 1912), 74-75.\u00a0For discussion and commentary, see John C. Reeves,\u00a0<em>Heralds of That Good Realm: Syro-Mesopotamian Gnosis and Jewish Traditions<\/em>\u00a0(NHMS 41; Leiden: Brill, 1996), 126-29; idem, &#8220;Reconsidering the &#8216;Prophecy of Zardusht&#8217;,&#8221;\u00a0in <em>A Multiform Heritage: Studies on Early Judaism and Christianity in Honor of Robert A. Kraft<\/em>\u00a0(ed. Benjamin G. Wright, Jr.; Atlanta: Scholars Press, 1999), 167-82.<\/p>\n<p>The\u00a0<em>Prophecy of Zardu\u0161t<\/em>\u00a0regarding Christ:<\/p>\n<p>When Zardu\u0161t was sitting by the spring of waters named Glo\u0161a of Horin, the place where the ancient royal bath stood, he opened his mouth and spoke to his disciples Gu\u0161tasp, Sasan, and Mahman, (saying) \u2018I tell you, my beloved ones and sons whom I have educated in my teachings. Hearken, (for) I shall reveal to you a marvelous secret concerning the great king who is going to come in the world. In the fullness of time and at the end of the final age an infant will be conceived and its members shaped within the womb of a virgin, without a man approaching her. He will be like a tree with lovely foliage and copious fruit that stands in a parched place. The inhabitants of that place will obstruct his growth, and struggle to uproot him from the ground, but they will not succeed. Then they shall seize him and put him to death upon a tree, and heaven and earth will sit in mourning due to his murder, and the generations of the peoples will mourn him. He will begin (by) descending to the abyss of the earth, and from the abyss he will be exalted to the height. Then he will reappear when he comes with an army of light, riding upon bright clouds, for he is the child conceived by the word which established the natural order.\u2019<\/p>\n<p>Gu\u0161tasp said to Zardu\u0161t: \u2018This one of whom you speak all these things\u2014from where does his power come? Is he greater than you, or are you greater than he?\u2019 Zardu\u0161t replied to him: \u2018He shall arise from my lineage and family. I am he, and he is me; he is in me, and I in him. When the advent of his coming is made manifest, great signs will appear in heaven, and a bright star will appear in the midst of heaven, whose light will surpass the light of the sun. Now, my sons, you (who) are the seed of life which came forth from the treasuries [of life and] of light and of spirit, and (who) were sown in a place of fire and water, it is necessary for you to watch and guard these things which I have told you so that you can look for his appointed time. For you will be the first to perceive the arrival of that great king, the one whom the prisoners await so that they can be released. And now, my sons, preserve the secret which I have revealed to you, and let it be inscribed upon your hearts, and may it be preserved in the treasuries of your souls. When that star which I told you about rises, you shall dispatch messengers bearing gifts, and they shall offer worship to him and present the gifts to him. Do not be neglectful, so that you not perish by the sword, for he is the king of kings, and all (kings) receive their crowns from him. I and he are one.\u2019<\/p>\n<p>These (things) were uttered by that second Balaam. As is customary, (either) God forced him to expound them; or he derived from a people who were conversant with the symbolic prophecies about Christ, (and) he predicted them.<\/p>\n","protected":false},"excerpt":{"rendered":"<p>Translated from Theodore bar Konai,\u00a0Liber Scholiorum\u00a0(CSCO scrip. syri, ser. II, t. 66; ed. A. Scher; Paris: Carolus Poussielgue, 1912), 74-75.\u00a0For discussion and commentary, see John C. Reeves,\u00a0Heralds of That Good Realm: Syro-Mesopotamian Gnosis and Jewish Traditions\u00a0(NHMS 41; Leiden: Brill, 1996), 126-29; idem, &#8220;Reconsidering the &#8216;Prophecy of Zardusht&#8217;,&#8221;\u00a0in A Multiform Heritage: Studies on Early Judaism and [&hellip;]<\/p>\n","protected":false},"author":454,"featured_media":0,"parent":136,"menu_order":0,"comment_status":"closed","ping_status":"open","template":"","meta":{"jetpack_post_was_ever_published":false,"footnotes":""},"class_list":["post-504","page","type-page","status-publish","hentry"],"jetpack_shortlink":"https:\/\/wp.me\/P3kl1F-88","jetpack_sharing_enabled":true,"_links":{"self":[{"href":"https:\/\/pages.charlotte.edu\/john-reeves\/wp-json\/wp\/v2\/pages\/504","targetHints":{"allow":["GET"]}}],"collection":[{"href":"https:\/\/pages.charlotte.edu\/john-reeves\/wp-json\/wp\/v2\/pages"}],"about":[{"href":"https:\/\/pages.charlotte.edu\/john-reeves\/wp-json\/wp\/v2\/types\/page"}],"author":[{"embeddable":true,"href":"https:\/\/pages.charlotte.edu\/john-reeves\/wp-json\/wp\/v2\/users\/454"}],"replies":[{"embeddable":true,"href":"https:\/\/pages.charlotte.edu\/john-reeves\/wp-json\/wp\/v2\/comments?post=504"}],"version-history":[{"count":5,"href":"https:\/\/pages.charlotte.edu\/john-reeves\/wp-json\/wp\/v2\/pages\/504\/revisions"}],"predecessor-version":[{"id":1057,"href":"https:\/\/pages.charlotte.edu\/john-reeves\/wp-json\/wp\/v2\/pages\/504\/revisions\/1057"}],"up":[{"embeddable":true,"href":"https:\/\/pages.charlotte.edu\/john-reeves\/wp-json\/wp\/v2\/pages\/136"}],"wp:attachment":[{"href":"https:\/\/pages.charlotte.edu\/john-reeves\/wp-json\/wp\/v2\/media?parent=504"}],"curies":[{"name":"wp","href":"https:\/\/api.w.org\/{rel}","templated":true}]}}