
{"id":67,"date":"2013-04-10T20:26:16","date_gmt":"2013-04-10T20:26:16","guid":{"rendered":"http:\/\/pages.charlotte.edu\/john-reeves\/?page_id=67"},"modified":"2022-01-07T09:38:23","modified_gmt":"2022-01-07T14:38:23","slug":"angels-demons-in-biblical-folklore","status":"publish","type":"page","link":"https:\/\/pages.charlotte.edu\/john-reeves\/course-materials\/rels-3000\/angels-demons-in-biblical-folklore\/","title":{"rendered":"Angels and Demons in Biblical Folklore"},"content":{"rendered":"<div id=\"attachment_68\" style=\"width: 499px\" class=\"wp-caption aligncenter\"><a href=\"https:\/\/i0.wp.com\/pages.charlotte.edu\/john-reeves\/wp-content\/uploads\/sites\/521\/2013\/04\/balaam-and-the-angel.jpg\"><img data-recalc-dims=\"1\" loading=\"lazy\" decoding=\"async\" aria-describedby=\"caption-attachment-68\" class=\"size-full wp-image-68 \" src=\"https:\/\/i0.wp.com\/pages.charlotte.edu\/john-reeves\/wp-content\/uploads\/sites\/521\/2013\/04\/balaam-and-the-angel.jpg?resize=489%2C310\" alt=\"balaam and the angel\" width=\"489\" height=\"310\" srcset=\"https:\/\/i0.wp.com\/pages.charlotte.edu\/john-reeves\/wp-content\/uploads\/sites\/521\/2013\/04\/balaam-and-the-angel.jpg?w=489&amp;ssl=1 489w, https:\/\/i0.wp.com\/pages.charlotte.edu\/john-reeves\/wp-content\/uploads\/sites\/521\/2013\/04\/balaam-and-the-angel.jpg?resize=300%2C190&amp;ssl=1 300w\" sizes=\"auto, (max-width: 489px) 100vw, 489px\" \/><\/a><p id=\"caption-attachment-68\" class=\"wp-caption-text\">Balaam and the angel (Rome, Catacombs of the Via Latina, 4th cent.?)<\/p><\/div>\n<table style=\"width: 100%\" border=\"1\">\n<tbody>\n<tr>\n<td><a href=\"http:\/\/pages.charlotte.edu\/john-reeves\/course-materials\/rels-3000\/angels-demons-in-biblical-folklore\/course-syllabus\/\"><span style=\"font-family: Arial\">Current Syllabus (spring 2008)<\/span><\/a><\/td>\n<td><a href=\"http:\/\/www.jewishencyclopedia.com\/\">The Jewish Encyclopaedia<\/a> (1901-06)<\/td>\n<\/tr>\n<tr>\n<td><a title=\"General Principles For Interpretation Of The Tanakh\" href=\"http:\/\/pages.charlotte.edu\/john-reeves\/course-materials\/rels-1120-bible-and-its-interpreters\/general-principles-for-interpretation-of-the-tanakh\/\">General Principles for the Interpretation of the Tanakh<\/a><\/td>\n<td><a href=\"http:\/\/www.earlychristianwritings.com\/yonge\">Works of Philo<\/a> (Yonge)<\/td>\n<\/tr>\n<tr>\n<td><a href=\"https:\/\/quod.lib.umich.edu\/k\/kjv\/\">Searchable KJV Bible<\/a><\/td>\n<td><i><a href=\"http:\/\/wesley.nnu.edu\/biblical_studies\/noncanon\/ot\/pseudo\/enoch.htm\">1 Enoch<\/a><\/i> (Charles, <em>APOT<\/em>)<\/td>\n<\/tr>\n<tr>\n<td><a href=\"https:\/\/quod.lib.umich.edu\/r\/rsv\/\">Searchable RSV Bible<\/a><\/td>\n<td><i><a href=\"http:\/\/wesley.nnu.edu\/biblical_studies\/noncanon\/ot\/pseudo\/jubilee.htm\">Book of Jubilees<\/a><\/i> (Charles, <i>APOT)<\/i><\/td>\n<\/tr>\n<tr>\n<td><a href=\"http:\/\/www.mechon-mamre.org\/e\/et\/et0.htm\">JPS 1917 English Translation<\/a><\/td>\n<td><a title=\"Bereshit Rabbati on Shemhazai &amp; Azael\" href=\"http:\/\/pages.charlotte.edu\/john-reeves\/course-materials\/rels-2104-hebrew-scripturesold-testament\/bereshit-rabbati-on-shemhazai-azael\/\"><i>Midrash of Shemhazai &amp; Azael<\/i><\/a><\/td>\n<\/tr>\n<tr>\n<td><a href=\"http:\/\/www.mechon-mamre.org\/i\/t\/t0.htm\">Tanakh in Hebrew (searchable)<\/a><\/td>\n<td>Some H\u0101r\u016bt wa-M\u0101r\u016bt traditions<\/td>\n<\/tr>\n<tr>\n<td><a href=\"https:\/\/ebible.org\/eng-Brenton\/\">Septuagint in English<\/a> (Brenton)<\/td>\n<td><a title=\"Some Adam\/Satan\/Ibl\u012bs materials\" href=\"http:\/\/pages.charlotte.edu\/john-reeves\/publications\/unpublished-lectures-and-fragmenta\/some-adamsataniblis-materials\/\">Some Adam\/Satan\/Ibl\u012bs materials<\/a><\/td>\n<\/tr>\n<tr>\n<td><a href=\"http:\/\/quran.al-islam.org\/\">Qur&#8217;\u0101n in Arabic &amp; English<\/a><\/td>\n<td><a href=\"http:\/\/pages.charlotte.edu\/john-reeves\/wp-content\/uploads\/sites\/521\/2013\/04\/adams-demonic-family.pdf\">Adam&#8217;s Demon Bride<\/a><\/td>\n<\/tr>\n<tr>\n<td><a href=\"http:\/\/wesley.nnu.edu\/biblical_studies\/noncanon\/index.htm\">Apocrypha &amp; Pseudepigrapha in English<\/a><\/td>\n<td>Geography of Evil<\/td>\n<\/tr>\n<tr>\n<td><\/td>\n<td><\/td>\n<\/tr>\n<tr>\n<td><\/td>\n<td><\/td>\n<\/tr>\n<\/tbody>\n<\/table>\n<p><\/p>\n","protected":false},"excerpt":{"rendered":"<p>Current Syllabus (spring 2008) The Jewish Encyclopaedia (1901-06) General Principles for the Interpretation of the Tanakh Works of Philo (Yonge) Searchable KJV Bible 1 Enoch (Charles, APOT) Searchable RSV Bible Book of Jubilees (Charles, APOT) JPS 1917 English Translation Midrash of Shemhazai &amp; Azael Tanakh in Hebrew (searchable) Some H\u0101r\u016bt wa-M\u0101r\u016bt traditions Septuagint in English [&hellip;]<\/p>\n","protected":false},"author":454,"featured_media":0,"parent":63,"menu_order":0,"comment_status":"closed","ping_status":"open","template":"","meta":{"jetpack_post_was_ever_published":false,"footnotes":""},"class_list":["post-67","page","type-page","status-publish","hentry"],"jetpack_shortlink":"https:\/\/wp.me\/P3kl1F-15","jetpack_sharing_enabled":true,"_links":{"self":[{"href":"https:\/\/pages.charlotte.edu\/john-reeves\/wp-json\/wp\/v2\/pages\/67","targetHints":{"allow":["GET"]}}],"collection":[{"href":"https:\/\/pages.charlotte.edu\/john-reeves\/wp-json\/wp\/v2\/pages"}],"about":[{"href":"https:\/\/pages.charlotte.edu\/john-reeves\/wp-json\/wp\/v2\/types\/page"}],"author":[{"embeddable":true,"href":"https:\/\/pages.charlotte.edu\/john-reeves\/wp-json\/wp\/v2\/users\/454"}],"replies":[{"embeddable":true,"href":"https:\/\/pages.charlotte.edu\/john-reeves\/wp-json\/wp\/v2\/comments?post=67"}],"version-history":[{"count":18,"href":"https:\/\/pages.charlotte.edu\/john-reeves\/wp-json\/wp\/v2\/pages\/67\/revisions"}],"predecessor-version":[{"id":1815,"href":"https:\/\/pages.charlotte.edu\/john-reeves\/wp-json\/wp\/v2\/pages\/67\/revisions\/1815"}],"up":[{"embeddable":true,"href":"https:\/\/pages.charlotte.edu\/john-reeves\/wp-json\/wp\/v2\/pages\/63"}],"wp:attachment":[{"href":"https:\/\/pages.charlotte.edu\/john-reeves\/wp-json\/wp\/v2\/media?parent=67"}],"curies":[{"name":"wp","href":"https:\/\/api.w.org\/{rel}","templated":true}]}}