
{"id":70,"date":"2013-04-10T20:32:19","date_gmt":"2013-04-10T20:32:19","guid":{"rendered":"http:\/\/pages.charlotte.edu\/john-reeves\/?page_id=70"},"modified":"2013-06-04T13:04:05","modified_gmt":"2013-06-04T17:04:05","slug":"bible-to-quran","status":"publish","type":"page","link":"https:\/\/pages.charlotte.edu\/john-reeves\/course-materials\/rels-3000\/bible-to-quran\/","title":{"rendered":"Bible to Qur&#8217;\u0101n"},"content":{"rendered":"<p><a title=\"Course syllabus: Bible to Qur\u2019an\" href=\"http:\/\/pages.charlotte.edu\/john-reeves\/course-materials\/rels-3000\/bible-to-quran\/bible-to-qurancourse-syllabus\/\">Course syllabus<\/a><\/p>\n<dl class=\"wp-caption alignright\" id=\"attachment_71\" style=\"width: 144px\">\n<dt class=\"wp-caption-dt\"><a href=\"https:\/\/i0.wp.com\/pages.charlotte.edu\/john-reeves\/wp-content\/uploads\/sites\/521\/2013\/04\/man-reading-scroll.jpg\"><img data-recalc-dims=\"1\" loading=\"lazy\" decoding=\"async\" class=\"size-medium wp-image-71\" title=\"man reading scroll\" alt=\"man (Moses?) reading from scroll, Dura Europos synagogue, third cent. CE\" src=\"https:\/\/i0.wp.com\/pages.charlotte.edu\/john-reeves\/wp-content\/uploads\/sites\/521\/2013\/04\/man-reading-scroll.jpg?resize=134%2C300\" width=\"134\" height=\"300\" srcset=\"https:\/\/i0.wp.com\/pages.charlotte.edu\/john-reeves\/wp-content\/uploads\/sites\/521\/2013\/04\/man-reading-scroll.jpg?resize=134%2C300&amp;ssl=1 134w, https:\/\/i0.wp.com\/pages.charlotte.edu\/john-reeves\/wp-content\/uploads\/sites\/521\/2013\/04\/man-reading-scroll.jpg?zoom=2&amp;resize=134%2C300 268w\" sizes=\"auto, (max-width: 134px) 100vw, 134px\" \/><\/a><\/dt>\n<dd class=\"wp-caption-dd\">man (Moses?) reading from scroll, Dura Europos synagogue, third cent. CE<\/dd>\n<\/dl>\n<p class=\"mceTemp\"><a href=\"http:\/\/www.sbl-site.org\/publications\/article.aspx?articleId=58\">&#8220;The Flowing Stream: Qur&#8217;\u0101nic Interpretation and the Bible&#8221;<\/a><\/p>\n<p><a href=\"http:\/\/www.mechon-mamre.org\/e\/et\/et0.htm\">JPS 1917 English Translation<\/a><\/p>\n<p><a href=\"http:\/\/quod.lib.umich.edu\/r\/rsv\/\">RSV<\/a> and <a href=\"http:\/\/quod.lib.umich.edu\/k\/kjv\/\">KJV<\/a> English translations of Bible (including Apocrypha and Christian New Testament)<\/p>\n<p><a href=\"http:\/\/quran.al-islam.org\/\">Qur&#8217;\u0101n in Arabic and English<\/a><\/p>\n<p>More Qur&#8217;\u0101n translations<\/p>\n<p><a href=\"http:\/\/pages.charlotte.edu\/john-reeves\/wp-content\/uploads\/sites\/521\/2013\/04\/humiliation-of-satan-legend1.pdf\"><em>Bereshit Rabbati<\/em> on the humiliation of Satan<\/a><\/p>\n<p><a href=\"http:\/\/pages.charlotte.edu\/john-reeves\/course-materials\/rels-2104-hebrew-scripturesold-testament\/bereshit-rabbati-on-shemhazai-azael\/\"><em>Bereshit Rabbati<\/em> on Shemhazai &amp; Azael<\/a><\/p>\n<p>Legend of H\u0101r\u016bt &amp; M\u0101r\u016bt (Maqdis\u012b)<\/p>\n<p>Legend of H\u0101r\u016bt &amp; M\u0101r\u016bt (Qazw\u012bn\u012b)<\/p>\n<p><a title=\"Ya`q\u016bb\u012b,\u00a0Ta\u2019r\u012bkh\" href=\"http:\/\/pages.charlotte.edu\/john-reeves\/publications\/unpublished-lectures-and-fragmenta\/yaqubi-tarikh\/\">Ya`q\u00fbb\u00ee, <em>Ta\u00b4r\u00eekh<\/em><\/a> (from Adam through Noah)<\/p>\n<p><a title=\"The Chronicles of Moses Our Teacher\" href=\"http:\/\/pages.charlotte.edu\/john-reeves\/research-projects\/medieval-jewish-pseudepigrapha\/the-chronicles-of-moses-our-teacher\/\"><em>Chronicles of Moses our Teacher<\/em><\/a><\/p>\n<p>Images of some early manuscripts of the Qur&#8217;\u0101n<\/p>\n<p>Some apocrypha and pseudepigrapha from <em>APOT<\/em><\/p>\n<p>Altafsir.com<\/p>\n","protected":false},"excerpt":{"rendered":"<p>Course syllabus man (Moses?) reading from scroll, Dura Europos synagogue, third cent. CE &#8220;The Flowing Stream: Qur&#8217;\u0101nic Interpretation and the Bible&#8221; JPS 1917 English Translation RSV and KJV English translations of Bible (including Apocrypha and Christian New Testament) Qur&#8217;\u0101n in Arabic and English More Qur&#8217;\u0101n translations Bereshit Rabbati on the humiliation of Satan Bereshit Rabbati [&hellip;]<\/p>\n","protected":false},"author":454,"featured_media":0,"parent":63,"menu_order":0,"comment_status":"closed","ping_status":"open","template":"","meta":{"jetpack_post_was_ever_published":false,"footnotes":""},"class_list":["post-70","page","type-page","status-publish","hentry"],"jetpack_shortlink":"https:\/\/wp.me\/P3kl1F-18","jetpack_sharing_enabled":true,"_links":{"self":[{"href":"https:\/\/pages.charlotte.edu\/john-reeves\/wp-json\/wp\/v2\/pages\/70","targetHints":{"allow":["GET"]}}],"collection":[{"href":"https:\/\/pages.charlotte.edu\/john-reeves\/wp-json\/wp\/v2\/pages"}],"about":[{"href":"https:\/\/pages.charlotte.edu\/john-reeves\/wp-json\/wp\/v2\/types\/page"}],"author":[{"embeddable":true,"href":"https:\/\/pages.charlotte.edu\/john-reeves\/wp-json\/wp\/v2\/users\/454"}],"replies":[{"embeddable":true,"href":"https:\/\/pages.charlotte.edu\/john-reeves\/wp-json\/wp\/v2\/comments?post=70"}],"version-history":[{"count":14,"href":"https:\/\/pages.charlotte.edu\/john-reeves\/wp-json\/wp\/v2\/pages\/70\/revisions"}],"predecessor-version":[{"id":842,"href":"https:\/\/pages.charlotte.edu\/john-reeves\/wp-json\/wp\/v2\/pages\/70\/revisions\/842"}],"up":[{"embeddable":true,"href":"https:\/\/pages.charlotte.edu\/john-reeves\/wp-json\/wp\/v2\/pages\/63"}],"wp:attachment":[{"href":"https:\/\/pages.charlotte.edu\/john-reeves\/wp-json\/wp\/v2\/media?parent=70"}],"curies":[{"name":"wp","href":"https:\/\/api.w.org\/{rel}","templated":true}]}}