
{"id":863,"date":"2013-05-27T17:19:04","date_gmt":"2013-05-27T21:19:04","guid":{"rendered":"http:\/\/pages.charlotte.edu\/john-reeves\/?page_id=863"},"modified":"2013-05-27T17:19:05","modified_gmt":"2013-05-27T21:19:05","slug":"course-syllabus-pentateuchtorah","status":"publish","type":"page","link":"https:\/\/pages.charlotte.edu\/john-reeves\/course-materials\/rels-3000\/pentateuchtorah\/course-syllabus-pentateuchtorah\/","title":{"rendered":"Course Syllabus: Pentateuch\/Torah"},"content":{"rendered":"<p>RELS 3000<br \/>\nPentateuch\/Torah<br \/>\nMTWRF 9:45-11:15<br \/>\nDr. John C. Reeves<br \/>\n108A Macy<br \/>\nOffice hours: TWR 1:00-2:00; or by appointment<br \/>\n<a href=\"mailto:jcreeves@email.uncc.edu\">jcreeves@uncc.edu<\/a><\/p>\n<p>\u2018The light therefore that must guide us in this question, must be that which is held out unto us from the Bookes themselves: And this light, though it show us not the writer of every book, yet it is not unusefull to give us knowledge of the time, wherein they were written.\u2019 (Thomas Hobbes, <em>Leviathan<\/em> [1651]).<\/p>\n<h3>Course Description<\/h3>\n<p>Modern biblical criticism derives in large part from early attempts to resolve the numerous compositional and structural anomalies and discrepancies found in the Mosaic Pentateuch or \u2018Five Books of Moses\u2019; i.e., the \u2018five books\u2019 of Genesis, Exodus, Leviticus, Numbers, and Deuteronomy.\u00a0We will sample the diverse genres of literature contained within the Torah, seek out and study the alleged anomalies and discrepancies, and thereby acquire an appreciation for the productive methods used in the modern critical study of the Bible.\u00a0 This project necessitates a close reading of the entire Torah, with our primary emphasis laid upon acquiring a nuanced understanding of the meaning of the constituent texts and their contents within their historical, social, and literary contexts.<\/p>\n<h3>Texts<\/h3>\n<p>There is one fundamental text required for this course\u2014that of the Hebrew Bible itself in a suitable English translation.\u00a0While many students already own Bibles or at least have access to public copies in the library, very few undergraduates realize that certain popular translations are outdated and\/or are of substandard quality. Moreover, most of the popular and\/or liturgical editions possess little (if any) competent annotation and cross-referencing.\u00a0Therefore, in order to complete the assignments for this course, the following text is required:<\/p>\n<p style=\"padding-left: 30px\"><em>Tanakh, The Holy Scriptures: The New JPS Translation According to the Traditional Hebrew Text<\/em> (Philadelphia &amp; Jerusalem: The Jewish Publication Society, 1985).<\/p>\n<p>Occasionally, supplementary readings may be assigned or distributed by the instructor as needed.<\/p>\n<h3>Course Requirements<\/h3>\n<p>a.<em> Homework exercises<\/em>.\u00a0 An indeterminate number of written exercises (at least three or four per week; optimally one per day) will be prepared and submitted for in-class discussion and out-of-class evaluation. These exercises vary in length from less than one (1) to a maximum of three (3) typewritten or electronically printed pages. All of these exercises will be announced and explained by the instructor during the course of or at the conclusion of a class meeting. The instructor\u2019s evaluation of the student\u2019s collective written exercise performance (based on the scale \u221a+ = A-; \u221a = C+; \u221a- = D) will comprise 50% of the course grade.<\/p>\n<p>b.<em> Final Examination<\/em>. One (1) written final examination, consisting of one or more essays, comprising 25% of the course grade.\u00a0The exam will occur in class during the final class meeting.\u00a0This exam is subjective in format, comprehensive in content, and will draw equally upon assigned readings and class discussion for its content.<\/p>\n<p>c.<em> Individual involvement<\/em>.\u00a0Almost perfect attendance (see below) is an essential requirement for this course.\u00a0Each class meeting builds upon the knowledge gained during previous meetings.\u00a0Moreover, in-class discussion and analysis comprise a significant portion of every class meeting.\u00a0Preparation for every class usually involves the completion of a series of assigned readings and\/or written assignment(s).\u00a0Students are expected to contribute in an informed manner to the public analysis and discussion of any assigned topic, and the instructor reserves the right to administer occasional unannounced \u2018pop-quizzes\u2019 should he deem the situation so warrants. The instructor\u2019s assessment of one\u2019s attendance, apparent class preparation, oral contributions, and performance on pop-quizzes will constitute 25% of the final course grade.<\/p>\n<p>d.<em> Zakhor<\/em> (Remember!): Mastery of the assigned readings and diligent class attendance are necessary prerequisites for the successful completion of this course.\u00a0 Each student is responsible for all lectures, class discussions, assignments, and announcements, whether or not he\/she is present when they occur.<\/p>\n<h3>Miscellaneous Information<\/h3>\n<p>a. The grading scale used in this course is as follows:<\/p>\n<p>91-100\u00a0\u00a0 A\u00a0\u00a0 =\u00a0\u00a0\u00a0\u00a0\u00a0\u00a0\u00a0\u00a0\u00a0\u00a0\u00a0\u00a0\u00a0 demonstrable mastery of material; can creatively synthesize<\/p>\n<p>81-90\u00a0\u00a0\u00a0\u00a0 B\u00a0\u00a0 =\u00a0\u00a0\u00a0\u00a0\u00a0\u00a0\u00a0\u00a0\u00a0\u00a0\u00a0\u00a0\u00a0 some demonstrable proficiency in control of material &amp; analysis<\/p>\n<p>71-80\u00a0\u00a0\u00a0\u00a0 C\u00a0\u00a0 =\u00a0\u00a0\u00a0\u00a0\u00a0\u00a0\u00a0\u00a0\u00a0\u00a0\u00a0\u00a0\u00a0 satisfactory performance of assignments; little or no analysis<\/p>\n<p>61-70\u00a0\u00a0\u00a0\u00a0 D\u00a0\u00a0 =\u00a0\u00a0\u00a0\u00a0\u00a0\u00a0\u00a0\u00a0\u00a0\u00a0\u00a0\u00a0\u00a0 inadequate and\/or faulty understanding of material<\/p>\n<p>0-60\u00a0\u00a0\u00a0\u00a0 F\u00a0\u00a0 =\u00a0\u00a0\u00a0\u00a0\u00a0\u00a0\u00a0\u00a0\u00a0\u00a0\u00a0\u00a0\u00a0 unacceptable work<\/p>\n<p>b. One of the requirements of this course is to complete the work of the course on time.\u00a0 Sometimes there are legitimate reasons for late work\u2014an illness or other emergency.\u00a0 \u2018Emergency,\u2019 however, does not include your social involvements, travel plans, job schedule, disk and\/or printer failures, the state of your love life, your obligations to other courses, or general malaise over the state of the world. The world has been in a mess as long as anyone can remember, and most of the world\u2019s work is done by people whose lives are a mass of futility and discontent. If you haven\u2019t learned yet, you had better learn now to work under the conditions of the world as it is. <strong>Therefore<\/strong>:<\/p>\n<p>1) All missed quizzes, unwritten reports, and neglected homework exercises will be averaged as a 0 in the computation of the course grade. There is no such thing as a \u2018make-up pop quiz.\u2019\u00a0No exceptions will be considered or granted.<\/p>\n<p>2) All papers and written exercises are due on the dates scheduled in the syllabus, or on the date announced by the instructor in class (usually, the following class meeting). \u2018Late\u2019 submissions of reports (not homework exercises\u2014see below) bear the following penalties: one day late\/one letter grade; two days late\/two letter grades; three or more days late\/F.\u00a0 Please note: these \u2018days\u2019 are calendar days, not class meeting days. For accounting purposes, letter grades bear the following values: A=95; A-=92; B=85; C+=78; C=75; D=65; F=30. An untyped submission automatically receives the grade F, as do those typed papers which violate the required parameters or which the instructor deems physically unacceptable and\/or grammatically incomprehensible.<\/p>\n<p>3) Homework exercises are due on the date announced by the instructor in class. Since we will normally discuss these exercises together in class on that date, it would clearly be unfair to those who submitted their work on time for me to accept \u2018late\u2019 work from those privy to our in-class discussion.\u00a0Hence I will not accept \u2018late\u2019 homework submissions; however, \u2018early\u2019 submissions are always welcome and will receive full credit.<\/p>\n<p>4) Attendance at class meetings will be monitored by the instructor. One or two absences, while regrettable, are unexceptional; three (3) is the limit of tolerability. Each successive absence lowers the Individual Involvement component of your assessment by one letter grade; seven (7) or more earns an automatic F in that component. Please note that the instructor does not distinguish \u2018excused\u2019 from \u2018unexcused\u2019 absences. Unsanctioned late arrivals and early departures will be tallied as absences.<\/p>\n<p>c. Assistance and solicitation of criticism is your right as a member of the class. It is not a privilege to be granted or withheld. Do not hesitate to request it nor wait too late in the course for it to be of help.<\/p>\n<h3>Rough Course Outline<\/h3>\n<p>1. Introduction: the Pentateuch (Torah) as literary corpus<\/p>\n<p style=\"padding-left: 30px\">a. canonization of Tanakh<\/p>\n<p style=\"padding-left: 30px\">b. <em>torat-Mosheh<\/em> in Prophets (<em>Nevi\u2019im<\/em>) &amp; Writings (<em>Ketuvim<\/em>)<\/p>\n<p style=\"padding-left: 30px\">c. <em>torat-Mosheh<\/em> at Qumran<\/p>\n<p style=\"padding-left: 30px\">d. writings of Moses in early Jewish, Christian, and Muslim sources<\/p>\n<p style=\"padding-left: 30px\"><strong>Required<\/strong>:<\/p>\n<p style=\"padding-left: 30px\">All biblical passages which reference \u2018law \u2026,\u2019 \u2018scripture \u2026,\u2019 or \u2018book(s) of Moses.\u2019<br \/>\nCD 5:8-9, 21; 8:14-15 (= 19:26); 15:2, 12; 16:1-5; 1QS 1:3; 5:8; 8:22; 1QM 10:6-8; 4QMMT C 10-11, 17, 21.<br \/>\nBen Sira\/Sirach, prologue; Lk 24:44.<br \/>\nQ 53:36-54; 87:18-19.<\/p>\n<p style=\"padding-left: 30px\"><strong>Recommended<\/strong>:<\/p>\n<p style=\"padding-left: 30px\">James E. Bowley and John C. Reeves, \u201cRethinking the Concept of \u2018Bible\u2019: Some Theses and Proposals,\u201d <em>Henoch<\/em> 25 (2003): 3-18.<\/p>\n<p style=\"padding-left: 30px\">Marc Zvi Brettler, \u201cThe Canonization of the Bible,\u201d in <em>The Jewish Study Bible<\/em> (ed. Adele Berlin and Marc Zvi Brettler; Oxford: OxfordUniversity Press, 2004), 2072-77.<\/p>\n<p style=\"padding-left: 30px\">Robert A. Kraft, \u201cScripture and Canon in Jewish Apocrypha and Pseudepigrapha,\u201d in <em>Hebrew Bible\/Old Testament: The History of Its Interpretation<\/em> (ed. Magne S\u00e6b\u00f8; 2 vols.; G\u00f6ttingen: Vandenhoeck &amp; Ruprecht, 1996-2000), 1:199-216.<\/p>\n<p style=\"padding-left: 30px\">Hava Lazarus-Yafeh, \u201cTawr\u0101t,\u201d <em>Encyclopaedia of Islam<\/em> (new ed.; 11 vols.; Leiden: Brill, 1960-2002), 10:393-95.<\/p>\n<p style=\"padding-left: 30px\">John C. Reeves, \u201cScriptural Authority in Early Judaism,\u201d in James E. Bowley, ed., <em>Living Traditions of the Bible: Scripture in Jewish, Christian, and Muslim Practice<\/em> (St. Louis: Chalice Press, 1999), 63-84.<\/p>\n<p>2. A brief introduction to source criticism of the Pentateuch<\/p>\n<p style=\"padding-left: 30px\">a. constituent parts of the Pentateuch by genre: myths, stories, lists, rituals, laws, hymns<\/p>\n<p style=\"padding-left: 30px\">b. explicitly marked sources<\/p>\n<p style=\"padding-left: 30px\">c. implicitly referenced sources<\/p>\n<p style=\"padding-left: 30px\">d. editorial rubrics<\/p>\n<p style=\"padding-left: 30px\">e. some doublets\/variant versions:<\/p>\n<p style=\"padding-left: 60px\">(1) Gen 12:10-20\/20:1-18\/26:6-11<\/p>\n<p style=\"padding-left: 60px\">(2) Exod 17:1-7\/Num 20:2-12<\/p>\n<p style=\"padding-left: 60px\">(3) Exod 20:2-14\/Deut 5:6-18<\/p>\n<p style=\"padding-left: 60px\">(4) Exod 18:13-27\/Num 11:14-17, 24-30\/Deut 1:9-18<\/p>\n<p style=\"padding-left: 30px\">f. modern (i.e., post-Enlightenment) source criticism of the Pentateuch<\/p>\n<p style=\"padding-left: 30px\">g. profiling J, E, D, P, and other \u2018letter-labels\u2019<\/p>\n<p style=\"padding-left: 30px\"><strong>Required<\/strong>:<\/p>\n<p style=\"padding-left: 30px\">Gen 2:18-24; 11:1-9; 36:24; 49:2-27; Exod 2:1-10; 15:1-18; 21:1-23:19; 34:10-26; Lev 7:35-37; 11:46-47; 14:1-20, 54-57; 26:46; 27:34; Num 5:11-31; 10:35-36; 21:12-15; 28:3-30:1; 33:1-49; 36:13; Deut 1:1-5; 21:1-9; 32:1-44; 33:1-29.<\/p>\n<p style=\"padding-left: 30px\"><strong>Recommended<\/strong>:<\/p>\n<p style=\"padding-left: 30px\">S. R. Driver, <em>An Introduction to the Literature of the Old Testament<\/em> (9<sup>th<\/sup> ed.; Edinburgh: T. &amp; T. Clark, 1913), esp. 1-159.<\/p>\n<p style=\"padding-left: 30px\">Otto Eissfeldt, <em>The Old Testament: An Introduction<\/em> (trans. Peter R. Ackroyd; Oxford: Basil Blackwell, 1965), esp. 155-241.<\/p>\n<p style=\"padding-left: 30px\">Richard Elliott Friedman, \u201cTorah,\u201d <em>Anchor Bible Dictionary<\/em> (6 vols.; Garden City, N.Y.: Doubleday, 1992), 6:605-22.<\/p>\n<p>3. Character cycles<\/p>\n<p style=\"padding-left: 30px\">a. Abraham-cycle<\/p>\n<p style=\"padding-left: 30px\">b. Jacob-cycle<\/p>\n<p style=\"padding-left: 30px\">c. Isaac-cycle (?)<\/p>\n<p style=\"padding-left: 30px\">d. Joseph<\/p>\n<p style=\"padding-left: 30px\">e. Balaam<\/p>\n<p style=\"padding-left: 30px\">f. Profiling Moses<\/p>\n<p style=\"padding-left: 30px\"><strong>Required<\/strong>:<\/p>\n<p style=\"padding-left: 30px\">Gen 11:27-25:10; 25:11-26:35; 27:1-37:1; 37:2-50:26; Exod 1:1-14:31; 15:19-19:25; 24:1-18; 32:1-34:35; 40:17-38; Lev 10:1-20; 24:10-23; Num 9:15-23; 10:11-12:16; 13:1-14:45; 16:1-17:28; 20:1-22:1; 22:2-24:25; 25:1-18; 27:12-23; 31:1-32:42; Deut 31:1-30; 32:44-52; 34:1-12.<\/p>\n<p style=\"padding-left: 30px\">All extra-Pentateuchal biblical references to pentateuchal figures like Abraham, Jacob, Moses, etc.<\/p>\n<p style=\"padding-left: 30px\">Parascriptural treatments of same.<\/p>\n<p style=\"padding-left: 30px\">Medieval Hebrew <em>Petirat Mosheh<\/em> (cf. <em>Deut Rab<\/em>. 11 [end]).<\/p>\n<p style=\"padding-left: 30px\">Medieval Hebrew <em>Chronicles of Moses<\/em>.<\/p>\n<p style=\"padding-left: 30px\"><strong>Recommended<\/strong>:<\/p>\n<p style=\"padding-left: 30px\">Jan Assmann, <em>Moses the Egyptian: The Memory of Egypt in Western Monotheism<\/em> (Cambridge, Mass.: Harvard University Press, 1997).<\/p>\n<p style=\"padding-left: 30px\">Louis Ginzberg, <em>Legends of the Bible<\/em> (Philadelphia: Jewish Publication Society, 1956).<\/p>\n<p style=\"padding-left: 30px\">Howard Schwartz, <em>Tree of Souls: The Mythology of Judaism<\/em> (New York: Oxford University Press, 2004).<\/p>\n<p style=\"padding-left: 30px\">Eli Yassif, <em>The Hebrew Folktale: History, Genre, Meaning<\/em> (trans. Jacqueline S. Teitelbaum; Bloomington: IndianaUniversity Press, 1999), esp. 8-69.<\/p>\n<p>4. Some structural themes and integral complexes<\/p>\n<p style=\"padding-left: 30px\">a. Promise(s) to the patriarchs<\/p>\n<p style=\"padding-left: 30px\">b. Exodus from Egypt<\/p>\n<p style=\"padding-left: 30px\">c. Wilderness sustenance and guidance<\/p>\n<p style=\"padding-left: 30px\">d. Revelation at Sinai\/Horeb<\/p>\n<p style=\"padding-left: 30px\">e. The \u2018primeval history\u2019<\/p>\n<p style=\"padding-left: 30px\"><strong>Required<\/strong>:<\/p>\n<p style=\"padding-left: 30px\">Gen 1:1-11:32; 12:1-3; 13:14-17; 15:1-17:27; 22:1-19; 26:3-5, 23-24; 28:3, 13-15; 32:10-13; 35:9-12; 46:1-4; 48:3-4, 21-22; Exod 1:1-Num 36:13 (narrative portions); Deut 1:6-3:29; 4:1-49; 5:1-30; 6:1-11:32 (esp. 9:8-10:11); 26:5-11; 29:1-31:30; Psalms 78:1-72; 105:1-45; 106:1-48; 114:1-8.<\/p>\n<p>5. Intersections of \u2018law,\u2019 \u2018narrative,\u2019 and ideology<\/p>\n<p style=\"padding-left: 30px\">a. Resolving judicial conundrums<\/p>\n<p style=\"padding-left: 60px\">(1) Lev 24:10-16, 23<\/p>\n<p style=\"padding-left: 60px\">(2) Num 9:6-11<\/p>\n<p style=\"padding-left: 60px\">(3) Num 15:32-36<\/p>\n<p style=\"padding-left: 60px\">(4) Num 27:1-11; 36:1-12<\/p>\n<p style=\"padding-left: 30px\">b. Decalogue, Covenant Code, and Sinai<\/p>\n<p style=\"padding-left: 30px\">c. Cultic service and priesthood<\/p>\n<p style=\"padding-left: 30px\">d. The problem of Deuteronomy<\/p>\n<p style=\"padding-left: 30px\">e. The so-called \u2018Holiness School\u2019<\/p>\n<p style=\"padding-left: 30px\"><strong>Required<\/strong>:<\/p>\n<p style=\"padding-left: 30px\">Exod 19:1-23:33; 25:1-31:17; 34:1-28; 35:1-40:38; Lev 8:1-9:24; 16:1-34; 17:1-26:2; Num 1:46-54; 2:17, 33-34; 3:1-4:49; 5:1-10; 6:22-27; 7:1-8:26; 10:1-10; 12:1-16; 15:1-31; 16:1-17:28; 18:1-32; 25:1-18; 26:57-65; 28:1-30:1; 35:1-34; Deut 1:1-34:12.<\/p>\n<p style=\"padding-left: 30px\"><strong>Recommended<\/strong>:<\/p>\n<p style=\"padding-left: 30px\">The discussions in Driver and Eissfeldt above.<\/p>\n<p style=\"padding-left: 30px\">Israel Knohl, \u201cThe Priestly Torah Versus the Holiness School: Sabbath and the Festivals,\u201d <em>Hebrew Union College Annual<\/em> 58 (1987): 65-117.<\/p>\n<p>6. Some parascriptural images of the Torah<\/p>\n<p style=\"padding-left: 30px\"><strong>Required<\/strong>:<\/p>\n<p style=\"padding-left: 30px\">Sir 24:1-34; 44:1-46:10; 49:14-16; Wis 10:1-19:22; Bar 3:9-4:4; Jubilees 1:1-50:13.<\/p>\n<p style=\"padding-left: 30px\">Q 3:3, 48, 50, 65, 93; 5:43-46, 66, 68, 110; 7:157; 9:111; 48:29; 61:6; 62:5.<\/p>\n<p style=\"padding-left: 30px\"><strong>Recommended<\/strong>:<\/p>\n<p style=\"padding-left: 30px\">James L. Kugel, \u201cThe Life of Torah,\u201d in his <em>The Bible As It Was<\/em> (Cambridge, Mass.: Harvard University Press, 1997), 503-48.<\/p>\n<p style=\"padding-left: 30px\">E. E. Urbach, \u201cTorah,\u201d in <em>Judaism: A People and its History<\/em> (ed. Robert M. Seltzer; New York: Macmillan, 1989), 85-100.<\/p>\n<h3>Supplemental Bibliography for\u00a0RELS 3000 Pentateuch\/Torah<\/h3>\n<p>In response to student requests for recommendations regarding useful and enlightening discussions of certain topics, themes, and personalities that are presented in class and\/or readings, I offer the following suggestions for further study at the student\u2019s leisure. I confine myself to materials which I myself have used with profit and which are currently available at Atkins Library.<\/p>\n<p>It is often helpful for the student to begin with appropriate articles in the standard Bible dictionaries.\u00a0 The latest and best is <em>The Anchor Bible Dictionary<\/em> (6 vols.; New York: Doubleday, 1992).\u00a0Also reliable are <em>The Interpreters\u2019 Dictionary of the Bible<\/em> (4 vols.) and its <em>Supplementary Volume<\/em> (ed. George A. Buttrick; Nashville: Abingdon Press, 1962 &amp; 1976), and the <em>Harper\u2019s Bible Dictionary<\/em> (ed. Paul J. Achtemeier; San Francisco: Harper &amp; Row, 1985).\u00a0Highly recommended are the relevant articles in the <em>Encyclopaedia Judaica<\/em> (16 vols., Jerusalem: Keter, 1971).<\/p>\n<p>Joseph Blenkinsopp, <em>The Pentateuch: An Introduction to the First Five Books of the Bible<\/em> (New York: Doubleday, 1992).<\/p>\n<p>Antony F. Campbell and Mark A. O\u2019Brien, <em>Sources of the Pentateuch: Texts, Introductions, Annotations<\/em> (Minneapolis: Fortress Press, 1993).<\/p>\n<p>Ronald E. Clements, <em>One Hundred Years of Old Testament Interpretation<\/em> (Philadelphia: Westminster, 1976).\u00a0 See his chapter on the Pentateuch.<\/p>\n<p>Michael Fishbane, <em>Biblical Interpretation in Ancient Israel<\/em> (Oxford: Clarendon, 1985).<\/p>\n<p>______, <em>Biblical Text and Texture: A Literary Reading of Selected Texts<\/em> (Oxford: Oneworld, 1998).\u00a0 A convenient reprint of a classic title first published in 1979.<\/p>\n<p>Richard Elliott Friedman, <em>Who Wrote the Bible?<\/em> (New York: Summit, 1987).<\/p>\n<p>Louis Ginzberg, <em>The Legends of the Jews<\/em> (7 vols.; Philadelphia: The Jewish Publication Society, 1909-38).<\/p>\n<p>Stephen A. Kaufman, \u201cThe Temple Scroll and Higher Criticism,\u201d <em>Hebrew Union College Annual<\/em> 53 (1982): 29-43.\u00a0Empirically demonstrates how one \u2018sectarian\u2019 torah scroll was redacted from different source documents.<\/p>\n<p>Yehezqel Kaufmann, <em>The Religion of Israel: From its Beginnings to the Babylonian Exile<\/em> (Chicago: University of Chicago Press, 1960).<\/p>\n<p>Israel Knohl, <em>The Sanctuary of Silence: The Priestly Torah and the Holiness School<\/em> (Minneapolis: Fortress Press, 1995).<\/p>\n<p>James L. Kugel, <em>The Bible As It Was<\/em> (Cambridge, Mass.: Harvard University Press, 1997).\u00a0Important anthology of parascriptural resources for the study of the Pentateuch.<\/p>\n<p>Ernest W. Nicholson, <em>The Pentateuch in the Twentieth Century: The Legacy of Julius Wellhausen<\/em> (Oxford: Oxford University Press, 1998).<\/p>\n<p>Ilana Pardes, <em>The Biography of Ancient Israel: National Narratives in the Bible<\/em> (Berkeley: University of California Press, 2000).<\/p>\n<p>______, <em>Countertraditions in the Bible: A Feminist Approach<\/em> (Cambridge, Mass.: Harvard University Press, 1992).<\/p>\n<p>John C. Reeves, \u201cSome Explorations of the Intertwining of Bible and Qur\u2019\u0101n,\u201d in <em>Bible and Qur\u2019\u0101n: Essays in Scriptural Intertextuality<\/em> (ed. John C. Reeves; Leiden\/Atlanta: Brill\/Society of Biblical Literature, 2003), 43-60.<\/p>\n<p>John W. Rogerson, ed., <em>The Pentateuch<\/em> (Sheffield: Sheffield Academic Press, 1996).<\/p>\n<p>Joel Rosenberg, <em>King and Kin: Political Allegory in the Hebrew Bible<\/em> (Bloomington: Indiana University Press, 1986).<\/p>\n<p>S. David Sperling, <em>The Original Torah: The Political Intent of the Bible\u2019s Writers<\/em> (New York and London: New York University Press, 1998).<\/p>\n<p>Jeffrey H. Tigay, \u201cAnthology in the Torah and the Question of Deuteronomy,\u201d in <em>The Anthology in Jewish Literature<\/em> (ed. David Stern; Oxford: Oxford University Press, 2004), 15-31.<\/p>\n<p>______, ed., <em>Empirical Models for Biblical Criticism<\/em> (Philadelphia: University of Pennsylvania Press, 1985).\u00a0With regard to the inherent plausibility of source criticism, see especially the first two chapters and the appendix.<\/p>\n<p>John Van Seters, \u201cRecent Studies on the Pentateuch: A Crisis in Method,\u201d <em>Journal of the American Oriental Society<\/em>\u00a099 (1979): 663-73.<\/p>\n<p>Geza Vermes, <em>The Complete Dead Sea Scrolls in English<\/em> (New York: Allen Lane\/Penguin, 1997).<\/p>\n<p>Moshe Weinfeld, <em>Deuteronomy and the Deuteronomic School<\/em> (Oxford: Clarendon Press, 1972).<\/p>\n<p>Julius Wellhausen, <em>Prolegomena to the History of Ancient Israel<\/em> (1878; repr., New York: Meridian, 1957).\u00a0Enormously influential for subsequent scholarly reconstructions of the literary history of the biblical books.\u00a0 No serious student of biblical literature can ignore this work.<\/p>\n<p>Brannon M. Wheeler, <em>Prophets in the Quran: An Introduction to the Quran and Muslim Exegesis<\/em> (London and New York: Continuum, 2002).<\/p>\n<p>In addition, one can consult the relevant individual volumes (e.g., Genesis; Exodus 1-18; etc.) in <span style=\"text-decoration: underline\">philologically responsible<\/span> biblical commentary series such as the International Critical Commentary, Hermeneia, the Anchor Bible Commentaries, the new JPS Commentary series, and the Old Testament Library.<\/p>\n","protected":false},"excerpt":{"rendered":"<p>RELS 3000 Pentateuch\/Torah MTWRF 9:45-11:15 Dr. John C. Reeves 108A Macy Office hours: TWR 1:00-2:00; or by appointment jcreeves@uncc.edu \u2018The light therefore that must guide us in this question, must be that which is held out unto us from the Bookes themselves: And this light, though it show us not the writer of every book, [&hellip;]<\/p>\n","protected":false},"author":454,"featured_media":0,"parent":73,"menu_order":0,"comment_status":"closed","ping_status":"open","template":"","meta":{"jetpack_post_was_ever_published":false,"footnotes":""},"class_list":["post-863","page","type-page","status-publish","hentry"],"jetpack_shortlink":"https:\/\/wp.me\/P3kl1F-dV","jetpack_sharing_enabled":true,"_links":{"self":[{"href":"https:\/\/pages.charlotte.edu\/john-reeves\/wp-json\/wp\/v2\/pages\/863","targetHints":{"allow":["GET"]}}],"collection":[{"href":"https:\/\/pages.charlotte.edu\/john-reeves\/wp-json\/wp\/v2\/pages"}],"about":[{"href":"https:\/\/pages.charlotte.edu\/john-reeves\/wp-json\/wp\/v2\/types\/page"}],"author":[{"embeddable":true,"href":"https:\/\/pages.charlotte.edu\/john-reeves\/wp-json\/wp\/v2\/users\/454"}],"replies":[{"embeddable":true,"href":"https:\/\/pages.charlotte.edu\/john-reeves\/wp-json\/wp\/v2\/comments?post=863"}],"version-history":[{"count":3,"href":"https:\/\/pages.charlotte.edu\/john-reeves\/wp-json\/wp\/v2\/pages\/863\/revisions"}],"predecessor-version":[{"id":866,"href":"https:\/\/pages.charlotte.edu\/john-reeves\/wp-json\/wp\/v2\/pages\/863\/revisions\/866"}],"up":[{"embeddable":true,"href":"https:\/\/pages.charlotte.edu\/john-reeves\/wp-json\/wp\/v2\/pages\/73"}],"wp:attachment":[{"href":"https:\/\/pages.charlotte.edu\/john-reeves\/wp-json\/wp\/v2\/media?parent=863"}],"curies":[{"name":"wp","href":"https:\/\/api.w.org\/{rel}","templated":true}]}}