
{"id":342,"date":"2012-11-30T20:36:40","date_gmt":"2012-11-30T20:36:40","guid":{"rendered":"http:\/\/pages.charlotte.edu\/katherine-stephenson\/?page_id=342"},"modified":"2016-12-07T22:15:58","modified_gmt":"2016-12-07T22:15:58","slug":"assignments","status":"publish","type":"page","link":"https:\/\/pages.charlotte.edu\/katherine-stephenson\/courses\/elementary-french-ii\/assignments\/","title":{"rendered":"Assignments"},"content":{"rendered":"<ul class=\"list-pages\"><li class=\"page_item page-item-338\"><a href=\"https:\/\/pages.charlotte.edu\/katherine-stephenson\/courses\/elementary-french-ii\/course-description\/\">Course Description<\/a><\/li>\n<li class=\"page_item page-item-340\"><a href=\"https:\/\/pages.charlotte.edu\/katherine-stephenson\/courses\/elementary-french-ii\/syllabus\/\">Syllabus<\/a><\/li>\n<li class=\"page_item page-item-342\"><a href=\"https:\/\/pages.charlotte.edu\/katherine-stephenson\/courses\/elementary-french-ii\/assignments\/\">Assignments<\/a><\/li>\n<li class=\"page_item page-item-344\"><a href=\"https:\/\/pages.charlotte.edu\/katherine-stephenson\/courses\/elementary-french-ii\/events\/\">Events<\/a><\/li>\n<li class=\"page_item page-item-778\"><a href=\"https:\/\/pages.charlotte.edu\/katherine-stephenson\/courses\/elementary-french-ii\/audio-files\/\">Audio Files<\/a><\/li>\n<\/ul>\n<h2>Assignments<\/h2>\n<ul class=\"toc-list\">\n<li><a href=\"#class-materials\">In-Class Materials<\/a><\/li>\n<li><a href=\"#internet-activities\">Internet Activities<\/a><\/li>\n<li><a href=\"#assignments\">Assignments<\/a><\/li>\n<\/ul>\n<h3 id=\"class-materials\">In-Class\u00a0Materials<\/h3>\n<p><a href=\"http:\/\/www.e-clecticity.net\/conjugueur\">Verb\u00a0Conjugation<\/a>\u00a0[dead link]<br \/>\n<a href=\"http:\/\/pages.charlotte.edu\/katherine-stephenson\/wp-content\/uploads\/sites\/221\/2012\/11\/f1oral02.doc\">FREN 1100\u00a0Speaking\u00a0Test<\/a><br \/>\n<a href=\"http:\/\/pages.charlotte.edu\/katherine-stephenson\/wp-content\/uploads\/sites\/221\/2012\/11\/F01VOCAB.doc\">Ch. 1: Vocabulaire<\/a><br \/>\n<a href=\"http:\/\/pages.charlotte.edu\/katherine-stephenson\/wp-content\/uploads\/sites\/221\/2012\/11\/F02ADJAC.doc\">Ch. 2: Les Adjectifs Qualificatifs<\/a><br \/>\n<a href=\"http:\/\/pages.charlotte.edu\/katherine-stephenson\/wp-content\/uploads\/sites\/221\/2012\/11\/F02ADJNM.doc\">Ch. 2: Comment est-il\/elle?<\/a><br \/>\n<a href=\"http:\/\/pages.charlotte.edu\/katherine-stephenson\/wp-content\/uploads\/sites\/221\/2012\/11\/F02VOCAB.doc\">Ch. 2: Vocabulaire<\/a><br \/>\n<a href=\"http:\/\/pages.charlotte.edu\/katherine-stephenson\/wp-content\/uploads\/sites\/221\/2012\/11\/F03VOCAB.doc\">Ch. 3: Vocabulaire<\/a><br \/>\n<a href=\"http:\/\/pages.charlotte.edu\/katherine-stephenson\/wp-content\/uploads\/sites\/221\/2012\/11\/F04CEST.doc\">Ch. 4: C&#8217;est ou Il\/Elle est?<\/a><br \/>\n<a href=\"http:\/\/pages.charlotte.edu\/katherine-stephenson\/wp-content\/uploads\/sites\/221\/2012\/11\/F04INTER.doc\">Ch. 4: L&#8217;interrogatif<\/a><br \/>\n<a href=\"http:\/\/pages.charlotte.edu\/katherine-stephenson\/wp-content\/uploads\/sites\/221\/2012\/11\/F04VOCAB.doc\">Ch. 4: Vocabulaire<\/a><br \/>\n<a href=\"http:\/\/pages.charlotte.edu\/katherine-stephenson\/wp-content\/uploads\/sites\/221\/2012\/11\/F05VOCAB.doc\">Ch. 5: Vocabulaire<\/a><br \/>\n<a href=\"http:\/\/pages.charlotte.edu\/katherine-stephenson\/wp-content\/uploads\/sites\/221\/2012\/11\/F05PRTON.doc\">Ch. 5: Les pronoms toniques<\/a><br \/>\n<a href=\"http:\/\/pages.charlotte.edu\/katherine-stephenson\/wp-content\/uploads\/sites\/221\/2012\/11\/F05grpq.doc\">Ch. 5: Group Questions<\/a><br \/>\n<a href=\"http:\/\/pages.charlotte.edu\/katherine-stephenson\/wp-content\/uploads\/sites\/221\/2012\/11\/F06VOCAB.doc\">Ch. 6: Vocabulaire<\/a><br \/>\n<a href=\"http:\/\/pages.charlotte.edu\/katherine-stephenson\/wp-content\/uploads\/sites\/221\/2012\/11\/F06HEURE.doc\">Ch. 6: L\u2019Heure<\/a><br \/>\n<a href=\"http:\/\/pages.charlotte.edu\/katherine-stephenson\/wp-content\/uploads\/sites\/221\/2012\/11\/F07OBDIR.doc\">Ch. 7: Les pronoms d&#8217;objet direct<\/a><br \/>\n<a href=\"http:\/\/pages.charlotte.edu\/katherine-stephenson\/wp-content\/uploads\/sites\/221\/2012\/11\/F07VOCAB.doc\">Ch. 7: Vocabulaire<\/a><br \/>\n<a href=\"http:\/\/pages.charlotte.edu\/katherine-stephenson\/wp-content\/uploads\/sites\/221\/2012\/11\/F18vocex.doc\">Ch. 8: Vocabulaire<\/a><br \/>\n<a href=\"http:\/\/pages.charlotte.edu\/katherine-stephenson\/wp-content\/uploads\/sites\/221\/2012\/11\/F18fairetsp.doc\">Ch. 8:\u00a0<em>Faire<\/em>\u00a0et\u00a0<em>jouer<\/em><\/a><br \/>\n<a href=\"http:\/\/pages.charlotte.edu\/katherine-stephenson\/wp-content\/uploads\/sites\/221\/2012\/11\/F18INTPR.doc\">Ch. 8: Les pronoms interrogatifs<\/a><br \/>\n<a href=\"http:\/\/pages.charlotte.edu\/katherine-stephenson\/wp-content\/uploads\/sites\/221\/2012\/11\/F18INTPR1.doc\">Ch. 8: Les pronoms interrogatifs: Sch\u00e9ma<\/a><br \/>\n<a href=\"http:\/\/pages.charlotte.edu\/katherine-stephenson\/wp-content\/uploads\/sites\/221\/2012\/11\/F18INTPX.doc\">Ch. 8: Les pronoms interrogatifs: Exemples<\/a><br \/>\n<a href=\"http:\/\/pages.charlotte.edu\/katherine-stephenson\/wp-content\/uploads\/sites\/221\/2012\/11\/F18INTP2.doc\">Ch. 8: Les pronoms interrogatifs: Exercices<\/a><br \/>\n<a href=\"http:\/\/pages.charlotte.edu\/katherine-stephenson\/wp-content\/uploads\/sites\/221\/2012\/11\/F18INTPa.doc\">Ch. 8: Les pronoms interrogatifs: Exercices: R\u00e9ponses<\/a><br \/>\n<a href=\"http:\/\/pages.charlotte.edu\/katherine-stephenson\/wp-content\/uploads\/sites\/221\/2012\/11\/F19food.doc\">Ch. 9: La nourriture<\/a><br \/>\n<a href=\"http:\/\/pages.charlotte.edu\/katherine-stephenson\/wp-content\/uploads\/sites\/221\/2012\/11\/F110clth.doc\">Ch. 10: Les v\u00eatements<\/a><br \/>\n<a href=\"http:\/\/pages.charlotte.edu\/katherine-stephenson\/wp-content\/uploads\/sites\/221\/2012\/11\/F110clthans.doc\">Ch. 10: Les v\u00eatements: R\u00e9ponses<\/a><br \/>\n<a href=\"http:\/\/pages.charlotte.edu\/katherine-stephenson\/wp-content\/uploads\/sites\/221\/2012\/11\/F1CH10PC.doc\">Ch. 10: La formation du pass\u00e9 compos\u00e9<\/a><br \/>\n<a href=\"http:\/\/pages.charlotte.edu\/katherine-stephenson\/wp-content\/uploads\/sites\/221\/2012\/11\/F111voc.doc\">Ch. 11: Vocabulaire<\/a><br \/>\n<a href=\"http:\/\/pages.charlotte.edu\/katherine-stephenson\/wp-content\/uploads\/sites\/221\/2012\/11\/F111vocr.doc\">Ch. 11: Vocabulaire: R\u00e9ponses<\/a><br \/>\n<a href=\"http:\/\/pages.charlotte.edu\/katherine-stephenson\/wp-content\/uploads\/sites\/221\/2012\/11\/F111pcet.doc\">Ch. 11: Le pass\u00e9 compos\u00e9 avec\u00a0<em>\u00eatre<\/em><\/a><br \/>\n<a href=\"http:\/\/pages.charlotte.edu\/katherine-stephenson\/wp-content\/uploads\/sites\/221\/2012\/11\/housetre.doc\">Ch. 11:\u00a0The\u00a0House of\u00a0<em>Etre<\/em><\/a><br \/>\n<a href=\"http:\/\/pages.charlotte.edu\/katherine-stephenson\/wp-content\/uploads\/sites\/221\/2012\/11\/F1pcnegi.doc\">Ch. 11: La n\u00e9gation et la forme interrogatif avec le pass\u00e9 compos\u00e9\u00a0<\/a><br \/>\n<a href=\"http:\/\/pages.charlotte.edu\/katherine-stephenson\/wp-content\/uploads\/sites\/221\/2012\/11\/F112voc.doc\">Ch. 12: Vocabulaire<\/a><br \/>\n<a href=\"http:\/\/pages.charlotte.edu\/katherine-stephenson\/wp-content\/uploads\/sites\/221\/2012\/11\/F112vocr.doc\">Ch. 12: Vocabulaire: R\u00e9ponses<\/a><br \/>\n<a href=\"http:\/\/pages.charlotte.edu\/katherine-stephenson\/wp-content\/uploads\/sites\/221\/2012\/12\/f112IMPF.doc\">Ch. 12: La formation de l&#8217;imparfait<\/a><br \/>\n<a href=\"http:\/\/pages.charlotte.edu\/katherine-stephenson\/wp-content\/uploads\/sites\/221\/2012\/12\/f112IMPU.doc\">Ch. 12: L&#8217;usage de l&#8217;imparfait I<\/a><br \/>\n<a href=\"http:\/\/pages.charlotte.edu\/katherine-stephenson\/wp-content\/uploads\/sites\/221\/2012\/11\/F112pcimint.doc\">Ch. 12: L&#8217;usage de l&#8217;imparfait II<\/a><br \/>\n<a href=\"http:\/\/pages.charlotte.edu\/katherine-stephenson\/wp-content\/uploads\/sites\/221\/2012\/11\/F112HW.doc\">Ch. 12: Vous Avez Compris 11-19<\/a><br \/>\n<a href=\"http:\/\/pages.charlotte.edu\/katherine-stephenson\/wp-content\/uploads\/sites\/221\/2012\/11\/F112PCIM.doc\">Ch. 12: L&#8217;imparfait et le pass\u00e9 compos\u00e9 I<\/a><br \/>\n<a href=\"http:\/\/pages.charlotte.edu\/katherine-stephenson\/wp-content\/uploads\/sites\/221\/2012\/11\/F112PCI2.doc\">Ch. 12: L&#8217;imparfait et le pass\u00e9 compos\u00e9 II<\/a><\/p>\n<h3 id=\"internet-activities\">Internet\u00a0Activities<\/h3>\n<p><a title=\"Audio Files\" href=\"http:\/\/pages.charlotte.edu\/katherine-stephenson\/courses\/elementary-french-ii\/audio-files\/\">Audio files for\u00a0<em>Voil\u00e0: Cahier d&#8217;activit\u00e9s orales<\/em><\/a><br \/>\n<a href=\"http:\/\/www.uncc.edu\/colleges\/arts_and_sciences\/langctr\/vocdrill\">VocDrill\u00a0(Vocabulary\u00a0Drills for\u00a0<em>Voil\u00e0<\/em>\u00a0Chs. 1-7)<\/a>\u00a0[dead link]<br \/>\n<a href=\"http:\/\/www.uncc.edu\/colleges\/arts_and_sciences\/langctr\/vocdrill\/vochydrate_jar.html\">VocHydrate\u00a0(Dehydrated\u00a0Sentences for\u00a0<em>Voil\u00e0<\/em>\u00a0Chs. 3-7)<\/a>\u00a0[dead link]<br \/>\n<a href=\"http:\/\/tprt05.uncc.edu:8900\/webct\/ticket\/ticketLogin?action=print_login&amp;request_uri=\/webct\/homearea\/homearea\">Voice Board (Speaking Test Practice)<\/a>\u00a0[dead link]<br \/>\n<a href=\"http:\/\/voila.heinle.com\/\"><em>Voil\u00e0<\/em>\u00a0Web\u00a0Activities<\/a><\/p>\n<h3 id=\"assignments\">Assignments<\/h3>\n<p><a href=\"http:\/\/pages.charlotte.edu\/katherine-stephenson\/wp-content\/uploads\/sites\/221\/2012\/11\/JDEFLORE.doc\">Jean de\u00a0Florette<\/a><br \/>\n<a href=\"http:\/\/pages.charlotte.edu\/katherine-stephenson\/wp-content\/uploads\/sites\/221\/2012\/11\/f1oral02.doc\">FREN 1101 Speaking Test<\/a><br \/>\n<a href=\"http:\/\/pages.charlotte.edu\/katherine-stephenson\/wp-content\/uploads\/sites\/221\/2012\/11\/F01DC@.doc\">Ch. 1: D\u00e9couvertes culturelles<\/a><br \/>\n<a href=\"http:\/\/pages.charlotte.edu\/katherine-stephenson\/wp-content\/uploads\/sites\/221\/2012\/11\/F02cmpex.doc\">Ch. 2: Compositions mod\u00e8les<\/a><br \/>\n<a href=\"http:\/\/pages.charlotte.edu\/katherine-stephenson\/wp-content\/uploads\/sites\/221\/2012\/11\/F02ADJ.doc\">Ch. 2: Les Adjectifs<\/a><br \/>\n<a href=\"http:\/\/pages.charlotte.edu\/katherine-stephenson\/wp-content\/uploads\/sites\/221\/2012\/11\/f02adjrp.doc\">Ch. 2: Les Adjectifs: R\u00e9ponses<\/a><br \/>\n<a href=\"http:\/\/pages.charlotte.edu\/katherine-stephenson\/wp-content\/uploads\/sites\/221\/2012\/11\/F02ETRE.doc\">Ch. 2:\u00a0<em>\u00eatre<\/em><\/a><br \/>\n<a href=\"http:\/\/pages.charlotte.edu\/katherine-stephenson\/wp-content\/uploads\/sites\/221\/2012\/11\/F02trans.doc\">Ch. 2: R\u00e9vision<\/a><br \/>\n<a href=\"http:\/\/pages.charlotte.edu\/katherine-stephenson\/wp-content\/uploads\/sites\/221\/2012\/11\/F03ARTIC.doc\">Ch. 3: Les Articles<\/a><br \/>\n<a href=\"http:\/\/pages.charlotte.edu\/katherine-stephenson\/wp-content\/uploads\/sites\/221\/2012\/11\/F03dehyd.doc\">Ch. 3:\u00a0Dehydrated\u00a0Sentences<\/a><br \/>\n<a href=\"http:\/\/pages.charlotte.edu\/katherine-stephenson\/wp-content\/uploads\/sites\/221\/2012\/11\/F03DC.doc\">Ch. 3: D\u00e9couvertes culturelles<\/a><br \/>\n<a href=\"http:\/\/pages.charlotte.edu\/katherine-stephenson\/wp-content\/uploads\/sites\/221\/2012\/11\/F04dehyd.doc\">Ch. 4:\u00a0Dehydrated\u00a0Sentences<\/a><br \/>\n<a href=\"http:\/\/pages.charlotte.edu\/katherine-stephenson\/wp-content\/uploads\/sites\/221\/2012\/11\/F04cmpex.doc\">Ch. 4: Compositions\u00a0mod\u00e8les:<\/a><br \/>\n<a href=\"http:\/\/pages.charlotte.edu\/katherine-stephenson\/wp-content\/uploads\/sites\/221\/2012\/11\/F04DC@.doc\">Ch. 4:\u00a0D\u00e9couvertes\u00a0culturelles<\/a><br \/>\n<a href=\"http:\/\/pages.charlotte.edu\/katherine-stephenson\/wp-content\/uploads\/sites\/221\/2012\/12\/F04ervbs.doc\">Ch. 4: Les verbes en -er<\/a><br \/>\n<a href=\"http:\/\/pages.charlotte.edu\/katherine-stephenson\/wp-content\/uploads\/sites\/221\/2012\/11\/f04ervba.doc\">Ch. 4: Les verbes en -er: R\u00e9ponses<\/a><br \/>\n<a href=\"http:\/\/pages.charlotte.edu\/katherine-stephenson\/wp-content\/uploads\/sites\/221\/2012\/11\/F0CMPEX.doc\">Ch. 5: Compositions\u00a0mod\u00e8les<\/a>\u00a0[dead link]<br \/>\n<a href=\"http:\/\/pages.charlotte.edu\/katherine-stephenson\/wp-content\/uploads\/sites\/221\/2012\/11\/f05dc@.doc\">Ch. 5:\u00a0D\u00e9couvertes\u00a0culturelles<\/a><br \/>\n<a href=\"http:\/\/pages.charlotte.edu\/katherine-stephenson\/wp-content\/uploads\/sites\/221\/2012\/11\/F05dehyd.doc\">Ch. 5:\u00a0Dehydrated\u00a0Sentences<\/a><br \/>\n<a href=\"http:\/\/pages.charlotte.edu\/katherine-stephenson\/wp-content\/uploads\/sites\/221\/2012\/11\/F05PLADJ.doc\">Ch. 5: La Place de l&#8217;adjectif<\/a><br \/>\n<a href=\"http:\/\/pages.charlotte.edu\/katherine-stephenson\/wp-content\/uploads\/sites\/221\/2012\/11\/F05AJDL1.doc\">Ch. 5: Les Adjectifs<\/a><br \/>\n<a href=\"http:\/\/pages.charlotte.edu\/katherine-stephenson\/wp-content\/uploads\/sites\/221\/2012\/11\/F05adjls.doc\">Ch. 5: Les Adjectifs: R\u00e9ponses<\/a><br \/>\n<a href=\"http:\/\/pages.charlotte.edu\/katherine-stephenson\/wp-content\/uploads\/sites\/221\/2012\/11\/F06DEHYD.doc\">Ch. 6:\u00a0Dehydrated\u00a0Sentences<\/a><br \/>\n<a href=\"http:\/\/pages.charlotte.edu\/katherine-stephenson\/wp-content\/uploads\/sites\/221\/2012\/11\/F06lt.doc\">Ch. 6: L&#8217;espace et le temps<\/a>\u00a0[dead link]<br \/>\n<a href=\"http:\/\/pages.charlotte.edu\/katherine-stephenson\/wp-content\/uploads\/sites\/221\/2012\/11\/F06INT.doc\">Ch. 6: Les questions<\/a><br \/>\n<a href=\"http:\/\/pages.charlotte.edu\/katherine-stephenson\/wp-content\/uploads\/sites\/221\/2012\/11\/F06HW.doc\">Ch. 6: Vous Avec Compris?<\/a><br \/>\n<a href=\"http:\/\/pages.charlotte.edu\/katherine-stephenson\/wp-content\/uploads\/sites\/221\/2012\/11\/f07dehyd.doc\">Ch. 7:\u00a0Dehydrated\u00a0Sentences<\/a><br \/>\n<a href=\"http:\/\/pages.charlotte.edu\/katherine-stephenson\/wp-content\/uploads\/sites\/221\/2012\/11\/F07PROBJ.doc\">Ch. 7: Les pronoms d\u2019objet direct<\/a><br \/>\n<a href=\"http:\/\/pages.charlotte.edu\/katherine-stephenson\/wp-content\/uploads\/sites\/221\/2012\/11\/f07prona.doc\">Ch. 7: Les pronoms d&#8217;objet direct: R\u00e9ponses<\/a><br \/>\n<a href=\"http:\/\/pages.charlotte.edu\/katherine-stephenson\/wp-content\/uploads\/sites\/221\/2012\/11\/F18ex22.doc\">Ch. 8: Les pronoms interrogatifs, Ex. 22 (197)<\/a><br \/>\n<a href=\"http:\/\/pages.charlotte.edu\/katherine-stephenson\/wp-content\/uploads\/sites\/221\/2012\/11\/F18neg.doc\">Ch. 8: Les expressions n\u00e9gatives<\/a><br \/>\n<a href=\"http:\/\/pages.charlotte.edu\/katherine-stephenson\/wp-content\/uploads\/sites\/221\/2012\/12\/f18dc.doc\">Ch. 8: D\u00e9couvertes culturelles<\/a><br \/>\n<a href=\"http:\/\/pages.charlotte.edu\/katherine-stephenson\/wp-content\/uploads\/sites\/221\/2012\/11\/F18dckey.doc\">Ch. 8: D\u00e9couvertes culturelles: R\u00e9ponses<\/a><br \/>\n<a href=\"http:\/\/pages.charlotte.edu\/katherine-stephenson\/wp-content\/uploads\/sites\/221\/2012\/11\/F18comps.doc\">Ch. 8: Compositions mod\u00e8les<\/a><br \/>\n<a href=\"http:\/\/pages.charlotte.edu\/katherine-stephenson\/wp-content\/uploads\/sites\/221\/2012\/11\/F19vocex.doc\">Ch. 9: Exercices de vocabulaire: R\u00e9ponses<\/a><br \/>\n<a href=\"http:\/\/pages.charlotte.edu\/katherine-stephenson\/wp-content\/uploads\/sites\/221\/2012\/11\/F19artic1.doc\">Ch. 9: Les articles<\/a><br \/>\n<a href=\"http:\/\/pages.charlotte.edu\/katherine-stephenson\/wp-content\/uploads\/sites\/221\/2012\/11\/F19articans.doc\">Ch. 9: Les articles: R\u00e9ponses<\/a><br \/>\n<a href=\"http:\/\/pages.charlotte.edu\/katherine-stephenson\/wp-content\/uploads\/sites\/221\/2012\/11\/F19dckey.doc\">Ch. 9: D\u00e9couvertes culturelles: R\u00e9ponses<\/a><br \/>\n<a href=\"http:\/\/pages.charlotte.edu\/katherine-stephenson\/wp-content\/uploads\/sites\/221\/2012\/11\/F110vac.doc\">Ch. 10:\u00a0<em>Vous avez compris?<\/em>\u00a0et\u00a0<em>Mise en pratique<\/em>\u00a0(252-53)<\/a><br \/>\n<a href=\"http:\/\/pages.charlotte.edu\/katherine-stephenson\/wp-content\/uploads\/sites\/221\/2012\/11\/F1prep10.doc\">Chs. 10-11: Les verbes et les pr\u00e9positions (257)<\/a><br \/>\n<a href=\"http:\/\/pages.charlotte.edu\/katherine-stephenson\/wp-content\/uploads\/sites\/221\/2012\/11\/F1prep10a.doc\">Chs. 10-11: Les verbes et les pr\u00e9positions: R\u00e9ponses<\/a><br \/>\n<a href=\"http:\/\/pages.charlotte.edu\/katherine-stephenson\/wp-content\/uploads\/sites\/221\/2012\/11\/F110dckey.doc\">Ch. 10: D\u00e9couvertes culturelles: R\u00e9ponses<\/a><br \/>\n<a href=\"http:\/\/pages.charlotte.edu\/katherine-stephenson\/wp-content\/uploads\/sites\/221\/2012\/11\/F111dc.doc\">Ch. 11: D\u00e9couvertes culturelles<\/a><br \/>\n<a href=\"http:\/\/pages.charlotte.edu\/katherine-stephenson\/wp-content\/uploads\/sites\/221\/2012\/11\/F111dckey.doc\">Ch. 11: D\u00e9couvertes culturelles: R\u00e9ponses<\/a><br \/>\n<a href=\"http:\/\/pages.charlotte.edu\/katherine-stephenson\/wp-content\/uploads\/sites\/221\/2012\/11\/F0FREV02.doc\">FREN 1100 R\u00e9vision pour l&#8217;examen final I<br \/>\n<\/a><a href=\"https:\/\/pages.charlotte.edu\/katherine-stephenson\/wp-content\/uploads\/sites\/221\/2012\/11\/F0FREV02-1.doc\">FREN 1100 R\u00e9vision pour l&#8217;examen final I Key<\/a><br \/>\n<a href=\"http:\/\/pages.charlotte.edu\/katherine-stephenson\/wp-content\/uploads\/sites\/221\/2012\/11\/f0REVFIN.doc\">FREN 1100 R\u00e9vision pour l&#8217;examen final II<\/a><br \/>\n<a href=\"http:\/\/pages.charlotte.edu\/katherine-stephenson\/wp-content\/uploads\/sites\/221\/2012\/11\/f1finrev.doc\">FREN 1101 R\u00e9vision pour l&#8217;examen final I<\/a><br \/>\n<a href=\"http:\/\/pages.charlotte.edu\/katherine-stephenson\/wp-content\/uploads\/sites\/221\/2012\/11\/F1dehyd8-13.doc\">FREN 1101 R\u00e9vision pour l&#8217;examen final II<\/a><\/p>\n","protected":false},"excerpt":{"rendered":"<p>Assignments In-Class Materials Internet Activities Assignments In-Class\u00a0Materials Verb\u00a0Conjugation\u00a0[dead link] FREN 1100\u00a0Speaking\u00a0Test Ch. 1: Vocabulaire Ch. 2: Les Adjectifs Qualificatifs Ch. 2: Comment est-il\/elle? Ch. 2: Vocabulaire Ch. 3: Vocabulaire Ch. 4: C&#8217;est ou Il\/Elle est? Ch. 4: L&#8217;interrogatif Ch. 4: Vocabulaire Ch. 5: Vocabulaire Ch. 5: Les pronoms toniques Ch. 5: Group Questions Ch. 6: [&hellip;]<\/p>\n","protected":false},"author":64,"featured_media":0,"parent":253,"menu_order":30,"comment_status":"closed","ping_status":"closed","template":"","meta":{"jetpack_post_was_ever_published":false,"footnotes":""},"class_list":["post-342","page","type-page","status-publish","hentry"],"jetpack_shortlink":"https:\/\/wp.me\/P2WAwc-5w","jetpack_sharing_enabled":true,"_links":{"self":[{"href":"https:\/\/pages.charlotte.edu\/katherine-stephenson\/wp-json\/wp\/v2\/pages\/342","targetHints":{"allow":["GET"]}}],"collection":[{"href":"https:\/\/pages.charlotte.edu\/katherine-stephenson\/wp-json\/wp\/v2\/pages"}],"about":[{"href":"https:\/\/pages.charlotte.edu\/katherine-stephenson\/wp-json\/wp\/v2\/types\/page"}],"author":[{"embeddable":true,"href":"https:\/\/pages.charlotte.edu\/katherine-stephenson\/wp-json\/wp\/v2\/users\/64"}],"replies":[{"embeddable":true,"href":"https:\/\/pages.charlotte.edu\/katherine-stephenson\/wp-json\/wp\/v2\/comments?post=342"}],"version-history":[{"count":17,"href":"https:\/\/pages.charlotte.edu\/katherine-stephenson\/wp-json\/wp\/v2\/pages\/342\/revisions"}],"predecessor-version":[{"id":2568,"href":"https:\/\/pages.charlotte.edu\/katherine-stephenson\/wp-json\/wp\/v2\/pages\/342\/revisions\/2568"}],"up":[{"embeddable":true,"href":"https:\/\/pages.charlotte.edu\/katherine-stephenson\/wp-json\/wp\/v2\/pages\/253"}],"wp:attachment":[{"href":"https:\/\/pages.charlotte.edu\/katherine-stephenson\/wp-json\/wp\/v2\/media?parent=342"}],"curies":[{"name":"wp","href":"https:\/\/api.w.org\/{rel}","templated":true}]}}