
{"id":348,"date":"2012-11-30T20:37:51","date_gmt":"2012-11-30T20:37:51","guid":{"rendered":"http:\/\/pages.charlotte.edu\/katherine-stephenson\/?page_id=348"},"modified":"2018-11-20T02:33:54","modified_gmt":"2018-11-20T02:33:54","slug":"syllabus","status":"publish","type":"page","link":"https:\/\/pages.charlotte.edu\/katherine-stephenson\/courses\/french-for-reading-knowledge\/syllabus\/","title":{"rendered":"Syllabus"},"content":{"rendered":"<p><ul class=\"list-pages\"><li class=\"page_item page-item-346\"><a href=\"https:\/\/pages.charlotte.edu\/katherine-stephenson\/courses\/french-for-reading-knowledge\/course-description\/\">Course Description<\/a><\/li>\n<li class=\"page_item page-item-348\"><a href=\"https:\/\/pages.charlotte.edu\/katherine-stephenson\/courses\/french-for-reading-knowledge\/syllabus\/\">Syllabus<\/a><\/li>\n<li class=\"page_item page-item-350\"><a href=\"https:\/\/pages.charlotte.edu\/katherine-stephenson\/courses\/french-for-reading-knowledge\/study-guidelines\/\">Study Guidelines<\/a><\/li>\n<li class=\"page_item page-item-354\"><a href=\"https:\/\/pages.charlotte.edu\/katherine-stephenson\/courses\/french-for-reading-knowledge\/class-notes\/\">Class Notes<\/a><\/li>\n<li class=\"page_item page-item-352\"><a href=\"https:\/\/pages.charlotte.edu\/katherine-stephenson\/courses\/french-for-reading-knowledge\/announcements\/\">Announcements<\/a><\/li>\n<\/ul>[Use Chrome or Firefox browser for full functionality on this page.]<\/p>\n<p><strong>FREN 2200 \/ FRAN 2050 \u00a0FRENCH FOR READING KNOWLEDGE at UNC Charlotte<\/strong><br \/>\nFREN 2200,001\/FRAN 2050,001 \u00a0 Fall 2018\u00a0 \u00a0 \u00a0TR 4:00-5:15\u00a0 \u00a0 \u00a0COED 168<br \/>\nKatherine Stephenson \u00a0 \u00a0\u00a0COED 458 \u00a0 \u00a0 \u00a0 No Office Phone<br \/>\nOffice hours: TWR 1:45-2:10, MW3:50-4:20, TR5:20-5:45 &amp; by appt.<br \/>\n<a href=\"mailto:ksstephe@email.uncc.edu\">ksstephe@uncc.edu<\/a><br \/>\n<a href=\"http:\/\/pages.charlotte.edu\/katherine-stephenson\/courses\/french-for-reading-knowledge\">http:\/\/pages.charlotte.edu\/katherine-stephenson\/courses\/french-for-reading-knowledge<br \/>\n<\/a><em>Syllabus last revised Nov. 19, 2018<\/em><\/p>\n<p>21\u00a0Aug.: \u00a0Orientation, Chapter 1: begin Ch. 1 Exercises, submit before class on Aug. 23 on Canvas [see <a href=\"https:\/\/uncc.instructure.com\/courses\/342\/pages\/student-tutorials?module_item_id=10109\">Canvas Student Tutorial<\/a>];\u00a0<strong>Introduction to\u00a0<\/strong><a href=\"http:\/\/lrc.uncc.edu\/\"><strong>Language Resource Center<\/strong><\/a>;\u00a0See also\u00a0<a href=\"http:\/\/www.laits.utexas.edu\/tex\/\">Tex&#8217;s French Grammar<\/a>,\u00a0<a href=\"http:\/\/www.laits.utexas.edu\/tex\/gr\/det1.html\">Introduction to determiners<\/a>,\u00a0<a href=\"http:\/\/www.laits.utexas.edu\/tex\/gr\/det2.html\">Definite Articles<\/a>,\u00a0<a href=\"http:\/\/www.laits.utexas.edu\/tex\/gr\/det4.html\">Indefinite Articles<\/a><\/p>\n<p>23 Aug.: \u00a0Ch. 2; Ch. 2 Exercises [submitted before class on <a href=\"http:\/\/canvas.uncc.edu\/\">Canvas<\/a>]; Tests 1A &amp; 1B\u00a0(211-214) [submitted before class]<\/p>\n<p><strong>27\u00a0Aug.: \u00a0Last day to add\/drop a class or change grade type to P\/F or Audit<\/strong><\/p>\n<p>28\u00a0Aug.: \u00a0Tests 2A &amp; 2B (215-218) [submitted before class]; Ch.3; Ch. 3 Exercises\u00a0[submitted before class]; see\u00a0<a href=\"http:\/\/pages.charlotte.edu\/katherine-stephenson\/wp-content\/uploads\/sites\/221\/2012\/11\/FRKVBCHART.doc\">Verb Chart<\/a><\/p>\n<p>30 Aug.: \u00a0Tests 3A &amp; 3B (219-222) [submitted before class]; Guided Reading and\u00a0Translation:<a href=\"http:\/\/pages.charlotte.edu\/katherine-stephenson\/wp-content\/uploads\/sites\/221\/2012\/11\/Le-retour.doc\">\u201cLe retour au pays natal\u201d<\/a>, includes Ch. 17, ex. D &amp; E (168-72)<\/p>\n<p>4\u00a0Sept.: \u00a0Ch. 4; Ch. 4A Exercises [submitted before class]; Readings (34-35)<\/p>\n<p>6\u00a0Sept.: \u00a0Ch. 4; Test 4A (223-224), Ch. 4B Exercises [submitted before class]; Readings\u00a0(40); Translation: &#8220;<a href=\"https:\/\/pages.charlotte.edu\/katherine-stephenson\/wp-content\/uploads\/sites\/221\/2012\/11\/frk4rd-blanks.doc\">Un Myst\u00e8re math\u00e9matique&#8221;<\/a> (41); Essen. Word Review I<\/p>\n<p>11 Sept.: \u00a0Test 4B (223-226) [submitted before class]; Ch. 5; Ch. 5 Exercises\u00a0[submitted before class]; Readings (49-51); Fill out\u00a0<a href=\"http:\/\/pages.charlotte.edu\/katherine-stephenson\/wp-content\/uploads\/sites\/221\/2012\/11\/FRKVBS.doc\">Verb Worksheet\u00a0<\/a>for\u00a0<em>tenir;<\/em>\u00a0Trns:\u00a0<a href=\"http:\/\/pages.charlotte.edu\/katherine-stephenson\/wp-content\/uploads\/sites\/221\/2012\/11\/FRK51trn.doc\">&#8220;La Gravitation&#8221;<\/a>\u00a0(49-50)<\/p>\n<p><strong>13-17 Sept.: University closed due to Hurricane Florence<\/strong><\/p>\n<p>18 Sept.: \u00a0Test 5 (227-228) [submitted before class]; Ch. 6; Ch. 6 Exercises [submitted\u00a0before class]; see\u00a0<a href=\"http:\/\/pages.charlotte.edu\/katherine-stephenson\/wp-content\/uploads\/sites\/221\/2012\/11\/F3REGVB.doc\">Verb Tenses<\/a>\u00a0(regular verbs, future, conditional); Readings (59-63); see trns of &#8220;<a href=\"http:\/\/pages.charlotte.edu\/katherine-stephenson\/wp-content\/uploads\/sites\/221\/2012\/12\/FRK61RD.doc\">Le calcul\u00a0des probabilit\u00e9s\u201d<\/a>\u00a0(59-61)<\/p>\n<p>20 Sept.: \u00a0Test 6 (229-230) [submitted before class]; Guided Reading and Translation:\u00a0<a href=\"http:\/\/pages.charlotte.edu\/katherine-stephenson\/wp-content\/uploads\/sites\/221\/2018\/09\/Maximes-et-pens\u00e9es-diverses-I.pdf\">Maximes et pens\u00e9es diverses I<\/a><\/p>\n<p>25 Sept.: \u00a0Ch. 7; Ch. 7 Exercises [submitted before class]; see\u00a0<a href=\"http:\/\/pages.charlotte.edu\/katherine-stephenson\/wp-content\/uploads\/sites\/221\/2012\/11\/F3REGVB.doc\">Verb Tenses<\/a>\u00a0(imperfect);\u00a0Readings (70-72); Trns: \u201c<a href=\"https:\/\/pages.charlotte.edu\/katherine-stephenson\/wp-content\/uploads\/sites\/221\/2012\/11\/FRK71RD.doc\">Le Promeneur solitaire<\/a>\u201d (70-71)<\/p>\n<p>27 Sept.: No class<\/p>\n<p>2\u00a0Oct.: \u00a0Test 7 (231-232) [submitted before class]; Guided Reading and Translation:\u00a0<a href=\"http:\/\/pages.charlotte.edu\/katherine-stephenson\/wp-content\/uploads\/sites\/221\/2012\/11\/barbara.doc\">\u201cBarbara\u201d<\/a><\/p>\n<p>4\u00a0Oct.: \u00a0Ch. 8; Ch. 8 Exercises [submitted before class]; see <a href=\"http:\/\/pages.charlotte.edu\/katherine-stephenson\/wp-content\/uploads\/sites\/221\/2018\/09\/Lordre-des-pronoms.docx\">L&#8217;ordre des pronoms<\/a>,\u00a0<a href=\"http:\/\/pages.charlotte.edu\/katherine-stephenson\/wp-content\/uploads\/sites\/221\/2012\/11\/housEtre.doc\">House of Etre<\/a>, and\u00a0<a href=\"http:\/\/pages.charlotte.edu\/katherine-stephenson\/wp-content\/uploads\/sites\/221\/2012\/11\/F3REGVB.doc\">Verb Tenses<\/a>\u00a0(compound past tense, pluperfect, future\u00a0perfect); Readings (80-82); Trns:\u00a0<a href=\"http:\/\/pages.charlotte.edu\/katherine-stephenson\/wp-content\/uploads\/sites\/221\/2012\/11\/FRK82RDtrn.doc\">\u201cLa Mer\u201d<\/a>\u00a0(81-82); Essen. Word Review II<\/p>\n<p>8-9 Oct.: \u00a0<strong>Fall recess<\/strong><\/p>\n<p>11 Oct.:\u00a0 <strong>University closed, Hurricane Michael<\/strong><\/p>\n<p><span style=\"color: #333333;font-family: -apple-system, BlinkMacSystemFont, 'Segoe UI', Roboto, Oxygen-Sans, Ubuntu, Cantarell, 'Helvetica Neue', sans-serif\">16 Oct.:\u00a0\u00a0<\/span>Test 8 (233-234) [submitted before class];\u00a0Ch. 9; Ch. 9 Exercises [submitted before class]; see\u00a0<a href=\"http:\/\/pages.charlotte.edu\/katherine-stephenson\/wp-content\/uploads\/sites\/221\/2012\/11\/FRKCMPSP.doc\">Le Comparatif<\/a>; see\u00a0<a href=\"http:\/\/pages.charlotte.edu\/katherine-stephenson\/wp-content\/uploads\/sites\/221\/2012\/11\/F3REGVB.doc\">Verb Tenses<\/a>\u00a0(present participle); Readings (92-94); Guided Reading and Translation:\u00a0<a href=\"http:\/\/pages.charlotte.edu\/katherine-stephenson\/wp-content\/uploads\/sites\/221\/2012\/11\/letranger.doc\">\u201cL\u2019Etranger\u201d<\/a><\/p>\n<p><span style=\"color: #333333;font-family: -apple-system, BlinkMacSystemFont, 'Segoe UI', Roboto, Oxygen-Sans, Ubuntu, Cantarell, 'Helvetica Neue', sans-serif\">18 Oct.:\u00a0\u00a0<\/span>Test 9 (235-236) [submitted before class];\u00a0<span style=\"color: #333333;font-family: -apple-system, BlinkMacSystemFont, 'Segoe UI', Roboto, Oxygen-Sans, Ubuntu, Cantarell, 'Helvetica Neue', sans-serif\">Ch. 10; Ch. 10 Exercises [submitted before class]; Readings (104-106);<\/span><span style=\"color: #333333;font-family: -apple-system, BlinkMacSystemFont, 'Segoe UI', Roboto, Oxygen-Sans, Ubuntu, Cantarell, 'Helvetica Neue', sans-serif\">\u00a0<\/span>Trns: \u201c<a href=\"https:\/\/pages.charlotte.edu\/katherine-stephenson\/wp-content\/uploads\/sites\/221\/2012\/11\/FRK91RDtrn.doc\">La Suisse<\/a>\u201d (92)<\/p>\n<p><span style=\"color: #333333;font-family: -apple-system, BlinkMacSystemFont, 'Segoe UI', Roboto, Oxygen-Sans, Ubuntu, Cantarell, 'Helvetica Neue', sans-serif\"><span style=\"color: #333333;font-family: -apple-system, BlinkMacSystemFont, 'Segoe UI', Roboto, Oxygen-Sans, Ubuntu, Cantarell, 'Helvetica Neue', sans-serif\">22 Oct.:\u00a0<\/span><strong>Last day to drop class\/es with a &#8220;W&#8221;<\/strong><\/span><\/p>\n<p><span style=\"color: #333333;font-family: -apple-system, BlinkMacSystemFont, 'Segoe UI', Roboto, Oxygen-Sans, Ubuntu, Cantarell, 'Helvetica Neue', sans-serif\"><span style=\"color: #333333;font-family: -apple-system, BlinkMacSystemFont, 'Segoe UI', Roboto, Oxygen-Sans, Ubuntu, Cantarell, 'Helvetica Neue', sans-serif\">23 Oct.:\u00a0\u00a0<\/span>T<\/span><span style=\"color: #333333;font-family: -apple-system, BlinkMacSystemFont, 'Segoe UI', Roboto, Oxygen-Sans, Ubuntu, Cantarell, 'Helvetica Neue', sans-serif\">est 10 (237-238) [submitted before class]; Ch. 11; Ch. 11 Exercises [submitted\u00a0before class]; Readings (113-115);\u00a0<\/span>see\u00a0trns of \u201cSuperficies des figures planes\u201d (104-105);\u00a0Guided Reading and Translation:<a href=\"http:\/\/pages.charlotte.edu\/katherine-stephenson\/wp-content\/uploads\/sites\/221\/2012\/11\/maximesIIrev.docx\">\u00a0<\/a><a href=\"http:\/\/pages.charlotte.edu\/katherine-stephenson\/wp-content\/uploads\/sites\/221\/2018\/10\/maximesIIrev.docx\">Maximes et pens\u00e9es diverses II<\/a><\/p>\n<p><span style=\"color: #333333;font-family: -apple-system, BlinkMacSystemFont, 'Segoe UI', Roboto, Oxygen-Sans, Ubuntu, Cantarell, 'Helvetica Neue', sans-serif\"><span style=\"color: #333333;font-family: -apple-system, BlinkMacSystemFont, 'Segoe UI', Roboto, Oxygen-Sans, Ubuntu, Cantarell, 'Helvetica Neue', sans-serif\">25 Oct.:\u00a0\u00a0<\/span>Test 11 (239-240) [submitted before class];\u00a0<\/span><span style=\"color: #333333;font-family: -apple-system, BlinkMacSystemFont, 'Segoe UI', Roboto, Oxygen-Sans, Ubuntu, Cantarell, 'Helvetica Neue', sans-serif\">Ch. 12; Ch. 12 Exercises [submitted before class]; see\u00a0<\/span><a href=\"http:\/\/pages.charlotte.edu\/katherine-stephenson\/wp-content\/uploads\/sites\/221\/2012\/11\/F3REGVB.doc\">Verb Tenses<\/a><span style=\"color: #333333;font-family: -apple-system, BlinkMacSystemFont, 'Segoe UI', Roboto, Oxygen-Sans, Ubuntu, Cantarell, 'Helvetica Neue', sans-serif\">\u00a0(past\u00a0definite); Readings (122-125);\u00a0<\/span>Guided Reading and\u00a0Translation:\u00a0<a href=\"http:\/\/pages.charlotte.edu\/katherine-stephenson\/wp-content\/uploads\/sites\/221\/2012\/11\/de-tocqueville.doc\">\u201cLe nouveau monde: Impressions d&#8217;un Fran\u00e7ais\u201d<\/a>\u00a0(103-04)<\/p>\n<p><span style=\"color: #333333;font-family: -apple-system, BlinkMacSystemFont, 'Segoe UI', Roboto, Oxygen-Sans, Ubuntu, Cantarell, 'Helvetica Neue', sans-serif\"><span style=\"color: #333333;font-family: -apple-system, BlinkMacSystemFont, 'Segoe UI', Roboto, Oxygen-Sans, Ubuntu, Cantarell, 'Helvetica Neue', sans-serif\">30 Oct.:\u00a0<\/span><span style=\"color: #333333;font-family: -apple-system, BlinkMacSystemFont, 'Segoe UI', Roboto, Oxygen-Sans, Ubuntu, Cantarell, 'Helvetica Neue', sans-serif\">\u00a0<\/span>Test 12 (241-242) [submitted before class];\u00a0<\/span><span style=\"color: #333333;font-family: -apple-system, BlinkMacSystemFont, 'Segoe UI', Roboto, Oxygen-Sans, Ubuntu, Cantarell, 'Helvetica Neue', sans-serif\">Ch. 13; Ch. 13 Exercises [submitted before class]; Readings (132-135);\u00a0<\/span><span style=\"color: #333333;font-family: -apple-system, BlinkMacSystemFont, 'Segoe UI', Roboto, Oxygen-Sans, Ubuntu, Cantarell, 'Helvetica Neue', sans-serif\">see trns of \u201cLa Guerre d\u2019Am\u00e9rique\u201d (122-123);\u00a0Essen.\u00a0Word Review III;\u00a0<\/span>Trns: \u201c<a href=\"http:\/\/pages.charlotte.edu\/katherine-stephenson\/wp-content\/uploads\/sites\/221\/2012\/11\/FRK11trn.doc\">Sociologie<\/a>\u201d (114-115)<\/p>\n<p>1 Nov.:\u00a0\u00a0<span style=\"color: #333333;font-family: -apple-system, BlinkMacSystemFont, 'Segoe UI', Roboto, Oxygen-Sans, Ubuntu, Cantarell, 'Helvetica Neue', sans-serif\">Test 13 (243-244) [submitted before class]; Ch. 14; Ch. 14 Exercises [submitted\u00a0before class];<\/span><span style=\"color: #333333;font-family: -apple-system, BlinkMacSystemFont, 'Segoe UI', Roboto, Oxygen-Sans, Ubuntu, Cantarell, 'Helvetica Neue', sans-serif\">\u00a0<\/span><span style=\"color: #333333;font-family: -apple-system, BlinkMacSystemFont, 'Segoe UI', Roboto, Oxygen-Sans, Ubuntu, Cantarell, 'Helvetica Neue', sans-serif\">Readings (141-145);\u00a0<\/span>Trns: &#8220;<a href=\"http:\/\/pages.charlotte.edu\/katherine-stephenson\/wp-content\/uploads\/sites\/221\/2012\/11\/La-FontaineII.doc\">Le corbeau et le r<\/a>enard\u201d<\/p>\n<p>6 Nov.:\u00a0\u00a0<span style=\"color: #333333;font-family: -apple-system, BlinkMacSystemFont, 'Segoe UI', Roboto, Oxygen-Sans, Ubuntu, Cantarell, 'Helvetica Neue', sans-serif\">Test 14 (245-246) [submitted before class];\u00a0<\/span><span style=\"color: #333333;font-family: -apple-system, BlinkMacSystemFont, 'Segoe UI', Roboto, Oxygen-Sans, Ubuntu, Cantarell, 'Helvetica Neue', sans-serif\">Ch. 15; Ch. 15 Exercises [submitted before class];<\/span><span style=\"color: #333333;font-family: -apple-system, BlinkMacSystemFont, 'Segoe UI', Roboto, Oxygen-Sans, Ubuntu, Cantarell, 'Helvetica Neue', sans-serif\">\u00a0<\/span><span style=\"color: #333333;font-family: -apple-system, BlinkMacSystemFont, 'Segoe UI', Roboto, Oxygen-Sans, Ubuntu, Cantarell, 'Helvetica Neue', sans-serif\">Readings (150-152);<\/span><span style=\"color: #333333;font-family: -apple-system, BlinkMacSystemFont, 'Segoe UI', Roboto, Oxygen-Sans, Ubuntu, Cantarell, 'Helvetica Neue', sans-serif\">\u00a0<\/span>Guided Reading and Translation:\u00a0<a href=\"http:\/\/pages.charlotte.edu\/katherine-stephenson\/wp-content\/uploads\/sites\/221\/2018\/11\/Voltaire.docx\">&#8220;Histoire d&#8217;un bon bramin\u201d<\/a><\/p>\n<p>8 Nov.:\u00a0\u00a0<span style=\"color: #333333;font-family: -apple-system, BlinkMacSystemFont, 'Segoe UI', Roboto, Oxygen-Sans, Ubuntu, Cantarell, 'Helvetica Neue', sans-serif\">Test 15 (247-248) [submitted before class];<\/span><span style=\"color: #333333;font-family: -apple-system, BlinkMacSystemFont, 'Segoe UI', Roboto, Oxygen-Sans, Ubuntu, Cantarell, 'Helvetica Neue', sans-serif\">\u00a0<\/span>\u00a0Trns: \u201cCandide ou l\u2019optimisme\u201d (133-134)<\/p>\n<p>13 Nov.:\u00a0\u00a0<span style=\"color: #333333;font-family: -apple-system, BlinkMacSystemFont, 'Segoe UI', Roboto, Oxygen-Sans, Ubuntu, Cantarell, 'Helvetica Neue', sans-serif\">Ch. 16; Ch. 16 Exercises [submitted\u00a0before class]; Readings (158-161);<\/span><span style=\"color: #333333;font-family: -apple-system, BlinkMacSystemFont, 'Segoe UI', Roboto, Oxygen-Sans, Ubuntu, Cantarell, 'Helvetica Neue', sans-serif\">\u00a0<\/span> Guided Reading and Translation:\u00a0<a href=\"http:\/\/pages.charlotte.edu\/katherine-stephenson\/wp-content\/uploads\/sites\/221\/2012\/11\/Ayme.doc\">\u201cOscar et Erick\u201d homework<\/a> (<a href=\"http:\/\/pages.charlotte.edu\/katherine-stephenson\/wp-content\/uploads\/sites\/221\/2018\/11\/Oscar-et-Erick-txt.pdf\">Oscar et Erick text<\/a>)<\/p>\n<p>15 Nov.:\u00a0\u00a0<span style=\"color: #333333;font-family: -apple-system, BlinkMacSystemFont, 'Segoe UI', Roboto, Oxygen-Sans, Ubuntu, Cantarell, 'Helvetica Neue', sans-serif\">Test 16 (249-250) [submitted before class];<\/span><span style=\"color: #333333;font-family: -apple-system, BlinkMacSystemFont, 'Segoe UI', Roboto, Oxygen-Sans, Ubuntu, Cantarell, 'Helvetica Neue', sans-serif\">\u00a0<\/span>see\u00a0trns of \u201cUne Critique de Thomas Wolfe\u201d (150-151);\u00a0<span style=\"color: #333333;font-family: -apple-system, BlinkMacSystemFont, 'Segoe UI', Roboto, Oxygen-Sans, Ubuntu, Cantarell, 'Helvetica Neue', sans-serif\">Ch. 17; Ch. 17 Exercises [submitted before class]; Readings (172-174);\u00a0<\/span>Trns: \u201c<a href=\"http:\/\/pages.charlotte.edu\/katherine-stephenson\/wp-content\/uploads\/sites\/221\/2012\/11\/FRKANIM.doc\">Ces animaux qui nous gouvernent<\/a>\u201d<\/p>\n<p>20 Nov.:\u00a0\u00a0<span style=\"color: #333333;font-family: -apple-system, BlinkMacSystemFont, 'Segoe UI', Roboto, Oxygen-Sans, Ubuntu, Cantarell, 'Helvetica Neue', sans-serif\">Test 17 (251-252) [submitted before class];\u00a0<\/span><span style=\"color: #333333;font-family: -apple-system, BlinkMacSystemFont, 'Segoe UI', Roboto, Oxygen-Sans, Ubuntu, Cantarell, 'Helvetica Neue', sans-serif\">Guided Reading and Translation:<br \/>\n<\/span><a href=\"http:\/\/pages.charlotte.edu\/katherine-stephenson\/wp-content\/uploads\/sites\/221\/2018\/11\/le-horla.docx\">\u201cLe Horla I\u201d<\/a><span style=\"color: #333333;font-family: -apple-system, BlinkMacSystemFont, 'Segoe UI', Roboto, Oxygen-Sans, Ubuntu, Cantarell, 'Helvetica Neue', sans-serif\">\u00a0<\/span><span style=\"color: #333333;font-family: -apple-system, BlinkMacSystemFont, 'Segoe UI', Roboto, Oxygen-Sans, Ubuntu, Cantarell, 'Helvetica Neue', sans-serif\">(<\/span><a href=\"http:\/\/pages.charlotte.edu\/katherine-stephenson\/wp-content\/uploads\/sites\/221\/2018\/11\/LeHorlaTxt.pdf\">Le Horla Text<\/a>\u00a0<span style=\"color: #333333;font-family: -apple-system, BlinkMacSystemFont, 'Segoe UI', Roboto, Oxygen-Sans, Ubuntu, Cantarell, 'Helvetica Neue', sans-serif\">190-197); <\/span><span style=\"color: #333333;font-family: -apple-system, BlinkMacSystemFont, 'Segoe UI', Roboto, Oxygen-Sans, Ubuntu, Cantarell, 'Helvetica Neue', sans-serif\">Essential Word Review IV;\u00a0see trns of \u201cL\u2019Entr\u00e9e de Napol\u00e9on \u00e0 Moscou&#8221; (159-160 [lines 40-56])\u00a0<\/span><\/p>\n<p>21-23\u00a0Nov.: \u00a0<strong>Thanksgiving Break<\/strong><\/p>\n<p>27 Nov.:\u00a0 G<span style=\"color: #333333;font-family: -apple-system, BlinkMacSystemFont, 'Segoe UI', Roboto, Oxygen-Sans, Ubuntu, Cantarell, 'Helvetica Neue', sans-serif\">uided Reading and Translation:\u00a0<\/span><a href=\"http:\/\/pages.charlotte.edu\/katherine-stephenson\/wp-content\/uploads\/sites\/221\/2018\/11\/le-horla2.docx\">\u201cLe Horla II\u201d<\/a><span style=\"color: #333333;font-family: -apple-system, BlinkMacSystemFont, 'Segoe UI', Roboto, Oxygen-Sans, Ubuntu, Cantarell, 'Helvetica Neue', sans-serif\">\u00a0<\/span><span style=\"color: #333333;font-family: -apple-system, BlinkMacSystemFont, 'Segoe UI', Roboto, Oxygen-Sans, Ubuntu, Cantarell, 'Helvetica Neue', sans-serif\">(190-197); compare with the film\u00a0<\/span><a href=\"http:\/\/italy.imdb.com\/title\/tt0348836\/\">\u201cGothika\u201d<\/a><span style=\"color: #333333;font-family: -apple-system, BlinkMacSystemFont, 'Segoe UI', Roboto, Oxygen-Sans, Ubuntu, Cantarell, 'Helvetica Neue', sans-serif\">\u00a0(see Announcements\u00a0page for written extra-credit exercise)\u00a0<\/span><\/p>\n<p>29 Nov.:\u00a0\u00a0<span style=\"color: #333333;font-family: -apple-system, BlinkMacSystemFont, 'Segoe UI', Roboto, Oxygen-Sans, Ubuntu, Cantarell, 'Helvetica Neue', sans-serif\">Trns: \u201c<\/span><a href=\"http:\/\/pages.charlotte.edu\/katherine-stephenson\/wp-content\/uploads\/sites\/221\/2012\/11\/Avantages.doc\">Avantages r\u00e9els de la soci\u00e9t\u00e9 am\u00e9ricaine<\/a><span style=\"color: #333333;font-family: -apple-system, BlinkMacSystemFont, 'Segoe UI', Roboto, Oxygen-Sans, Ubuntu, Cantarell, 'Helvetica Neue', sans-serif\">\u201d (179);\u00a0<\/span><a href=\"http:\/\/pages.charlotte.edu\/katherine-stephenson\/wp-content\/uploads\/sites\/221\/2012\/11\/FRKPEANT.doc\">&#8220;Peanuts&#8221;<\/a>; See trns\u00a0of \u201cL\u2019Islam\u201d (172-173)<\/p>\n<p>4\u00a0Dec.:\u00a0\u00a0<a href=\"http:\/\/pages.charlotte.edu\/katherine-stephenson\/wp-content\/uploads\/sites\/221\/2012\/11\/luckluke.doc\">\u201cLucky Luke\u201d<\/a><span style=\"color: #333333;font-family: -apple-system, BlinkMacSystemFont, 'Segoe UI', Roboto, Oxygen-Sans, Ubuntu, Cantarell, 'Helvetica Neue', sans-serif\">; Review<\/span><\/p>\n<p>6\u00a0Dec.: Reading Day<\/p>\n<p>13 Dec.: \u00a0<a href=\"https:\/\/sites.google.com\/a\/uncc.edu\/examlookup\/\">FINAL EXAM<\/a> Thurs. 2:00-4:30 COED 168<\/p>\n","protected":false},"excerpt":{"rendered":"<p>[Use Chrome or Firefox browser for full functionality on this page.] FREN 2200 \/ FRAN 2050 \u00a0FRENCH FOR READING KNOWLEDGE at UNC Charlotte FREN 2200,001\/FRAN 2050,001 \u00a0 Fall 2018\u00a0 \u00a0 \u00a0TR 4:00-5:15\u00a0 \u00a0 \u00a0COED 168 Katherine Stephenson \u00a0 \u00a0\u00a0COED 458 \u00a0 \u00a0 \u00a0 No Office Phone Office hours: TWR 1:45-2:10, MW3:50-4:20, TR5:20-5:45 &amp; by appt. [&hellip;]<\/p>\n","protected":false},"author":64,"featured_media":0,"parent":265,"menu_order":20,"comment_status":"closed","ping_status":"closed","template":"","meta":{"jetpack_post_was_ever_published":false,"footnotes":""},"class_list":["post-348","page","type-page","status-publish","hentry"],"jetpack_shortlink":"https:\/\/wp.me\/P2WAwc-5C","jetpack_sharing_enabled":true,"_links":{"self":[{"href":"https:\/\/pages.charlotte.edu\/katherine-stephenson\/wp-json\/wp\/v2\/pages\/348","targetHints":{"allow":["GET"]}}],"collection":[{"href":"https:\/\/pages.charlotte.edu\/katherine-stephenson\/wp-json\/wp\/v2\/pages"}],"about":[{"href":"https:\/\/pages.charlotte.edu\/katherine-stephenson\/wp-json\/wp\/v2\/types\/page"}],"author":[{"embeddable":true,"href":"https:\/\/pages.charlotte.edu\/katherine-stephenson\/wp-json\/wp\/v2\/users\/64"}],"replies":[{"embeddable":true,"href":"https:\/\/pages.charlotte.edu\/katherine-stephenson\/wp-json\/wp\/v2\/comments?post=348"}],"version-history":[{"count":126,"href":"https:\/\/pages.charlotte.edu\/katherine-stephenson\/wp-json\/wp\/v2\/pages\/348\/revisions"}],"predecessor-version":[{"id":2908,"href":"https:\/\/pages.charlotte.edu\/katherine-stephenson\/wp-json\/wp\/v2\/pages\/348\/revisions\/2908"}],"up":[{"embeddable":true,"href":"https:\/\/pages.charlotte.edu\/katherine-stephenson\/wp-json\/wp\/v2\/pages\/265"}],"wp:attachment":[{"href":"https:\/\/pages.charlotte.edu\/katherine-stephenson\/wp-json\/wp\/v2\/media?parent=348"}],"curies":[{"name":"wp","href":"https:\/\/api.w.org\/{rel}","templated":true}]}}