
{"id":873,"date":"2012-12-12T18:20:02","date_gmt":"2012-12-12T18:20:02","guid":{"rendered":"http:\/\/pages.charlotte.edu\/katherine-stephenson\/?page_id=873"},"modified":"2016-04-30T18:40:48","modified_gmt":"2016-04-30T18:40:48","slug":"books","status":"publish","type":"page","link":"https:\/\/pages.charlotte.edu\/katherine-stephenson\/courses\/french-women-writers-in-translation\/books\/","title":{"rendered":"Books"},"content":{"rendered":"<ul class=\"list-pages\"><li class=\"page_item page-item-356\"><a href=\"https:\/\/pages.charlotte.edu\/katherine-stephenson\/courses\/french-women-writers-in-translation\/course-description\/\">Course Description<\/a><\/li>\n<li class=\"page_item page-item-358\"><a href=\"https:\/\/pages.charlotte.edu\/katherine-stephenson\/courses\/french-women-writers-in-translation\/syllabus\/\">Syllabus<\/a><\/li>\n<li class=\"page_item page-item-362\"><a href=\"https:\/\/pages.charlotte.edu\/katherine-stephenson\/courses\/french-women-writers-in-translation\/reading-list\/\">Reading List<\/a><\/li>\n<li class=\"page_item page-item-360\"><a href=\"https:\/\/pages.charlotte.edu\/katherine-stephenson\/courses\/french-women-writers-in-translation\/authors-information\/\">Authors Information<\/a><\/li>\n<li class=\"page_item page-item-873\"><a href=\"https:\/\/pages.charlotte.edu\/katherine-stephenson\/courses\/french-women-writers-in-translation\/books\/\">Books<\/a><\/li>\n<\/ul>\n<h2>Books<\/h2>\n<h3 id=\"french-womans-writing\">French Women&#8217;s Writing<\/h3>\n<p>Center for the Study of Contemporary Women&#8217;s Writing <a title=\"Center for the Study of Contemporary Women's Writing\" href=\"http:\/\/www.igrs.sas.ac.uk\/centre-study-contemporary-womens-writing\" target=\"_blank\">http:\/\/www.igrs.sas.ac.uk\/centre-study-contemporary-womens-writing<\/a><br \/>\nWomen in French <a title=\"Women in French\" href=\"http:\/\/www.english.womeninfrench.org\/\" target=\"_blank\">www.english.womeninfrench.org\/<\/a><\/p>\n<h3 id=\"a-frozen-woman\">A Frozen Woman<\/h3>\n<table>\n<tbody>\n<tr>\n<td width=\"320\"><img decoding=\"async\" title=\"frozen_woman\" src=\"http:\/\/pages.charlotte.edu\/katherine-stephenson\/wp-content\/uploads\/sites\/221\/2012\/11\/frozen_woman.jpg\" alt=\"\" width=\"300\" \/><\/td>\n<td><strong>Annie Ernaux<\/strong><br \/>\n<a href=\"http:\/\/www.complete-review.com\/authors\/ernauxa.htm\" target=\"_blank\">&#8211;Complete Review Site on Ernaux<\/a><br \/>\n<a href=\"http:\/\/en.wikipedia.org\/wiki\/Annie_Ernaux\" target=\"_blank\">&#8211;Annie Ernaux on Wikipedia<\/a><br \/>\n<a href=\"http:\/\/www.questia.com\/library\/literature\/nonfiction\/annie-ernaux\" target=\"_blank\">&#8211;Annie Ernaux on Questia<\/a><br \/>\n<a href=\"http:\/\/www.ina.fr\/art-et-culture\/litterature\/video\/3577128001\/annie-ernaux-les-annees.fr.html\" target=\"_blank\">&#8211;Vid\u00e9o d&#8217;Annie Ernaux sur &#8220;1 Livre 1 Jour&#8221;<\/a><br \/>\n<a href=\"http:\/\/www.babelio.com\/auteur\/Annie-Ernaux\/3976\/videos\" target=\"_blank\">&#8211;Vid\u00e9os d&#8217;Annie Ernaux<\/a><br \/>\n<a href=\"http:\/\/images.search.yahoo.com\/search\/images?_adv_prop=image&amp;fr=moz35&amp;va=Annie+Ernaux\">&#8211;Pictures of Ernaux<\/a><br \/>\n<strong>American Culture<\/strong><br \/>\n<a href=\"http:\/\/www.newmoon.com\/magazine\/\">&#8212;<em>New Moon Magazine for Girls<\/em><br \/>\n<\/a>&#8212;<a href=\"https:\/\/pages.charlotte.edu\/katherine-stephenson\/wp-content\/uploads\/sites\/221\/2012\/12\/JustAGirl.doc\" rel=\"\">&#8220;Just A Girl&#8221;<br \/>\n<\/a>&#8211;&#8220;<a href=\"https:\/\/pages.charlotte.edu\/katherine-stephenson\/wp-content\/uploads\/sites\/221\/2012\/12\/Superman.doc\" rel=\"\">Superman<\/a>&#8221;<br \/>\n&#8211;&#8220;<a href=\"https:\/\/pages.charlotte.edu\/katherine-stephenson\/wp-content\/uploads\/sites\/221\/2012\/12\/A-feminist-analysis-of-Seventeen-magazine.doc\" rel=\"\">A feminist analysis of <em>Seventeen<\/em> magazine<\/a>&#8221;<br \/>\n<a href=\"http:\/\/www.thirdwavefoundation.org\/\">&#8211;Third Wave Foundation<br \/>\n<\/a>&#8212;<a href=\"https:\/\/365reasonstocelebrate.wordpress.com\/2013\/05\/15\/may-15-turn-beauty-inside-out-day\/\" target=\"_blank\">Turn Beauty Inside Out<\/a><br \/>\n<a href=\"http:\/\/www.alternet.org\/story\/11137\/my_so-called_marriage\">&#8211;Tai Moses, &#8220;My So-Called Marriage&#8221;<\/a><br \/>\n<a href=\"http:\/\/www.alternet.org\/story\/20266\/desperately_seeking_sanity\">&#8211;Review of &#8220;Desperate Housewives&#8221;<\/a><br \/>\n<a href=\"http:\/\/abc.go.com\/shows\/desperate-housewives\">&#8211;&#8220;Desperate Housewives&#8221; Website<\/a><br \/>\n<a href=\"http:\/\/www.televisionwithoutpity.com\/show\/desperate-housewives\/\">&#8211;Television Without Pity&#8217;s recaps of episodes of &#8220;Desperate Housewives&#8221;<\/a><\/td>\n<\/tr>\n<\/tbody>\n<\/table>\n<h3 id=\"the-lover\">The Lover<\/h3>\n<table>\n<tbody>\n<tr>\n<td width=\"320\"><img decoding=\"async\" title=\"the_lover\" src=\"http:\/\/pages.charlotte.edu\/katherine-stephenson\/wp-content\/uploads\/sites\/221\/2012\/11\/the_lover.jpg\" alt=\"\" width=\"300\" \/><\/td>\n<td><strong>Marguerite Duras<\/strong><br \/>\n<a href=\"http:\/\/enhancedwiki.altervista.org\/en.php?title=Marguerite_Duras\">&#8211;Enhanced Wikipedia Website on Marguerite Duras<\/a><br \/>\n<a href=\"http:\/\/www.margueriteduras.org\/\">&#8211;Association Marguerite Duras<\/a><br \/>\n<a href=\"http:\/\/www.umass.edu\/complit\/aclanet\/ACLAText\/Duras2.html\">&#8211;Questions on Duras\u2019 <em>The Lover<\/em><\/a> (see bottom of page for questions)<br \/>\n<a href=\"http:\/\/schoolbag.info\/literature\/world\/154.html\">&#8211;Schoolbag entry on Marguerite Duras<\/a><br \/>\n<a href=\"http:\/\/www.franceculture.fr\/recherche?q=Marguerite+duras\">&#8211;Site de France Culture sur Duras<\/a><br \/>\n<a href=\"http:\/\/www.benoitjacob-editions.fr\/\">&#8211;La Soci\u00e9t\u00e9 Beno\u00eet Jacob [Duras&#8217; son&#8217;s site on Duras]<\/a><br \/>\n<a href=\"http:\/\/www.google.com\/search?q=photos+of+marguerite+duras&amp;espv=2&amp;biw=1024&amp;bih=462&amp;tbm=isch&amp;tbo=u&amp;source=univ&amp;sa=X&amp;ved=0ahUKEwjYisuowtrKAhUKKyYKHQ7eBOkQsAQIGw&amp;dpr=1.88\">&#8211;Photos of Duras<\/a><br \/>\n<strong>American Culture<\/strong><\/td>\n<\/tr>\n<\/tbody>\n<\/table>\n<h3 id=\"rose-mellie-rose\">Rose Mellie Rose<\/h3>\n<table>\n<tbody>\n<tr>\n<td width=\"320\"><img decoding=\"async\" title=\"rose_mellie_rose\" src=\"http:\/\/pages.charlotte.edu\/katherine-stephenson\/wp-content\/uploads\/sites\/221\/2012\/11\/rose_mellie_rose.jpg\" alt=\"\" width=\"300\" \/><\/td>\n<td><strong>Marie Redonnet<\/strong><br \/>\n<a href=\"http:\/\/www.halfaya.org\/redonnet\/\">&#8211;John Leo&#8217;s Page on Redonnet<\/a><br \/>\n<a href=\"http:\/\/www.leapingdogpress.com\/authors\/marie-redonnet\">&#8211;Marie Redonnet&#8217;s Leaping Dog Press Page<\/a><br \/>\n<a href=\"http:\/\/marie.redonnet.monsite-orange.fr\/\">&#8211;Site Web de Marie Redonnet<\/a><br \/>\n<a href=\"http:\/\/fr.wikipedia.org\/wiki\/Marie_Redonnet\">&#8211;Site Wikip\u00e9dia sur Marie Redonnet<\/a><br \/>\n<strong>Literary Theory<\/strong><br \/>\n<a href=\"http:\/\/www.surlalunefairytales.com\/boardarchives\/2000\/jul2000\/feminist_ft.html\">&#8211;Sur la lune Fairy Tales blog<\/a><br \/>\n<a href=\"https:\/\/scholarblogs.emory.edu\/postcolonialstudies\/2014\/06\/21\/magical-realism\/\">&#8211;Moore&#8217;s Magical Realism Page, Emory University<\/a><br \/>\n<a href=\"http:\/\/www.pantarbe.com\/mrmagicrealism\/\">&#8211;The Magic Realist Writers International Network<\/a><br \/>\n<strong>American Culture<\/strong><br \/>\n<a href=\"http:\/\/www.columbia.edu\/cu\/sexualmisconduct\">&#8211;Disciplinary Procedure for Sexual Misconduct, Columbia University<\/a><br \/>\n&#8211;Teen Mom<br \/>\n<a href=\"https:\/\/www.youtube.com\/watch?v=OP66TGXIIT8\" target=\"_blank\">https:\/\/www.youtube.com\/watch?v=OP66TGXIIT8<\/a><br \/>\n&#8211;Virginity<br \/>\n\u2022<a href=\"https:\/\/www.youtube.com\/watch?v=NEcZmT0fiNM\" target=\"_blank\">https:\/\/www.youtube.com\/watch?v=NEcZmT0fiNM<\/a><br \/>\n\u2022<a href=\"http:\/\/www.modestishottest.com\/\" target=\"_blank\">http:\/\/www.modestishottest.com<\/a><br \/>\n\u2022<a href=\"https:\/\/youtu.be\/L0jQz6jqQS0?t=1m26s\" target=\"_blank\">https:\/\/youtu.be\/L0jQz6jqQS0?t=1m26s<\/a><br \/>\n\u2022Easy A movie<br \/>\n<a href=\"http:\/\/www.youtube.com\/watch?v\" target=\"_blank\">www.youtube.com\/watch?v<\/a><br \/>\n&#8211;Sex Scandals in Politics like Miss Martha<br \/>\n<a href=\"https:\/\/en.wikipedia.org\/wiki\/List_of_federal_political_sex_scandals_in_the_United_States\" target=\"_blank\">https:\/\/en.wikipedia.org\/wiki\/List_of_federal_political_sex_scandals_in_the_United_States<\/a><br \/>\n&#8211;Article on Women in Rap Culture<br \/>\n\u2022<a href=\"https:\/\/artifactsjournal.missouri.edu\/2008\/08\/a-brief-analysis-of-latin-verb-structure\" target=\"_blank\">https:\/\/artifactsjournal.missouri.edu\/2008\/08\/a-brief-analysis-of-latin-verb-structure<\/a><br \/>\n&#8211;Sexism in Music Videos Documentary:<br \/>\n\u2022<a href=\"https:\/\/www.youtube.com\/watch?v=JDMo5cIJN3A\" target=\"_blank\">https:\/\/www.youtube.com\/watch?v=JDMo5cIJN3A<\/a><\/td>\n<\/tr>\n<\/tbody>\n<\/table>\n<h3 id=\"pig-tales\">Pig Tales<\/h3>\n<table>\n<tbody>\n<tr>\n<td width=\"320\"><img decoding=\"async\" title=\"pig_tales\" src=\"http:\/\/pages.charlotte.edu\/katherine-stephenson\/wp-content\/uploads\/sites\/221\/2012\/11\/pig_tales.jpg\" alt=\"\" width=\"300\" \/><\/td>\n<td><strong>Marie Darrieussecq<\/strong><br \/>\n<a title=\"CSCWW Marie Darrieussecq\" href=\"http:\/\/www.igrs.sas.ac.uk\/centre-study-contemporary-womens-writing\/languages\/french\/marie-darrieussecq\" target=\"_blank\">CSCWW author site<\/a><br \/>\n<a title=\"Marie Darrieussecq's Official Website\" href=\"http:\/\/darrieussecq.arizona.edu\/eng\/index_en.htm\" target=\"_blank\">Marie Darrieussecq&#8217;s Official Website<\/a><br \/>\n<a href=\"http:\/\/www.uri.edu\/darrieussecq\/\">University of Rhode Island Page on Marie Darrieussecq<\/a>\u00a0[dead link]<br \/>\n<a href=\"http:\/\/www.complete-review.com\/reviews\/darsecqm\/truismes.htm\">Complete Review Page on Marie Darrieussecq<\/a><br \/>\n<a href=\"http:\/\/alpha1.fmarion.edu\/~scmlr\/eubanks.pdf\">Adelheid Eubanks&#8217; article on\u00a0<em>Pig Tales<\/em><\/a>\u00a0[dead link]<br \/>\n<strong><strong>American Culture<br \/>\n<\/strong><\/strong>&#8211;gender roles and stereotypes<strong><strong><br \/>\n<\/strong><\/strong><\/p>\n<div><a href=\"http:\/\/psychology.jrank.org\/pages\/575\/Sex-Roles.html\" target=\"_blank\">http:\/\/psychology.jrank.org\/pages\/575\/Sex-Roles.html<\/a><\/div>\n<div>&#8211;men acting like pigs<\/div>\n<div><a href=\"http:\/\/nypost.com\/2014\/07\/26\/our-sex-obsessed-culture-is-turning-men-into-pigs\/\" target=\"_blank\">http:\/\/nypost.com\/2014\/07\/26\/our-sex-obsessed-culture-is-turning-men-into-pigs\/<\/a><br \/>\n&#8211;being a prostitute in a massage parlor<\/div>\n<div><a href=\"http:\/\/www.cracked.com\/personal-experiences-1774-5-things-you-learn-as-massage-parlor-prostitute.html\" target=\"_blank\">http:\/\/www.cracked.com\/personal-experiences-1774-5-things-you-learn-as-massage-parlor-prostitute.html<\/a><br \/>\n&#8211;investors getting involved\u00a0in a massage parlor: \u00a0<a href=\"http:\/\/www.texasmonthly.com\/articles\/she-had-brains-a-body-and-the-ability-to-make-men-love-her\/\" target=\"_blank\">http:\/\/www.texasmonthly.com\/articles\/she-had-brains-a-body-and-the-ability-to-make-men-love-her\/<\/a><\/div>\n<div>\n<div dir=\"ltr\">\n<div>&#8211;Linda Coverdale, the translator of <em>Pig Tales: \u00a0<\/em><a href=\"http:\/\/www.ndbooks.com\/author\/linda-coverdale\/\" target=\"_blank\">http:\/\/www.ndbooks.com\/author\/linda-coverdale\/<\/a><\/div>\n<div>&#8211;blog is about the French author, Marie Darrieussecq<\/div>\n<div><a href=\"https:\/\/blogs.kent.ac.uk\/sciencecomma\/2013\/04\/26\/science-comma-book-club-bennett-darrieussecq\/\" target=\"_blank\">https:\/\/blogs.kent.ac.uk\/sciencecomma\/2013\/04\/26\/science-comma-book-club-bennett-darrieussecq\/<\/a><\/div>\n<\/div>\n<\/div>\n<\/td>\n<\/tr>\n<\/tbody>\n<\/table>\n<h3 id=\"the-book-of-nights\">The Book of Nights<\/h3>\n<table>\n<tbody>\n<tr>\n<td width=\"320\"><img decoding=\"async\" title=\"the_book_of_nights\" src=\"http:\/\/pages.charlotte.edu\/katherine-stephenson\/wp-content\/uploads\/sites\/221\/2012\/11\/the_book_of_nights.jpg\" alt=\"\" width=\"300\" \/><\/td>\n<td><strong>Sylvie Germain<\/strong><br \/>\n&#8212;<a style=\"font-size: medium\" href=\"http:\/\/www.godine.com\/books\/titles\/0879239751.html\">Godine Publisher&#8217;s book ad<br \/>\n&#8212;<\/a><a style=\"font-size: medium\" href=\"http:\/\/en.wikipedia.org\/wiki\/Sylvie_Germain\">Wikipedia article on Sylvie Germain<\/a><br \/>\n&#8212;<a href=\"http:\/\/pages.charlotte.edu\/katherine-stephenson\/wp-content\/uploads\/sites\/221\/2012\/12\/GermainChar.doc\"><i>The Book of Nights<\/i> Cast of Characters<\/a><br \/>\n&#8212;<a title=\"Tales from the Reading Room\" href=\"http:\/\/litlove.wordpress.com\/\">Tales from the Reading Room: Sylvie Germain:\u00a0Introduction<\/a> at<br \/>\n<a href=\"http:\/\/litlove.wordpress.com\/sylvie-germain-introduction\/\">http:\/\/litlove.wordpress.com\/sylvie-germain-introduction\/<\/a><br \/>\n&#8211;Book Review by Robert Winder, \u201cLove and death on the forest floor: &#8216;Days of Anger,&#8217;\u201d by Sylvie Germain, <i>The Independent<\/i>, 14 January 1994 at<br \/>\n<a href=\"http:\/\/www.independent.co.uk\/voices\/book-review--love-and-death-on-the-forest-floor-days-of-anger---sylvie-germain-tr-christine-donougher-dedalus-899-pounds-1406673.html\">http:\/\/www.independent.co.uk\/voices\/book-review&#8211;love-and-death-on-the-forest-floor-days-of-anger&#8212;sylvie-germain-tr-christine-donougher-dedalus-899-pounds-1406673.html<\/a><br \/>\n\u201cFRENCH magic realism? Sounds awful, doesn&#8217;t it? But Sylvie Germain is much more remarkable than tags such as these might make her sound (she could hardly be less). Her first novel, <i>The Book of Nights<\/i>, was a tremendous success in France, and won the Scott-Moncrieff Prize for translations when it was published in Britain last year. Now <i>Days of Anger<\/i> has arrived in English, too, having won the Prix Femina and many critical accolades, all of them deserved.\u201d<br \/>\n&#8211;Wikipedia article on Napoleon_III \u00a0<a href=\"http:\/\/en.wikipedia.org\/wiki\/Napoleon_III\">http:\/\/en.wikipedia.org\/wiki\/Napoleon_III<\/a><br \/>\n&#8211;Wikipedia article on Flanders \u00a0<a href=\"http:\/\/en.wikipedia.org\/wiki\/Flanders\">http:\/\/en.wikipedia.org\/wiki\/Flanders<\/a><br \/>\n&#8211;Wikipedia on Alsace-Lorraine <a href=\"http:\/\/en.wikipedia.org\/wiki\/Alsace-Lorraine\">http:\/\/en.wikipedia.org\/wiki\/Alsace-Lorraine<\/a><br \/>\n&#8211;Hypertext <i>Book of Hours<\/i> <a href=\"http:\/\/medievalist.net\/hourstxt\/home.htm\">http:\/\/medievalist.net\/hourstxt\/home.htm<\/a><br \/>\n&#8211;Chambers&#8217; 1869 <i>The Book of Days<\/i> <a href=\"http:\/\/www.thebookofdays.com\/\">http:\/\/www.thebookofdays.com\/<\/a><br \/>\n&#8212;<a href=\"http:\/\/pages.charlotte.edu\/katherine-stephenson\/wp-content\/uploads\/sites\/221\/2012\/12\/Symbolism-of-the-number-7.doc\">Symbolism of the number 7<\/a><br \/>\n&#8212;<a href=\"http:\/\/pages.charlotte.edu\/katherine-stephenson\/wp-content\/uploads\/sites\/221\/2012\/12\/GermainCharNotesI_II.doc\"><i>The Book of Nights<\/i> Notes on Characters I &amp; II<\/a><br \/>\n<strong>American Culture<\/strong><br \/>\n<strong>Literary Theory<\/strong><br \/>\n<a href=\"https:\/\/scholarblogs.emory.edu\/postcolonialstudies\/2014\/06\/21\/magical-realism\/\">&#8211;Moore&#8217;s Magical Realism Page, Emory University<\/a><br \/>\n&#8211;Quotes from\u00a0Muriel\u00a0Schmid, \u201cTopic of Lament: Sylvie Germain&#8217;s &#8216;invitation to a Journey&#8217; and the Memory of Evil\u201d:\u00a0<a href=\"http:\/\/www.jstor.org.librarylink.uncc.edu\/stable\/40060072?loginSuccess=true&amp;seq=2#page_scan_tab_contents\">http:\/\/www.jstor.org.librarylink.uncc.edu\/stable\/40060072?loginSuccess=true&amp;seq=2#page_scan_tab_contents<\/a><br \/>\n&#8211;Definition of magical realism ( <a href=\"https:\/\/en.wikipedia.org\/wiki\/Magic_realism\">https:\/\/en.wikipedia.org\/wiki\/Magic_realism<\/a> )<br \/>\n&#8211;Symbolic meaning of the number 7: (<a href=\"http:\/\/www.britannica.com\/topic\/number-symbolism\">http:\/\/www.britannica.com\/topic\/number-symbolism<\/a> )<br \/>\n&#8211;Presentation Outline:\u00a0<a href=\"https:\/\/pages.charlotte.edu\/katherine-stephenson\/wp-content\/uploads\/sites\/221\/2012\/12\/BookofNights.docx\" rel=\"\">BookofNights<\/a><\/td>\n<\/tr>\n<\/tbody>\n<\/table>\n<h3 id=\"so-vaste-the-prison\">So Vaste the Prison<\/h3>\n<table>\n<tbody>\n<tr>\n<td width=\"320\"><img decoding=\"async\" title=\"so_vast_the_prison\" src=\"http:\/\/pages.charlotte.edu\/katherine-stephenson\/wp-content\/uploads\/sites\/221\/2012\/11\/so_vast_the_prison.jpg\" alt=\"\" width=\"300\" \/><\/td>\n<td><strong>Assia Djebar<\/strong><br \/>\n&#8212;<em>So Vast the Prison<\/em> <a href=\"https:\/\/pages.charlotte.edu\/katherine-stephenson\/wp-content\/uploads\/sites\/221\/2012\/12\/ADjebarSoVastTOC.doc\" rel=\"\">table of contents<br \/>\n<\/a>&#8212;<a href=\"http:\/\/en.wikipedia.org\/wiki\/Assia_Djebar\">Wikipedia Encyclopedia entry on Assia Djebar<br \/>\n<\/a><a href=\"http:\/\/en.wikipedia.org\/wiki\/Assia_Djebar\">&#8212;<\/a><a href=\"https:\/\/scholarblogs.emory.edu\/postcolonialstudies\/2014\/06\/10\/djebar-assia\/\">Emory University Postcolonial Studies entry on Djebar<br \/>\n<\/a>&#8212;<a href=\"http:\/\/www.culturebase.net\/artist.php?436\">International Artist Database entry on Djebar<\/a><br \/>\n<strong>American Culture<\/strong><\/td>\n<\/tr>\n<\/tbody>\n<\/table>\n<h3 id=\"persepolis\">Persepolis<\/h3>\n<table>\n<tbody>\n<tr>\n<td width=\"320\"><a href=\"http:\/\/pages.charlotte.edu\/katherine-stephenson\/wp-content\/uploads\/sites\/221\/2012\/11\/Persepolis-book.jpg\"><img loading=\"lazy\" decoding=\"async\" class=\"aligncenter size-full wp-image-1261\" src=\"http:\/\/pages.charlotte.edu\/katherine-stephenson\/wp-content\/uploads\/sites\/221\/2012\/11\/Persepolis-book.jpg\" alt=\"Persepolis book\" width=\"225\" height=\"225\" srcset=\"https:\/\/pages.charlotte.edu\/katherine-stephenson\/wp-content\/uploads\/sites\/221\/2012\/11\/Persepolis-book.jpg 225w, https:\/\/pages.charlotte.edu\/katherine-stephenson\/wp-content\/uploads\/sites\/221\/2012\/11\/Persepolis-book-150x150.jpg 150w\" sizes=\"auto, (max-width: 225px) 100vw, 225px\" \/><\/a><\/td>\n<td><strong>Marjane Satrapi<\/strong><br \/>\n&#8211;The 50 Best Non-Superhero Graphic Novels:\u00a0<a href=\"http:\/\/www.rollingstone.com\/culture\/lists\/drawn-out-the-50-best-non-superhero-graphic-novels-20140505\/king-cat-john-porcellino-19691231\" target=\"_blank\">http:\/\/www.rollingstone.com\/culture\/lists\/drawn-out-the-50-best-non-superhero-graphic-novels-20140505\/king-cat-john-porcellino-19691231<\/a><br \/>\n&#8211;Malala Yousafazai&#8217;s fight for worldwide education for girls and women:\u00a0<a href=\"http:\/\/mic.com\/articles\/101072\/8-ways-malala-has-made-the-world-better-for-women#.zyLhthqYb\" target=\"_blank\">http:\/\/mic.com\/articles\/101072\/8-ways-malala-has-made-the-world-better-for-women#.zyLhthqYb<\/a><br \/>\n&#8211;100 years of Iranian women&#8217;s fashion in one minute:\u00a0<a href=\"http:\/\/boingboing.net\/2015\/02\/20\/100-years-of-iranian-womens.html\" target=\"_blank\">http:\/\/boingboing.net\/2015\/02\/20\/100-years-of-iranian-womens.html<\/a><br \/>\n&#8211;Eurythmics &#8211; Sisters Are Doin&#8217; It for Themselves:\u00a0<a href=\"https:\/\/www.youtube.com\/watch?v=drGx7JkFSp4\" target=\"_blank\">https:\/\/www.youtube.com\/watch?v=drGx7JkFSp4<\/a><br \/>\n&#8211;Top 8 Reasons why Teens Try Alcohol and Drugs:\u00a0<a href=\"http:\/\/www.drugfree.org\/resources\/top-8-reasons-why-teens-try-alcohol-and-drugs\/\" target=\"_blank\">http:\/\/www.drugfree.org\/resources\/top-8-reasons-why-teens-try-alcohol-and-drugs\/<\/a><\/td>\n<\/tr>\n<\/tbody>\n<\/table>\n<h3 id=\"other-links\">Other Links<\/h3>\n<p><strong>Women Writers<\/strong><br \/>\n<a href=\"https:\/\/pages.charlotte.edu\/katherine-stephenson\/wp-content\/uploads\/sites\/221\/2012\/12\/HolmesHW.doc\" rel=\"\">Characteristics of French Women&#8217;s Writing<\/a><\/p>\n","protected":false},"excerpt":{"rendered":"<p>Books French Women&#8217;s Writing Center for the Study of Contemporary Women&#8217;s Writing http:\/\/www.igrs.sas.ac.uk\/centre-study-contemporary-womens-writing Women in French www.english.womeninfrench.org\/ A Frozen Woman Annie Ernaux &#8211;Complete Review Site on Ernaux &#8211;Annie Ernaux on Wikipedia &#8211;Annie Ernaux on Questia &#8211;Vid\u00e9o d&#8217;Annie Ernaux sur &#8220;1 Livre 1 Jour&#8221; &#8211;Vid\u00e9os d&#8217;Annie Ernaux &#8211;Pictures of Ernaux American Culture &#8212;New Moon Magazine for [&hellip;]<\/p>\n","protected":false},"author":64,"featured_media":0,"parent":258,"menu_order":50,"comment_status":"closed","ping_status":"open","template":"","meta":{"jetpack_post_was_ever_published":false,"footnotes":""},"class_list":["post-873","page","type-page","status-publish","hentry"],"jetpack_shortlink":"https:\/\/wp.me\/P2WAwc-e5","jetpack_sharing_enabled":true,"_links":{"self":[{"href":"https:\/\/pages.charlotte.edu\/katherine-stephenson\/wp-json\/wp\/v2\/pages\/873","targetHints":{"allow":["GET"]}}],"collection":[{"href":"https:\/\/pages.charlotte.edu\/katherine-stephenson\/wp-json\/wp\/v2\/pages"}],"about":[{"href":"https:\/\/pages.charlotte.edu\/katherine-stephenson\/wp-json\/wp\/v2\/types\/page"}],"author":[{"embeddable":true,"href":"https:\/\/pages.charlotte.edu\/katherine-stephenson\/wp-json\/wp\/v2\/users\/64"}],"replies":[{"embeddable":true,"href":"https:\/\/pages.charlotte.edu\/katherine-stephenson\/wp-json\/wp\/v2\/comments?post=873"}],"version-history":[{"count":64,"href":"https:\/\/pages.charlotte.edu\/katherine-stephenson\/wp-json\/wp\/v2\/pages\/873\/revisions"}],"predecessor-version":[{"id":2474,"href":"https:\/\/pages.charlotte.edu\/katherine-stephenson\/wp-json\/wp\/v2\/pages\/873\/revisions\/2474"}],"up":[{"embeddable":true,"href":"https:\/\/pages.charlotte.edu\/katherine-stephenson\/wp-json\/wp\/v2\/pages\/258"}],"wp:attachment":[{"href":"https:\/\/pages.charlotte.edu\/katherine-stephenson\/wp-json\/wp\/v2\/media?parent=873"}],"curies":[{"name":"wp","href":"https:\/\/api.w.org\/{rel}","templated":true}]}}