
{"id":5,"date":"2012-10-25T22:04:15","date_gmt":"2012-10-25T22:04:15","guid":{"rendered":"http:\/\/pages.charlotte.edu\/template-faculty01\/?page_id=5"},"modified":"2015-01-31T13:39:44","modified_gmt":"2015-01-31T13:39:44","slug":"home","status":"publish","type":"page","link":"https:\/\/pages.charlotte.edu\/maria-mahaffrey\/","title":{"rendered":"Home"},"content":{"rendered":"<p><a href=\"http:\/\/pages.charlotte.edu\/maria-mahaffrey\/wp-content\/uploads\/sites\/279\/2012\/10\/MMahaffey.jpg\"><img loading=\"lazy\" decoding=\"async\" class=\"alignright size-thumbnail wp-image-32\" src=\"http:\/\/pages.charlotte.edu\/maria-mahaffrey\/wp-content\/uploads\/sites\/279\/2012\/10\/MMahaffey-150x150.jpg\" alt=\"Maria Mahaffey Headshot\" width=\"150\" height=\"150\" \/><\/a><\/p>\n<p><strong>Education<\/strong><\/p>\n<ul>\n<li>M.A., Spanish Language and Culture, Universidad de Granada, Spain<\/li>\n<li>B.A., Universidad Auton\u00f3ma, de Quer\u00e9taro, M\u00e9xico<\/li>\n<li>Certificate in Simultaneous Interpretation from Spanish into English, University of Hawaii at Manoa<\/li>\n<\/ul>\n<p>Mar\u00eda Mahaffey has worked as a translator and interpreter in Mexico, and taught Spanish and English in Mexico and the United States.\u00a0 Mar\u00eda Mahaffey has been teaching for the Department of Languages and Culture Studies since 1998.<\/p>\n","protected":false},"excerpt":{"rendered":"<p>Education M.A., Spanish Language and Culture, Universidad de Granada, Spain B.A., Universidad Auton\u00f3ma, de Quer\u00e9taro, M\u00e9xico Certificate in Simultaneous Interpretation from Spanish into English, University of Hawaii at Manoa Mar\u00eda Mahaffey has worked as a translator and interpreter in Mexico, and taught Spanish and English in Mexico and the United States.\u00a0 Mar\u00eda Mahaffey has been [&hellip;]<\/p>\n","protected":false},"author":163,"featured_media":0,"parent":0,"menu_order":0,"comment_status":"closed","ping_status":"open","template":"","meta":{"footnotes":""},"class_list":["post-5","page","type-page","status-publish","hentry"],"jetpack_sharing_enabled":true,"_links":{"self":[{"href":"https:\/\/pages.charlotte.edu\/maria-mahaffrey\/wp-json\/wp\/v2\/pages\/5","targetHints":{"allow":["GET"]}}],"collection":[{"href":"https:\/\/pages.charlotte.edu\/maria-mahaffrey\/wp-json\/wp\/v2\/pages"}],"about":[{"href":"https:\/\/pages.charlotte.edu\/maria-mahaffrey\/wp-json\/wp\/v2\/types\/page"}],"author":[{"embeddable":true,"href":"https:\/\/pages.charlotte.edu\/maria-mahaffrey\/wp-json\/wp\/v2\/users\/163"}],"replies":[{"embeddable":true,"href":"https:\/\/pages.charlotte.edu\/maria-mahaffrey\/wp-json\/wp\/v2\/comments?post=5"}],"version-history":[{"count":11,"href":"https:\/\/pages.charlotte.edu\/maria-mahaffrey\/wp-json\/wp\/v2\/pages\/5\/revisions"}],"predecessor-version":[{"id":35,"href":"https:\/\/pages.charlotte.edu\/maria-mahaffrey\/wp-json\/wp\/v2\/pages\/5\/revisions\/35"}],"wp:attachment":[{"href":"https:\/\/pages.charlotte.edu\/maria-mahaffrey\/wp-json\/wp\/v2\/media?parent=5"}],"curies":[{"name":"wp","href":"https:\/\/api.w.org\/{rel}","templated":true}]}}