
{"id":5,"date":"2012-10-25T22:04:15","date_gmt":"2012-10-25T22:04:15","guid":{"rendered":"http:\/\/pages.charlotte.edu\/template-faculty01\/?page_id=5"},"modified":"2021-09-23T15:22:05","modified_gmt":"2021-09-23T15:22:05","slug":"home","status":"publish","type":"page","link":"https:\/\/pages.charlotte.edu\/oscar-de-la-torre-cueva\/","title":{"rendered":"Home"},"content":{"rendered":"<p>Oscar de la Torre is Associate Professor of Africana Studies at UNC Charlotte. He obtained a PhD in History at the University of Pittsburgh in 2011, and a Post-Doctoral Fellowship at Yale University\u2019s Gilder-Lehrman Center for the Study of Slavery, Resistance, and Abolition, in 2014.<\/p>\n<p>He investigates slavery and the post-emancipation period in Brazil, Cuba, and the USA, with a special focus on the connections between environment, labor, and identity. He is also interested in the history of Amazonia; in the oral history of slavery; in present-day Black peasant movements across the Americas; and in the comparative analysis of race relations in Latin America and the U.S.<\/p>\n<p>De la Torre is the author of <em>The People of the River <\/em>(UNC Press, 2018), a social and environmental history of black communities in Amazonia that won the 2019 Outstanding First Book Award of ASWAD, the Association for the Study of the Worldwide African Diaspora, the 2020 Best Book on Amazonian Studies Prize from LASA&#8217;s Amazonia Section, and an Honorary Mention from the Brazilian Studies Association. He has also co-edited special issues at <em>Bolet\u00edn Americanista<\/em> on post-emancipation societies, and at <em>Ofo: Journal of Transatlantic Studies<\/em> on community engagement in the African Diaspora. He has served as a book and article reviewer for <em>Hispanic American Historical Review, The Americas, The Journal of African American Studies, Latin American Research Review<\/em>, and many others. Dr. De la Torre remains engaged in a permanent dialogue with scholars and activists from the U.S., Brazil, Cuba, and Europe, and enjoys surprising the students with the unexpected features of race relations in Latin America.<\/p>\n<p><a href=\"https:\/\/www.uncpress.org\/book\/9781469643243\/the-people-of-the-river\/\"><img loading=\"lazy\" decoding=\"async\" class=\"size-medium wp-image-121 aligncenter\" src=\"http:\/\/pages.charlotte.edu\/oscar-de-la-torre-cueva\/wp-content\/uploads\/sites\/574\/2018\/08\/People-of-the-River-book-cover-199x300.png\" alt=\"\" width=\"199\" height=\"300\" srcset=\"https:\/\/pages.charlotte.edu\/oscar-de-la-torre-cueva\/wp-content\/uploads\/sites\/574\/2018\/08\/People-of-the-River-book-cover-199x300.png 199w, https:\/\/pages.charlotte.edu\/oscar-de-la-torre-cueva\/wp-content\/uploads\/sites\/574\/2018\/08\/People-of-the-River-book-cover.png 280w\" sizes=\"auto, (max-width: 199px) 100vw, 199px\" \/><\/a><\/p>\n<p style=\"text-align: center\">ASWAD&#8217;s inaugural <a href=\"http:\/\/aswadiaspora.org\/aswad-2019-book-and-article-prizes\/\">Outstanding First Book Prize,<\/a> 2019.<\/p>\n<p style=\"text-align: center\">LASA&#8217;s <a href=\"https:\/\/amazonialasa.weebly.com\/awards.html\">Best Book on Amazonian Studies<\/a>, 2020.<\/p>\n<p style=\"text-align: center\">BRASA&#8217;s Honorary Mention, <a href=\"https:\/\/brasa.org\/roberto-reis-book-award\/\">Roberto Reis Book Award<\/a>, 2019.<\/p>\n<p style=\"text-align: center\"><em>Buy it at <a href=\"https:\/\/www.uncpress.org\/book\/9781469643243\/the-people-of-the-river\/\">UNC Press<\/a>, <a href=\"https:\/\/www.amazon.com\/People-River-Identity-Amazonia-1835-1945\/dp\/1469643235\">Amazon<\/a>,\u00a0<\/em>or\u00a0<a href=\"https:\/\/www.barnesandnoble.com\/w\/the-people-of-the-river-oscar-de-la-torre\/1128220096?ean=9781469643250\"><em>Barnes and Noble<\/em><\/a><\/p>\n<p>My current research is a study of the coexistence of inter-racial experiences and racist ideas in Matanzas (Cuba) in the realms of labor, leisure, and disease between 1833 and 1898.<\/p>\n<p><a href=\"http:\/\/pages.charlotte.edu\/oscar-de-la-torre-cueva\/wp-content\/uploads\/sites\/574\/2020\/01\/Oscar-de-la-Torre-book-award-2-scaled.jpg\"><img loading=\"lazy\" decoding=\"async\" class=\"aligncenter wp-image-143 size-medium\" src=\"http:\/\/pages.charlotte.edu\/oscar-de-la-torre-cueva\/wp-content\/uploads\/sites\/574\/2020\/01\/Oscar-de-la-Torre-book-award-2-300x200.jpg\" alt=\"\" width=\"300\" height=\"200\" srcset=\"https:\/\/pages.charlotte.edu\/oscar-de-la-torre-cueva\/wp-content\/uploads\/sites\/574\/2020\/01\/Oscar-de-la-Torre-book-award-2-300x200.jpg 300w, https:\/\/pages.charlotte.edu\/oscar-de-la-torre-cueva\/wp-content\/uploads\/sites\/574\/2020\/01\/Oscar-de-la-Torre-book-award-2-1024x684.jpg 1024w, https:\/\/pages.charlotte.edu\/oscar-de-la-torre-cueva\/wp-content\/uploads\/sites\/574\/2020\/01\/Oscar-de-la-Torre-book-award-2-768x513.jpg 768w, https:\/\/pages.charlotte.edu\/oscar-de-la-torre-cueva\/wp-content\/uploads\/sites\/574\/2020\/01\/Oscar-de-la-Torre-book-award-2-1536x1025.jpg 1536w, https:\/\/pages.charlotte.edu\/oscar-de-la-torre-cueva\/wp-content\/uploads\/sites\/574\/2020\/01\/Oscar-de-la-Torre-book-award-2-2048x1367.jpg 2048w\" sizes=\"auto, (max-width: 300px) 100vw, 300px\" \/><\/a><\/p>\n<p><strong>Fields of Expertise:<\/strong><\/p>\n<p><strong>African Diaspora in Latin America<\/strong> (slavery; maroons; post-emancipation period; oral history; death and disease); <strong>History of<\/strong>\u00a0<strong>Brazil, Amazonia, and Cuba (19<sup>th<\/sup> and 20<sup>th<\/sup> century); Environmental Studies <\/strong>(commodity history, labor and environment); <strong>Atlantic World History<\/strong> (slavery, revolution).<\/p>\n<p><strong>Recent Publications:<\/strong><\/p>\n<p><strong>Books<\/strong><\/p>\n<p><em>The People of the River: Identity and Environment in Black Amazonia, 1835-1945.\u00a0<\/em>Chapel Hill, NC: University of North Carolina Press, 2018.<\/p>\n<ul>\n<li>Winner of 2019 Outstanding First Book Prize by ASWAD.<\/li>\n<\/ul>\n<p><b>Edited Issues in Peer-Reviewed Journals<\/b><\/p>\n<p>With Lavi\u00f1a, Javier. \u201cLa Post-Emancipaci\u00f3n en el Mundo Atl\u00e1ntico: S\u00edntesis y Nuevas Perspectivas de An\u00e1lisis,\u201d\u00a0<i>Bolet\u00edn Americanista\u00a0<\/i>(forthcoming).<\/p>\n<p>With Ogundiran, Akinwumi. \u201cCommunity Engagement and Citizen Empowerment in Africa and the African Diaspora,\u201d\u00a0<i>Ofo: Journal of Transatlantic Studies<\/i>, nos. 1 &amp; 2 (June\/December 2013).<\/p>\n<p><strong>Peer-Reviewed Articles<\/strong><strong>\u00a0<\/strong><\/p>\n<p>\u201cPlaces of Memory and Time Slips: Narratives of the \u2018Good Master\u2019 and the History of Brazilian Slavery,\u201d <em>Oral History Review <\/em>44, Issue 2, September 2017, 237\u2013259. <em>\u00a0<\/em><\/p>\n<p>\u201cLos Ambiguos Efectos de la Fluidez y la Contingencia: La Post-emancipaci\u00f3n en el Brasil Frontera (Amazon\u00eda, 1888-1950)\u201d in \u201cLa Postemancipaci\u00f3n en las Am\u00e9ricas: S\u00edntesis y Nuevas Perspectivas de An\u00e1lisis\u201d, ed. Oscar de la Torre and Javier Lavi\u00f1a, <em>Bolet\u00edn Americanista<\/em> 68 (2014), 101-120.<\/p>\n<p>\u201c\u201cAre They Really Quilombos?\u201d Black Peasants, Politics, and the Meaning of Quilombo in Present-day Brazil,\u201d <em>Ofo: Journal of Trans-Atlantic Studies<\/em> 3, nos. 1 &amp; 2 (June\/December 2013), 101-122.<\/p>\n<p>\u201c\u201cThe Land is Ours and We Are Free to Do All that We Want\u201d: <em>Quilombos <\/em>and Black Protest in Amazonia, Brazil, 1917-1929,\u201d <em>The Latin Americanist <\/em>56, no. 4 (2012)<em>, <\/em>33-56.<\/p>\n<p>\u201cO Carimb\u00f3 e a Hist\u00f3ria Social da Grande Vigia, Par\u00e1, 1900-1950,\u201d <em>Revista Estudos Amaz\u00f4nicos <\/em>IV, no. 2 (Bel\u00e9m, Brazil), 2010, 113-150.<\/p>\n<p>\u201cLatinoamericanos en la Zona Bastarda: influencia latinoamericana en la cultura y la pol\u00edtica barcelonesas, 1980-2005\u201d, in <em>Osamayor <\/em>17 [Pittsburgh-PA], 2006, pp. 81-95.<\/p>\n<p><strong>Book Chapters<\/strong><\/p>\n<p>With Paulo Cordeiro, \u201cMundos Sociais em Movimento: As Letras do Carimb\u00f3 na Vigia,\u201d in Paulo Cordeiro, <em>O Carimb\u00f3 na Vigia <\/em>(Vigia \u2013 PA, Brazil: Edi\u00e7\u00e3o do Autor, 2010), 128-158.<\/p>\n<p><strong>Book Reviews<\/strong><\/p>\n<p>Review of <em>Frontiers of Citizenship: A Black and Indigenous History of Postcolonial Brazil<\/em> by Yuko Miki, <em>The Americas<\/em> 76 (4), 720-721.<\/p>\n<p>Review of <em>Landscapes of Freedom: Building a Postemancipation Society in the Rainforests of Western Colombia<\/em> by Claudia Leal, <em>Hispanic American Historical Review<\/em> 99 (3), 566-568.<\/p>\n<p>Review of <em>An African American and Latinx History of the United States<\/em>, by Paul Ortiz,<em> Journal of African American History <\/em>104 (4), 719-721.<\/p>\n<p>Review of Matthias R\u00f6hrig Assun\u00e7\u00e3o, <em>De caboclos a bem-te-vis. <\/em><em>Forma\u00e7\u00e3o do campesinato numa sociedade escravista: Maranh\u00e3o 1800-1850<\/em> (S\u00e3o Paulo: Annablume, 2015). <em>Bulletin of Latin American Research<\/em> 37, no. 3 (2018), 370-372.<\/p>\n<p>\u201cCrossroads and Transformations: New Scholarship on Abolition and the Post-Emancipation Period in Brazil,\u201d bibliographic essay about Celso Castilho, <em>Slave Emancipation and Transformations in Brazilian Political Citizenship<\/em> (University of Pittsburgh Press, 2016), and Walter Fraga, <em>Crossroads of Freedom: Slaves and Freed People in Bahia, Brazil, 1870-1910<\/em> (Duke University Press, 2016), <em>Estudios Interdisciplinarios de Am\u00e9rica Latina y el Caribe <\/em>28, no.2 (2017), 136-138.<\/p>\n<p>Review of Peter M. Beattie, <em>Punishment in Paradise: Race, Slavery, Human Rights, and a Nineteenth-Century Brazilian Penal Colony <\/em>(Durham, NC: Duke University Press, 2015), <em>Canadian Journal of History <\/em>52, no. 1 (2017), 168-170.<\/p>\n<p>Review of Camilia Cowling, <em>Conceiving Freedom: Women of Color, Gender, and the Abolition of Slavery in Havana and Rio de Janeiro <\/em>(Chapel Hill: UNC Press, 2013), <em>Afro-\u00c1sia <\/em>51 (2016), 283-286.<\/p>\n<p>Review of T\u00e2mis Parron, <em>A Pol\u00edtica da Escravid\u00e3o no Imp\u00e9rio do Brasil, 1826-1865\u00a0<\/em>(Rio de Janeiro: Civiliza\u00e7\u00e3o Brasileira, 2011), <em>Hispanic American Historical Review<\/em> 93 (2013), 125-127.<\/p>\n<p>Review of Timothy James Lockley, <em>Maroon Communities in South Carolina: A Documentary Record<\/em> (Columbia, SC: University of South Carolina Press, 2009). <em>Florida Historical Quarterly <\/em>88, no.2 (2009), 280-282.<\/p>\n<p>Review of James P. Woodward, <em>A Place<\/em><em> in Politics: S\u00e3o Paulo, Brazil, from Seigneurial Republicanism to Regionalist Revolt <\/em>(Durham and London: Duke University Press, 2009). <em>Chronicle of Historical Studies<\/em> Vol. 6 (Winter 2008-2009), 260-263<em>.<\/em><\/p>\n<p><b>Book Translation<\/b><\/p>\n<p>George Reid Andrews, <i>Afro-Latinoam\u00e9rica, 1800-2000<\/i>, Madrid: Iberoamericana Vervuert, 2007. English to Spanish.<\/p>\n<p><strong>Works in Progress<\/strong><\/p>\n<p>Thrown in the Cesspool: Godless Burials, Death, and Religion in Amazonian Plantations, 1780s-1888. Article manuscript. Target publication: <em>Slavery &amp; Abolition. <\/em><\/p>\n\n\n<p><\/p>\n","protected":false},"excerpt":{"rendered":"<p>Oscar de la Torre is Associate Professor of Africana Studies at UNC Charlotte. He obtained a PhD in History at the University of Pittsburgh in 2011, and a Post-Doctoral Fellowship at Yale University\u2019s Gilder-Lehrman Center for the Study of Slavery, Resistance, and Abolition, in 2014. He investigates slavery and the post-emancipation period in Brazil, Cuba, [&hellip;]<\/p>\n","protected":false},"author":1,"featured_media":0,"parent":0,"menu_order":0,"comment_status":"closed","ping_status":"open","template":"","meta":{"jetpack_post_was_ever_published":false,"footnotes":""},"coauthors":[4],"class_list":["post-5","page","type-page","status-publish","hentry"],"jetpack_shortlink":"https:\/\/wp.me\/P3IZIw-5","jetpack_sharing_enabled":true,"_links":{"self":[{"href":"https:\/\/pages.charlotte.edu\/oscar-de-la-torre-cueva\/wp-json\/wp\/v2\/pages\/5","targetHints":{"allow":["GET"]}}],"collection":[{"href":"https:\/\/pages.charlotte.edu\/oscar-de-la-torre-cueva\/wp-json\/wp\/v2\/pages"}],"about":[{"href":"https:\/\/pages.charlotte.edu\/oscar-de-la-torre-cueva\/wp-json\/wp\/v2\/types\/page"}],"author":[{"embeddable":true,"href":"https:\/\/pages.charlotte.edu\/oscar-de-la-torre-cueva\/wp-json\/wp\/v2\/users\/1"}],"replies":[{"embeddable":true,"href":"https:\/\/pages.charlotte.edu\/oscar-de-la-torre-cueva\/wp-json\/wp\/v2\/comments?post=5"}],"version-history":[{"count":29,"href":"https:\/\/pages.charlotte.edu\/oscar-de-la-torre-cueva\/wp-json\/wp\/v2\/pages\/5\/revisions"}],"predecessor-version":[{"id":162,"href":"https:\/\/pages.charlotte.edu\/oscar-de-la-torre-cueva\/wp-json\/wp\/v2\/pages\/5\/revisions\/162"}],"wp:attachment":[{"href":"https:\/\/pages.charlotte.edu\/oscar-de-la-torre-cueva\/wp-json\/wp\/v2\/media?parent=5"}],"wp:term":[{"taxonomy":"author","embeddable":true,"href":"https:\/\/pages.charlotte.edu\/oscar-de-la-torre-cueva\/wp-json\/wp\/v2\/coauthors?post=5"}],"curies":[{"name":"wp","href":"https:\/\/api.w.org\/{rel}","templated":true}]}}